{"id":1131,"date":"2024-09-10T18:16:07","date_gmt":"2024-09-10T16:16:07","guid":{"rendered":"https:\/\/mandaris.nextron.org\/?page_id=1131"},"modified":"2024-11-11T13:45:17","modified_gmt":"2024-11-11T11:45:17","slug":"alexandre-von-heeren","status":"publish","type":"page","link":"https:\/\/mandaris.com\/de\/portrait\/unsere-mitarbeitenden\/alexandre-von-heeren\/","title":{"rendered":"Alexandre von Heeren"},"content":{"rendered":"\n<p><strong>Lic. iur., LL.M. (International Banking and Finance Law)<br>Managing Partner, Pr\u00e4sident des Verwaltungsrates<\/strong><\/p>\n\n\n\n<p>Sprachen: Deutsch\/Franz\u00f6sisch zweisprachig, Englisch<\/p>\n\n\n\n<p>Alexandre von Heeren leitet die Bereiche Private Clients und Fonds\/Securitisation und ber\u00e4t in Fragen zu internationalem Steuerrecht, Finanzierungen, Fondsstrukturen, Gr\u00fcndung und F\u00fchrung von Unternehmen, Trusts und Strukturen sowie Standortwechsel von Einzelpersonen und Unternehmen.<\/p>\n\n\n\n<p>Nachdem er f\u00fcr diverse Grossbanken t\u00e4tig war, trat Alexandre von Heeren 1998 in die Mandaris AG ein. Er&nbsp;ist Mitglied der Society of Trust &amp; Estate Practitioners, der International Bar Association und der International Fiscal Association und regelm\u00e4ssiger Sprecher bei Seminaren. Von 2012 &#8211; 2019 war er Vorsitzender der Swiss Association of Trust Companies&nbsp;SATC.<\/p>\n","protected":false},"excerpt":{"rendered":"<p>Lic. iur., LL.M. (International Banking and Finance Law)Managing Partner, Pr\u00e4sident des Verwaltungsrates Sprachen: Deutsch\/Franz\u00f6sisch zweisprachig, Englisch Alexandre von Heeren leitet die Bereiche Private Clients und Fonds\/Securitisation und ber\u00e4t in Fragen zu internationalem Steuerrecht, Finanzierungen, Fondsstrukturen, Gr\u00fcndung und F\u00fchrung von Unternehmen, Trusts und Strukturen sowie Standortwechsel von Einzelpersonen und Unternehmen. Nachdem er f\u00fcr diverse Grossbanken t\u00e4tig [&hellip;]<\/p>\n","protected":false},"author":3,"featured_media":147,"parent":1129,"menu_order":4,"comment_status":"closed","ping_status":"closed","template":"views\/page-employee.php","meta":{"_acf_changed":false,"_seopress_robots_primary_cat":"","_seopress_titles_title":"","_seopress_titles_desc":"","_seopress_robots_index":"","footnotes":""},"class_list":["post-1131","page","type-page","status-publish","has-post-thumbnail","hentry"],"acf":[],"_links":{"self":[{"href":"https:\/\/mandaris.com\/de\/wp-json\/wp\/v2\/pages\/1131","targetHints":{"allow":["GET"]}}],"collection":[{"href":"https:\/\/mandaris.com\/de\/wp-json\/wp\/v2\/pages"}],"about":[{"href":"https:\/\/mandaris.com\/de\/wp-json\/wp\/v2\/types\/page"}],"author":[{"embeddable":true,"href":"https:\/\/mandaris.com\/de\/wp-json\/wp\/v2\/users\/3"}],"replies":[{"embeddable":true,"href":"https:\/\/mandaris.com\/de\/wp-json\/wp\/v2\/comments?post=1131"}],"version-history":[{"count":4,"href":"https:\/\/mandaris.com\/de\/wp-json\/wp\/v2\/pages\/1131\/revisions"}],"predecessor-version":[{"id":1422,"href":"https:\/\/mandaris.com\/de\/wp-json\/wp\/v2\/pages\/1131\/revisions\/1422"}],"up":[{"embeddable":true,"href":"https:\/\/mandaris.com\/de\/wp-json\/wp\/v2\/pages\/1129"}],"wp:featuredmedia":[{"embeddable":true,"href":"https:\/\/mandaris.com\/de\/wp-json\/wp\/v2\/media\/147"}],"wp:attachment":[{"href":"https:\/\/mandaris.com\/de\/wp-json\/wp\/v2\/media?parent=1131"}],"curies":[{"name":"wp","href":"https:\/\/api.w.org\/{rel}","templated":true}]}}