{"id":131,"date":"2024-09-05T07:16:21","date_gmt":"2024-09-05T07:16:21","guid":{"rendered":"https:\/\/mandaris.nextron.org\/?page_id=131"},"modified":"2024-10-09T14:57:53","modified_gmt":"2024-10-09T12:57:53","slug":"portrait","status":"publish","type":"page","link":"https:\/\/mandaris.com\/de\/portrait\/","title":{"rendered":"Portrait"},"content":{"rendered":"\n<h2 class=\"wp-block-heading\">Sie sind uns am wichtigsten<\/h2>\n\n\n\n<p>Mandaris ist eine sowohl national als auch international t\u00e4tige Treuhand- und Beratungsgesellschaft.\u00a0Als eines der \u00e4ltesten international t\u00e4tigen Treuhandunternehmen der Schweiz bieten wir unseren Kunden seit 1933 eine breite Palette an Dienstleistungen an. Unsere vier Gesch\u00e4ftsbereiche umfassen\u00a0<a href=\"https:\/\/mandaris.com\/de\/dienstleistungen\/rechts-und-steuerberatung\/\" data-type=\"page\" data-id=\"198\">Rechts- und Steuerberatung<\/a>,\u00a0<a href=\"https:\/\/mandaris.com\/de\/dienstleistungen\/treuhand-und-rechnungswesen\/\" data-type=\"page\" data-id=\"200\">Treuhand- und Buchhaltungsdienstleistungen<\/a>,\u00a0<a href=\"https:\/\/mandaris.com\/de\/dienstleistungen\/trusts-und-gesellschaften\/\" data-type=\"page\" data-id=\"202\">Trustee Services und Verwaltungen von Gesellschaften<\/a>\u00a0sowie\u00a0<a href=\"https:\/\/mandaris.com\/de\/dienstleistungen\/structured-finance1\/\" data-type=\"page\" data-id=\"204\">FinanzierungsL\u00f6sungen<\/a>.<\/p>\n\n\n\n<p>Kundentreue ist f\u00fcr uns viel mehr als ein Schlagwort. Es ist ein Versprechen, das wir halten. Deshalb sind nationale wie auch internationale Kundenbeziehungen, die wir seit zwei oder gar mehr Generationen pflegen, keine Seltenheit. Und damit dies auch f\u00fcr viele weitere Generationen so bleibt, stellen wir unser Wissen, unsere Zeit&nbsp; und unsere Pers\u00f6nlichkeit jedem unserer Kunden zur Verf\u00fcgung.<\/p>\n\n\n\n<p>Mit uns k\u00f6nnen Sie von einer Partnerschaft profitieren, die durch unsere nationale und internationale Erfahrung einerseits sowie durch unseren erstklassigen pers\u00f6nlichen, individuellen Service andererseits gepr\u00e4gt ist. Dass wir diese Versprechen sehr ernst nehmen, entnehmen Sie auch unserer\u00a0strategischen Ausrichtung\u00a0und unseren\u00a0<a href=\"https:\/\/mandaris.com\/de\/portrait\/fakten\/\" data-type=\"page\" data-id=\"146\">Fakten<\/a>.<\/p>\n","protected":false},"excerpt":{"rendered":"<p>Sie sind uns am wichtigsten Mandaris ist eine sowohl national als auch international t\u00e4tige Treuhand- und Beratungsgesellschaft.\u00a0Als eines der \u00e4ltesten international t\u00e4tigen Treuhandunternehmen der Schweiz bieten wir unseren Kunden seit 1933 eine breite Palette an Dienstleistungen an. Unsere vier Gesch\u00e4ftsbereiche umfassen\u00a0Rechts- und Steuerberatung,\u00a0Treuhand- und Buchhaltungsdienstleistungen,\u00a0Trustee Services und Verwaltungen von Gesellschaften\u00a0sowie\u00a0FinanzierungsL\u00f6sungen. Kundentreue ist f\u00fcr uns viel [&hellip;]<\/p>\n","protected":false},"author":3,"featured_media":133,"parent":0,"menu_order":1,"comment_status":"closed","ping_status":"closed","template":"","meta":{"_acf_changed":false,"_seopress_robots_primary_cat":"","_seopress_titles_title":"","_seopress_titles_desc":"","_seopress_robots_index":"","footnotes":""},"class_list":["post-131","page","type-page","status-publish","has-post-thumbnail","hentry"],"acf":[],"_links":{"self":[{"href":"https:\/\/mandaris.com\/de\/wp-json\/wp\/v2\/pages\/131","targetHints":{"allow":["GET"]}}],"collection":[{"href":"https:\/\/mandaris.com\/de\/wp-json\/wp\/v2\/pages"}],"about":[{"href":"https:\/\/mandaris.com\/de\/wp-json\/wp\/v2\/types\/page"}],"author":[{"embeddable":true,"href":"https:\/\/mandaris.com\/de\/wp-json\/wp\/v2\/users\/3"}],"replies":[{"embeddable":true,"href":"https:\/\/mandaris.com\/de\/wp-json\/wp\/v2\/comments?post=131"}],"version-history":[{"count":14,"href":"https:\/\/mandaris.com\/de\/wp-json\/wp\/v2\/pages\/131\/revisions"}],"predecessor-version":[{"id":1917,"href":"https:\/\/mandaris.com\/de\/wp-json\/wp\/v2\/pages\/131\/revisions\/1917"}],"wp:featuredmedia":[{"embeddable":true,"href":"https:\/\/mandaris.com\/de\/wp-json\/wp\/v2\/media\/133"}],"wp:attachment":[{"href":"https:\/\/mandaris.com\/de\/wp-json\/wp\/v2\/media?parent=131"}],"curies":[{"name":"wp","href":"https:\/\/api.w.org\/{rel}","templated":true}]}}