{"id":137,"date":"2024-09-05T07:47:08","date_gmt":"2024-09-05T07:47:08","guid":{"rendered":"https:\/\/mandaris.nextron.org\/?page_id=137"},"modified":"2024-09-05T09:24:59","modified_gmt":"2024-09-05T09:24:59","slug":"von-mensch-zu-mensch","status":"publish","type":"page","link":"https:\/\/mandaris.com\/de\/portrait\/von-mensch-zu-mensch\/","title":{"rendered":"Von Mensch zu Mensch"},"content":{"rendered":"\n<h2 class=\"wp-block-heading\">Sie sind einmalig<\/h2>\n\n\n\n<p>Unsere Kunden setzen seit unseren Anf\u00e4ngen 1933 grosses Vertrauen in uns. Aus guten Gr\u00fcnden, stellen wir unsere Kunden in den Mittelpunkt und suchen den Dialog. Nur so k\u00f6nnen wir Sie kennen, verstehen und vor allem sch\u00e4tzen lernen. Die Erarbeitung massgeschneiderter, hochqualifizierter, und innovativer L\u00f6sungen mit nachhaltigen Wirkungen f\u00fcr Privatpersonen, Unternehmer und Unternehmen im In- und Ausland sind das Ergebnis unserer gelebten Zusammenarbeit.<\/p>\n\n\n\n<p>Wir garantieren Ihnen eine umfassende Partnerschaft, auf die Sie sich verlassen k\u00f6nnen. In unserem Hause steht Ihnen stets ein auf Ihre Bed\u00fcrfnisse zusammengestelltes Spezialistenteam verschiedenster Fachbereiche zur Seite. Hier wird Teamgeist gelebt und eine offene Kommunikation wie auch eine faire Zusammenarbeit mit Gesch\u00e4ftspartnern, Beh\u00f6rden sowie Medien gesucht.<\/p>\n\n\n\n<p>Dabei bilden gesetzliche Rahmenbedingungen, die branchenspezifischen Regelungen sowie die regelm\u00e4ssigen Qualit\u00e4tskontrollen die Leitplanken unseres t\u00e4glichen Handelns.<\/p>\n\n\n\n<p><\/p>\n","protected":false},"excerpt":{"rendered":"<p>Sie sind einmalig Unsere Kunden setzen seit unseren Anf\u00e4ngen 1933 grosses Vertrauen in uns. Aus guten Gr\u00fcnden, stellen wir unsere Kunden in den Mittelpunkt und suchen den Dialog. Nur so k\u00f6nnen wir Sie kennen, verstehen und vor allem sch\u00e4tzen lernen. Die Erarbeitung massgeschneiderter, hochqualifizierter, und innovativer L\u00f6sungen mit nachhaltigen Wirkungen f\u00fcr Privatpersonen, Unternehmer und Unternehmen [&hellip;]<\/p>\n","protected":false},"author":3,"featured_media":145,"parent":131,"menu_order":18,"comment_status":"closed","ping_status":"closed","template":"","meta":{"_acf_changed":false,"_seopress_robots_primary_cat":"","_seopress_titles_title":"","_seopress_titles_desc":"","_seopress_robots_index":"","footnotes":""},"class_list":["post-137","page","type-page","status-publish","has-post-thumbnail","hentry"],"acf":[],"_links":{"self":[{"href":"https:\/\/mandaris.com\/de\/wp-json\/wp\/v2\/pages\/137","targetHints":{"allow":["GET"]}}],"collection":[{"href":"https:\/\/mandaris.com\/de\/wp-json\/wp\/v2\/pages"}],"about":[{"href":"https:\/\/mandaris.com\/de\/wp-json\/wp\/v2\/types\/page"}],"author":[{"embeddable":true,"href":"https:\/\/mandaris.com\/de\/wp-json\/wp\/v2\/users\/3"}],"replies":[{"embeddable":true,"href":"https:\/\/mandaris.com\/de\/wp-json\/wp\/v2\/comments?post=137"}],"version-history":[{"count":3,"href":"https:\/\/mandaris.com\/de\/wp-json\/wp\/v2\/pages\/137\/revisions"}],"predecessor-version":[{"id":162,"href":"https:\/\/mandaris.com\/de\/wp-json\/wp\/v2\/pages\/137\/revisions\/162"}],"up":[{"embeddable":true,"href":"https:\/\/mandaris.com\/de\/wp-json\/wp\/v2\/pages\/131"}],"wp:featuredmedia":[{"embeddable":true,"href":"https:\/\/mandaris.com\/de\/wp-json\/wp\/v2\/media\/145"}],"wp:attachment":[{"href":"https:\/\/mandaris.com\/de\/wp-json\/wp\/v2\/media?parent=137"}],"curies":[{"name":"wp","href":"https:\/\/api.w.org\/{rel}","templated":true}]}}