{"id":1429,"date":"2024-09-11T15:15:49","date_gmt":"2024-09-11T13:15:49","guid":{"rendered":"https:\/\/mandaris.nextron.org\/?page_id=1429"},"modified":"2024-11-11T13:45:53","modified_gmt":"2024-11-11T11:45:53","slug":"barbara-schnell","status":"publish","type":"page","link":"https:\/\/mandaris.com\/de\/portrait\/unsere-mitarbeitenden\/barbara-schnell\/","title":{"rendered":"Barbara Schnell"},"content":{"rendered":"\n<p><strong>MLaw, TEP\/Dip (ITM)<br>Non-Equity-Partner, Mitglied des Verwaltungsrates, Senior Mandatsleiterin Trusts and Companies<\/strong><\/p>\n\n\n\n<p>Sprachen: Deutsch, Englisch, Franz\u00f6sisch, Italienisch<\/p>\n\n\n\n<p>Barbara Schnell leitet den Bereich Trust und Company Administration Services und ber\u00e4t in Fragen zu internationalem Steuerrecht, Finanzierungen sowie Gr\u00fcndung und Leitung von Trusts, Unternehmen und anderen K\u00f6rperschaften sowie zur Verlagerung von Einzelpersonen und Unternehmen.<br>Nachdem sie f\u00fcr eine Rechtsschutzversicherung und in der Compliance-Abteilung eines Online-Brokerunternehmens gearbeitet hatte, trat Barbara Schnell 2000 der Mandaris AG bei.<br><br>Barbara Schnell besitzt einen Master in Rechtswissenschaften und ist ordentliches Mitglied der Society of Trust und Estate Practitioners (STEP) mit dem Titel TEP\/Dip (ITM).<\/p>\n","protected":false},"excerpt":{"rendered":"<p>MLaw, TEP\/Dip (ITM)Non-Equity-Partner, Mitglied des Verwaltungsrates, Senior Mandatsleiterin Trusts and Companies Sprachen: Deutsch, Englisch, Franz\u00f6sisch, Italienisch Barbara Schnell leitet den Bereich Trust und Company Administration Services und ber\u00e4t in Fragen zu internationalem Steuerrecht, Finanzierungen sowie Gr\u00fcndung und Leitung von Trusts, Unternehmen und anderen K\u00f6rperschaften sowie zur Verlagerung von Einzelpersonen und Unternehmen.Nachdem sie f\u00fcr eine Rechtsschutzversicherung [&hellip;]<\/p>\n","protected":false},"author":3,"featured_media":150,"parent":1129,"menu_order":6,"comment_status":"closed","ping_status":"closed","template":"views\/page-employee.php","meta":{"_acf_changed":false,"_seopress_robots_primary_cat":"","_seopress_titles_title":"","_seopress_titles_desc":"","_seopress_robots_index":"","footnotes":""},"class_list":["post-1429","page","type-page","status-publish","has-post-thumbnail","hentry"],"acf":[],"_links":{"self":[{"href":"https:\/\/mandaris.com\/de\/wp-json\/wp\/v2\/pages\/1429","targetHints":{"allow":["GET"]}}],"collection":[{"href":"https:\/\/mandaris.com\/de\/wp-json\/wp\/v2\/pages"}],"about":[{"href":"https:\/\/mandaris.com\/de\/wp-json\/wp\/v2\/types\/page"}],"author":[{"embeddable":true,"href":"https:\/\/mandaris.com\/de\/wp-json\/wp\/v2\/users\/3"}],"replies":[{"embeddable":true,"href":"https:\/\/mandaris.com\/de\/wp-json\/wp\/v2\/comments?post=1429"}],"version-history":[{"count":1,"href":"https:\/\/mandaris.com\/de\/wp-json\/wp\/v2\/pages\/1429\/revisions"}],"predecessor-version":[{"id":1434,"href":"https:\/\/mandaris.com\/de\/wp-json\/wp\/v2\/pages\/1429\/revisions\/1434"}],"up":[{"embeddable":true,"href":"https:\/\/mandaris.com\/de\/wp-json\/wp\/v2\/pages\/1129"}],"wp:featuredmedia":[{"embeddable":true,"href":"https:\/\/mandaris.com\/de\/wp-json\/wp\/v2\/media\/150"}],"wp:attachment":[{"href":"https:\/\/mandaris.com\/de\/wp-json\/wp\/v2\/media?parent=1429"}],"curies":[{"name":"wp","href":"https:\/\/api.w.org\/{rel}","templated":true}]}}