{"id":1444,"date":"2024-09-11T15:57:09","date_gmt":"2024-09-11T13:57:09","guid":{"rendered":"https:\/\/mandaris.nextron.org\/?page_id=1444"},"modified":"2026-04-12T09:49:56","modified_gmt":"2026-04-12T07:49:56","slug":"sandro-ardenti","status":"publish","type":"page","link":"https:\/\/mandaris.com\/de\/portrait\/unsere-mitarbeitenden\/sandro-ardenti\/","title":{"rendered":"Sandro Ardenti"},"content":{"rendered":"\n<p><strong>Head of Accounting<\/strong><\/p>\n\n\n\n<p>Sprachen: Franz\u00f6sisch, Deutsch, Englisch,<\/p>\n\n\n\n<p>Sandro hat ein Aufbaustudium in Buchhaltung und Management absolviert in der Universit\u00e4t de Haute Alsace in Mulhouse (Frankreich). Im Rahmen seiner Ausbildung arbeitete er vier Jahre lang in einer Wirtschaftspr\u00fcfungsgesellschaft in Ostfrankreich. Danach entschied er sich, in die Finanzabteilung eines internationalen Tourismusunternehmens zu wechseln, um seine F\u00e4higkeiten weiterzuentwickeln. Schliesslich f\u00fchrte ihn seine Vorliebe f\u00fcr Herausforderungen dazu, 2024 bei der Mandaris AG einzusteigen.<\/p>\n\n\n\n<p>In der Mandaris AG verwaltet er zusammen mit dem Buchhaltungsteam in Basel und in Malta die Finanzbuchhaltung der Kunden.<\/p>\n\n\n\n<p><\/p>\n","protected":false},"excerpt":{"rendered":"<p>Head of Accounting Sprachen: Franz\u00f6sisch, Deutsch, Englisch, Sandro hat ein Aufbaustudium in Buchhaltung und Management absolviert in der Universit\u00e4t de Haute Alsace in Mulhouse (Frankreich). Im Rahmen seiner Ausbildung arbeitete er vier Jahre lang in einer Wirtschaftspr\u00fcfungsgesellschaft in Ostfrankreich. Danach entschied er sich, in die Finanzabteilung eines internationalen Tourismusunternehmens zu wechseln, um seine F\u00e4higkeiten weiterzuentwickeln. [&hellip;]<\/p>\n","protected":false},"author":3,"featured_media":150,"parent":1129,"menu_order":13,"comment_status":"closed","ping_status":"closed","template":"views\/page-employee.php","meta":{"_acf_changed":false,"_seopress_robots_primary_cat":"","_seopress_titles_title":"","_seopress_titles_desc":"","_seopress_robots_index":"","footnotes":""},"class_list":["post-1444","page","type-page","status-publish","has-post-thumbnail","hentry"],"acf":[],"_links":{"self":[{"href":"https:\/\/mandaris.com\/de\/wp-json\/wp\/v2\/pages\/1444","targetHints":{"allow":["GET"]}}],"collection":[{"href":"https:\/\/mandaris.com\/de\/wp-json\/wp\/v2\/pages"}],"about":[{"href":"https:\/\/mandaris.com\/de\/wp-json\/wp\/v2\/types\/page"}],"author":[{"embeddable":true,"href":"https:\/\/mandaris.com\/de\/wp-json\/wp\/v2\/users\/3"}],"replies":[{"embeddable":true,"href":"https:\/\/mandaris.com\/de\/wp-json\/wp\/v2\/comments?post=1444"}],"version-history":[{"count":7,"href":"https:\/\/mandaris.com\/de\/wp-json\/wp\/v2\/pages\/1444\/revisions"}],"predecessor-version":[{"id":2927,"href":"https:\/\/mandaris.com\/de\/wp-json\/wp\/v2\/pages\/1444\/revisions\/2927"}],"up":[{"embeddable":true,"href":"https:\/\/mandaris.com\/de\/wp-json\/wp\/v2\/pages\/1129"}],"wp:featuredmedia":[{"embeddable":true,"href":"https:\/\/mandaris.com\/de\/wp-json\/wp\/v2\/media\/150"}],"wp:attachment":[{"href":"https:\/\/mandaris.com\/de\/wp-json\/wp\/v2\/media?parent=1444"}],"curies":[{"name":"wp","href":"https:\/\/api.w.org\/{rel}","templated":true}]}}