{"id":146,"date":"2024-09-05T08:04:42","date_gmt":"2024-09-05T08:04:42","guid":{"rendered":"https:\/\/mandaris.nextron.org\/?page_id=146"},"modified":"2024-09-06T09:39:43","modified_gmt":"2024-09-06T07:39:43","slug":"fakten","status":"publish","type":"page","link":"https:\/\/mandaris.com\/de\/portrait\/fakten\/","title":{"rendered":"Fakten"},"content":{"rendered":"\n<h2 class=\"wp-block-heading\">Unsere Fakten sprechen f\u00fcr sich<\/h2>\n\n\n\n<p>Mandaris \u2013 gegr\u00fcndet unter dem Namen Experta &#8211; ist eines der \u00e4ltesten international t\u00e4tigen Treuhand- und&nbsp; Beratungsunternehmen in der Schweiz. Die Mitglieder der Gesch\u00e4ftsleitung haben die Aktiengesellschaft in einem Management Buy-Out \u00fcbernommen und per Mai 2010 neu positioniert. 1933 in Z\u00fcrich gegr\u00fcndet, schafft das Dienstleistungsunternehmen heute an den drei Schweizer Standorten Basel, Z\u00fcrich und&nbsp;Zug sowie in Malta mit seinen Mitarbeitenden innovative Mehrwerte f\u00fcr anspruchsvolle Kunden aus dem In- und Ausland.<\/p>\n\n\n\n<h2 class=\"wp-block-heading\">Aus Tradition zukunftsgerichtet<\/h2>\n\n\n\n<p>Seit ihrer Gr\u00fcndung hat sich unsere Firma von einer reinen Treuhandgesellschaft zu einem vollwertigen, international ausgerichteten Beratungsunternehmen gewandelt. Entscheidend war stets, Entwicklungen zu erkennen und Chancen wahrzunehmen &#8211; was unserer Gesellschaft neue Kooperationen, T\u00e4tigkeitsfelder und M\u00e4rkte erschlossen hat. Zudem haben wir die Strategie und die Struktur unserer Unternehmung grundlegend \u00fcberdacht und an die sich wandelnden Marktbedingungen angepasst \u2013 eine Aufgabe, der wir uns laufend stellen. Mandaris ist heute ausgezeichnet positioniert, um sich in einem Gesch\u00e4ftsumfeld zu behaupten, das sich stetig ver\u00e4ndert. Damit wir unsere Kunden weiterhin mit einer gereiften Unternehmenskultur und bew\u00e4hrten Gesch\u00e4ftsgrunds\u00e4tzen verl\u00e4sslich und flexibel in eine spannende Zukunft begleiten d\u00fcrfen.<\/p>\n","protected":false},"excerpt":{"rendered":"<p>Unsere Fakten sprechen f\u00fcr sich Mandaris \u2013 gegr\u00fcndet unter dem Namen Experta &#8211; ist eines der \u00e4ltesten international t\u00e4tigen Treuhand- und&nbsp; Beratungsunternehmen in der Schweiz. Die Mitglieder der Gesch\u00e4ftsleitung haben die Aktiengesellschaft in einem Management Buy-Out \u00fcbernommen und per Mai 2010 neu positioniert. 1933 in Z\u00fcrich gegr\u00fcndet, schafft das Dienstleistungsunternehmen heute an den drei Schweizer [&hellip;]<\/p>\n","protected":false},"author":3,"featured_media":147,"parent":131,"menu_order":2,"comment_status":"closed","ping_status":"closed","template":"","meta":{"_acf_changed":false,"_seopress_robots_primary_cat":"","_seopress_titles_title":"","_seopress_titles_desc":"","_seopress_robots_index":"","footnotes":""},"class_list":["post-146","page","type-page","status-publish","has-post-thumbnail","hentry"],"acf":[],"_links":{"self":[{"href":"https:\/\/mandaris.com\/de\/wp-json\/wp\/v2\/pages\/146","targetHints":{"allow":["GET"]}}],"collection":[{"href":"https:\/\/mandaris.com\/de\/wp-json\/wp\/v2\/pages"}],"about":[{"href":"https:\/\/mandaris.com\/de\/wp-json\/wp\/v2\/types\/page"}],"author":[{"embeddable":true,"href":"https:\/\/mandaris.com\/de\/wp-json\/wp\/v2\/users\/3"}],"replies":[{"embeddable":true,"href":"https:\/\/mandaris.com\/de\/wp-json\/wp\/v2\/comments?post=146"}],"version-history":[{"count":2,"href":"https:\/\/mandaris.com\/de\/wp-json\/wp\/v2\/pages\/146\/revisions"}],"predecessor-version":[{"id":248,"href":"https:\/\/mandaris.com\/de\/wp-json\/wp\/v2\/pages\/146\/revisions\/248"}],"up":[{"embeddable":true,"href":"https:\/\/mandaris.com\/de\/wp-json\/wp\/v2\/pages\/131"}],"wp:featuredmedia":[{"embeddable":true,"href":"https:\/\/mandaris.com\/de\/wp-json\/wp\/v2\/media\/147"}],"wp:attachment":[{"href":"https:\/\/mandaris.com\/de\/wp-json\/wp\/v2\/media?parent=146"}],"curies":[{"name":"wp","href":"https:\/\/api.w.org\/{rel}","templated":true}]}}