{"id":149,"date":"2024-09-05T08:07:31","date_gmt":"2024-09-05T08:07:31","guid":{"rendered":"https:\/\/mandaris.nextron.org\/?page_id=149"},"modified":"2024-09-06T09:42:01","modified_gmt":"2024-09-06T07:42:01","slug":"mandaris-leitsatz","status":"publish","type":"page","link":"https:\/\/mandaris.com\/de\/portrait\/mandaris-leitsatz\/","title":{"rendered":"Mandaris&#8217; Leitsatz"},"content":{"rendered":"\n<p>Qualit\u00e4t, Kompetenz, Effizienz und Kundenfreundlichkeit.<\/p>\n\n\n\n<ul class=\"wp-block-list\">\n<li>Termine und Fristen werden eingehalten: \u201eDo it once, do it right \u2013 no excuses.\u201c<\/li>\n\n\n\n<li>Kunden, aber auch Arbeitskollegen haben Anspruch auf kurze Reaktionszeiten: \u201cWer zuerst kommt, mahlt zuerst.\u201d<\/li>\n\n\n\n<li>Wir sind erreichbar.<\/li>\n\n\n\n<li>Wir verbessern die Dienstleistungsqualit\u00e4t fortlaufend und arbeiten an unseren Schw\u00e4chen: \u201eVerlierer denken dar\u00fcber nach, warum etwas nicht gehen k\u00f6nnte. Gewinner denken dar\u00fcber nach, wie etwas geht.\u201c<\/li>\n<\/ul>\n\n\n\n<p>Das Kundeninteresse steht im Mittelpunkt und wir lassen nicht nach, bis der Kunde zufrieden gestellt ist.<\/p>\n\n\n\n<p>Integrit\u00e4t, Loyalit\u00e4t und gegenseitiger Respekt.<\/p>\n\n\n\n<p><\/p>\n","protected":false},"excerpt":{"rendered":"<p>Qualit\u00e4t, Kompetenz, Effizienz und Kundenfreundlichkeit. Das Kundeninteresse steht im Mittelpunkt und wir lassen nicht nach, bis der Kunde zufrieden gestellt ist. Integrit\u00e4t, Loyalit\u00e4t und gegenseitiger Respekt.<\/p>\n","protected":false},"author":3,"featured_media":150,"parent":131,"menu_order":17,"comment_status":"closed","ping_status":"closed","template":"","meta":{"_acf_changed":false,"_seopress_robots_primary_cat":"","_seopress_titles_title":"","_seopress_titles_desc":"","_seopress_robots_index":"","footnotes":""},"class_list":["post-149","page","type-page","status-publish","has-post-thumbnail","hentry"],"acf":[],"_links":{"self":[{"href":"https:\/\/mandaris.com\/de\/wp-json\/wp\/v2\/pages\/149","targetHints":{"allow":["GET"]}}],"collection":[{"href":"https:\/\/mandaris.com\/de\/wp-json\/wp\/v2\/pages"}],"about":[{"href":"https:\/\/mandaris.com\/de\/wp-json\/wp\/v2\/types\/page"}],"author":[{"embeddable":true,"href":"https:\/\/mandaris.com\/de\/wp-json\/wp\/v2\/users\/3"}],"replies":[{"embeddable":true,"href":"https:\/\/mandaris.com\/de\/wp-json\/wp\/v2\/comments?post=149"}],"version-history":[{"count":2,"href":"https:\/\/mandaris.com\/de\/wp-json\/wp\/v2\/pages\/149\/revisions"}],"predecessor-version":[{"id":249,"href":"https:\/\/mandaris.com\/de\/wp-json\/wp\/v2\/pages\/149\/revisions\/249"}],"up":[{"embeddable":true,"href":"https:\/\/mandaris.com\/de\/wp-json\/wp\/v2\/pages\/131"}],"wp:featuredmedia":[{"embeddable":true,"href":"https:\/\/mandaris.com\/de\/wp-json\/wp\/v2\/media\/150"}],"wp:attachment":[{"href":"https:\/\/mandaris.com\/de\/wp-json\/wp\/v2\/media?parent=149"}],"curies":[{"name":"wp","href":"https:\/\/api.w.org\/{rel}","templated":true}]}}