{"id":1548,"date":"2024-09-11T18:32:48","date_gmt":"2024-09-11T16:32:48","guid":{"rendered":"https:\/\/mandaris.nextron.org\/?page_id=1548"},"modified":"2024-11-11T13:48:16","modified_gmt":"2024-11-11T11:48:16","slug":"sarah-neirinck","status":"publish","type":"page","link":"https:\/\/mandaris.com\/de\/portrait\/unsere-mitarbeitenden\/sarah-neirinck\/","title":{"rendered":"Sarah Neirinck"},"content":{"rendered":"\n<p><strong>Gesc<\/strong><strong>h\u00e4ftsleitungs- und Mandatsassistentin<\/strong><\/p>\n\n\n\n<p><strong>Bachelor in Event Management<\/strong><\/p>\n\n\n\n<p>Sprachen: Deutsch, Englisch, Franz\u00f6sisch, Niederl\u00e4ndisch, Arabisch<\/p>\n\n\n\n<p>Sarah Neirinck arbeitet als Assistentin der Gesch\u00e4ftsleitung und Mandatsassistentin. Sie ist f\u00fcr die umfassende Unterst\u00fctzung des CEO und des Teams zust\u00e4ndig. Sarah ist in Belgien geboren und aufgewachsen und hat einen Abschluss als Veranstaltungsplanerin. Sie hat zudem einen traditionellen Bank- und Finanzhintergrund und hat in den letzten Jahren f\u00fcr eine der gr\u00f6ssten Banken gearbeitet, wo sie verschiedene Kundensegmente in mehreren Sprachen und L\u00e4ndern betreute, bevor sie zur Mandaris AG kam.<\/p>\n\n\n\n<p><\/p>\n","protected":false},"excerpt":{"rendered":"<p>Gesch\u00e4ftsleitungs- und Mandatsassistentin Bachelor in Event Management Sprachen: Deutsch, Englisch, Franz\u00f6sisch, Niederl\u00e4ndisch, Arabisch Sarah Neirinck arbeitet als Assistentin der Gesch\u00e4ftsleitung und Mandatsassistentin. Sie ist f\u00fcr die umfassende Unterst\u00fctzung des CEO und des Teams zust\u00e4ndig. Sarah ist in Belgien geboren und aufgewachsen und hat einen Abschluss als Veranstaltungsplanerin. Sie hat zudem einen traditionellen Bank- und Finanzhintergrund [&hellip;]<\/p>\n","protected":false},"author":3,"featured_media":145,"parent":1129,"menu_order":14,"comment_status":"closed","ping_status":"closed","template":"views\/page-employee.php","meta":{"_acf_changed":false,"_seopress_robots_primary_cat":"","_seopress_titles_title":"","_seopress_titles_desc":"","_seopress_robots_index":"","footnotes":""},"class_list":["post-1548","page","type-page","status-publish","has-post-thumbnail","hentry"],"acf":[],"_links":{"self":[{"href":"https:\/\/mandaris.com\/de\/wp-json\/wp\/v2\/pages\/1548","targetHints":{"allow":["GET"]}}],"collection":[{"href":"https:\/\/mandaris.com\/de\/wp-json\/wp\/v2\/pages"}],"about":[{"href":"https:\/\/mandaris.com\/de\/wp-json\/wp\/v2\/types\/page"}],"author":[{"embeddable":true,"href":"https:\/\/mandaris.com\/de\/wp-json\/wp\/v2\/users\/3"}],"replies":[{"embeddable":true,"href":"https:\/\/mandaris.com\/de\/wp-json\/wp\/v2\/comments?post=1548"}],"version-history":[{"count":2,"href":"https:\/\/mandaris.com\/de\/wp-json\/wp\/v2\/pages\/1548\/revisions"}],"predecessor-version":[{"id":1862,"href":"https:\/\/mandaris.com\/de\/wp-json\/wp\/v2\/pages\/1548\/revisions\/1862"}],"up":[{"embeddable":true,"href":"https:\/\/mandaris.com\/de\/wp-json\/wp\/v2\/pages\/1129"}],"wp:featuredmedia":[{"embeddable":true,"href":"https:\/\/mandaris.com\/de\/wp-json\/wp\/v2\/media\/145"}],"wp:attachment":[{"href":"https:\/\/mandaris.com\/de\/wp-json\/wp\/v2\/media?parent=1548"}],"curies":[{"name":"wp","href":"https:\/\/api.w.org\/{rel}","templated":true}]}}