{"id":1569,"date":"2024-09-11T18:54:27","date_gmt":"2024-09-11T16:54:27","guid":{"rendered":"https:\/\/mandaris.nextron.org\/?page_id=1569"},"modified":"2024-11-11T13:44:35","modified_gmt":"2024-11-11T11:44:35","slug":"barbara-papapietro","status":"publish","type":"page","link":"https:\/\/mandaris.com\/de\/portrait\/unsere-mitarbeitenden\/barbara-papapietro\/","title":{"rendered":"Barbara Papapietro"},"content":{"rendered":"\n<p>Assistant\/Receptionist<\/p>\n\n\n\n<p>Sprachen: Deutsch, Englisch<\/p>\n\n\n\n<p>Barbara Papapietro betreut den Empfang bei Mandaris und ist in dieser Funktion die erste Anlaufstelle sowohl f\u00fcr Kunden als auch f\u00fcr Mitarbeitende. Dar\u00fcber hinaus unterst\u00fctzt sie die Bereiche Office Management, Marketing und HR bei administrativen T\u00e4tigkeiten. Barbara verf\u00fcgt \u00fcber vielschichtige Erfahrungen, die sie in global t\u00e4tigen Unternehmen verschiedenster Branchen erworben hat.<\/p>\n\n\n\n<p><\/p>\n","protected":false},"excerpt":{"rendered":"<p>Assistant\/Receptionist Sprachen: Deutsch, Englisch Barbara Papapietro betreut den Empfang bei Mandaris und ist in dieser Funktion die erste Anlaufstelle sowohl f\u00fcr Kunden als auch f\u00fcr Mitarbeitende. Dar\u00fcber hinaus unterst\u00fctzt sie die Bereiche Office Management, Marketing und HR bei administrativen T\u00e4tigkeiten. Barbara verf\u00fcgt \u00fcber vielschichtige Erfahrungen, die sie in global t\u00e4tigen Unternehmen verschiedenster Branchen erworben hat.<\/p>\n","protected":false},"author":3,"featured_media":133,"parent":1129,"menu_order":6,"comment_status":"closed","ping_status":"closed","template":"views\/page-employee.php","meta":{"_acf_changed":false,"_seopress_robots_primary_cat":"","_seopress_titles_title":"","_seopress_titles_desc":"","_seopress_robots_index":"","footnotes":""},"class_list":["post-1569","page","type-page","status-publish","has-post-thumbnail","hentry"],"acf":[],"_links":{"self":[{"href":"https:\/\/mandaris.com\/de\/wp-json\/wp\/v2\/pages\/1569","targetHints":{"allow":["GET"]}}],"collection":[{"href":"https:\/\/mandaris.com\/de\/wp-json\/wp\/v2\/pages"}],"about":[{"href":"https:\/\/mandaris.com\/de\/wp-json\/wp\/v2\/types\/page"}],"author":[{"embeddable":true,"href":"https:\/\/mandaris.com\/de\/wp-json\/wp\/v2\/users\/3"}],"replies":[{"embeddable":true,"href":"https:\/\/mandaris.com\/de\/wp-json\/wp\/v2\/comments?post=1569"}],"version-history":[{"count":3,"href":"https:\/\/mandaris.com\/de\/wp-json\/wp\/v2\/pages\/1569\/revisions"}],"predecessor-version":[{"id":1968,"href":"https:\/\/mandaris.com\/de\/wp-json\/wp\/v2\/pages\/1569\/revisions\/1968"}],"up":[{"embeddable":true,"href":"https:\/\/mandaris.com\/de\/wp-json\/wp\/v2\/pages\/1129"}],"wp:featuredmedia":[{"embeddable":true,"href":"https:\/\/mandaris.com\/de\/wp-json\/wp\/v2\/media\/133"}],"wp:attachment":[{"href":"https:\/\/mandaris.com\/de\/wp-json\/wp\/v2\/media?parent=1569"}],"curies":[{"name":"wp","href":"https:\/\/api.w.org\/{rel}","templated":true}]}}