{"id":1589,"date":"2024-09-11T19:14:00","date_gmt":"2024-09-11T17:14:00","guid":{"rendered":"https:\/\/mandaris.nextron.org\/?page_id=1589"},"modified":"2026-02-27T16:21:39","modified_gmt":"2026-02-27T14:21:39","slug":"david-waibel","status":"publish","type":"page","link":"https:\/\/mandaris.com\/de\/portrait\/unsere-mitarbeitenden\/david-waibel\/","title":{"rendered":"David Waibel"},"content":{"rendered":"\n<p><strong>Dipl. Steuerexperte, Bachelor of Science in Betriebs\u00f6konomie FH<\/strong><\/p>\n\n\n\n<p>Sprachen: Deutsch, Englisch<\/p>\n\n\n\n<p>Als Steuerkonsulent ist David Waibel in den Bereichen Besteuerung von nat\u00fcrlichen Personen, Unternehmenssteuerrecht, Mehrwertsteuer sowie Steuerverfahrensrecht t\u00e4tig und ber\u00e4t in s\u00e4mtlichen Steuerfragen des nationalen und internationalen Steuerrechts.<\/p>\n\n\n\n<p>David Waibel ist Mitglied bei EXPERTsuisse (Expertenverband f\u00fcr Wirtschaftspr\u00fcfung, Steuern und Treuhand) und bei der Schweizerischen Vereinigung diplomierter Steuerexperten (SVDS).<\/p>\n\n\n\n<p><\/p>\n","protected":false},"excerpt":{"rendered":"<p>Dipl. Steuerexperte, Bachelor of Science in Betriebs\u00f6konomie FH Sprachen: Deutsch, Englisch Als Steuerkonsulent ist David Waibel in den Bereichen Besteuerung von nat\u00fcrlichen Personen, Unternehmenssteuerrecht, Mehrwertsteuer sowie Steuerverfahrensrecht t\u00e4tig und ber\u00e4t in s\u00e4mtlichen Steuerfragen des nationalen und internationalen Steuerrechts. David Waibel ist Mitglied bei EXPERTsuisse (Expertenverband f\u00fcr Wirtschaftspr\u00fcfung, Steuern und Treuhand) und bei der Schweizerischen Vereinigung [&hellip;]<\/p>\n","protected":false},"author":3,"featured_media":147,"parent":1129,"menu_order":7,"comment_status":"closed","ping_status":"closed","template":"views\/page-employee.php","meta":{"_acf_changed":false,"_seopress_robots_primary_cat":"","_seopress_titles_title":"","_seopress_titles_desc":"","_seopress_robots_index":"","footnotes":""},"class_list":["post-1589","page","type-page","status-publish","has-post-thumbnail","hentry"],"acf":[],"_links":{"self":[{"href":"https:\/\/mandaris.com\/de\/wp-json\/wp\/v2\/pages\/1589","targetHints":{"allow":["GET"]}}],"collection":[{"href":"https:\/\/mandaris.com\/de\/wp-json\/wp\/v2\/pages"}],"about":[{"href":"https:\/\/mandaris.com\/de\/wp-json\/wp\/v2\/types\/page"}],"author":[{"embeddable":true,"href":"https:\/\/mandaris.com\/de\/wp-json\/wp\/v2\/users\/3"}],"replies":[{"embeddable":true,"href":"https:\/\/mandaris.com\/de\/wp-json\/wp\/v2\/comments?post=1589"}],"version-history":[{"count":3,"href":"https:\/\/mandaris.com\/de\/wp-json\/wp\/v2\/pages\/1589\/revisions"}],"predecessor-version":[{"id":2886,"href":"https:\/\/mandaris.com\/de\/wp-json\/wp\/v2\/pages\/1589\/revisions\/2886"}],"up":[{"embeddable":true,"href":"https:\/\/mandaris.com\/de\/wp-json\/wp\/v2\/pages\/1129"}],"wp:featuredmedia":[{"embeddable":true,"href":"https:\/\/mandaris.com\/de\/wp-json\/wp\/v2\/media\/147"}],"wp:attachment":[{"href":"https:\/\/mandaris.com\/de\/wp-json\/wp\/v2\/media?parent=1589"}],"curies":[{"name":"wp","href":"https:\/\/api.w.org\/{rel}","templated":true}]}}