{"id":1600,"date":"2024-09-11T19:29:05","date_gmt":"2024-09-11T17:29:05","guid":{"rendered":"https:\/\/mandaris.nextron.org\/?page_id=1600"},"modified":"2026-02-27T16:24:37","modified_gmt":"2026-02-27T14:24:37","slug":"paul-waibel","status":"publish","type":"page","link":"https:\/\/mandaris.com\/de\/portrait\/unsere-mitarbeitenden\/paul-waibel\/","title":{"rendered":"Paul Waibel"},"content":{"rendered":"\n<p><strong>Dipl. Steuerexperte, dipl. Betriebs\u00f6konom FH<\/strong><\/p>\n\n\n\n<p>Sprachen: Deutsch, Englisch<\/p>\n\n\n\n<p>Paul Waibel ist als Steuerkonsulent t\u00e4tig und ber\u00e4t Kunden &#8211; sowohl Unternehmen wie auch Privatpersonen &#8211; in ausgew\u00e4hlten Fragestellungen des nationalen und internationalen Steuerrechts. Er verf\u00fcgt \u00fcber eine langj\u00e4hrige Berufserfahrung in der Treuhand- und Steuerberatungsbranche.<\/p>\n\n\n\n<p>Paul Waibel ist Mitglied bei EXPERTsuisse (Expertenverband f\u00fcr Wirtschaftspr\u00fcfung, Steuern und Treuhand) und bei der Schweizerischen Vereinigung diplomierter Steuerexperten (SVDS) sowie bei der Gesellschaft Basler Betriebs\u00f6konomen HWV\/FH.<\/p>\n\n\n\n<p><\/p>\n","protected":false},"excerpt":{"rendered":"<p>Dipl. Steuerexperte, dipl. Betriebs\u00f6konom FH Sprachen: Deutsch, Englisch Paul Waibel ist als Steuerkonsulent t\u00e4tig und ber\u00e4t Kunden &#8211; sowohl Unternehmen wie auch Privatpersonen &#8211; in ausgew\u00e4hlten Fragestellungen des nationalen und internationalen Steuerrechts. Er verf\u00fcgt \u00fcber eine langj\u00e4hrige Berufserfahrung in der Treuhand- und Steuerberatungsbranche. Paul Waibel ist Mitglied bei EXPERTsuisse (Expertenverband f\u00fcr Wirtschaftspr\u00fcfung, Steuern und Treuhand) [&hellip;]<\/p>\n","protected":false},"author":3,"featured_media":150,"parent":1129,"menu_order":11,"comment_status":"closed","ping_status":"closed","template":"views\/page-employee.php","meta":{"_acf_changed":false,"_seopress_robots_primary_cat":"","_seopress_titles_title":"","_seopress_titles_desc":"","_seopress_robots_index":"","footnotes":""},"class_list":["post-1600","page","type-page","status-publish","has-post-thumbnail","hentry"],"acf":[],"_links":{"self":[{"href":"https:\/\/mandaris.com\/de\/wp-json\/wp\/v2\/pages\/1600","targetHints":{"allow":["GET"]}}],"collection":[{"href":"https:\/\/mandaris.com\/de\/wp-json\/wp\/v2\/pages"}],"about":[{"href":"https:\/\/mandaris.com\/de\/wp-json\/wp\/v2\/types\/page"}],"author":[{"embeddable":true,"href":"https:\/\/mandaris.com\/de\/wp-json\/wp\/v2\/users\/3"}],"replies":[{"embeddable":true,"href":"https:\/\/mandaris.com\/de\/wp-json\/wp\/v2\/comments?post=1600"}],"version-history":[{"count":3,"href":"https:\/\/mandaris.com\/de\/wp-json\/wp\/v2\/pages\/1600\/revisions"}],"predecessor-version":[{"id":2891,"href":"https:\/\/mandaris.com\/de\/wp-json\/wp\/v2\/pages\/1600\/revisions\/2891"}],"up":[{"embeddable":true,"href":"https:\/\/mandaris.com\/de\/wp-json\/wp\/v2\/pages\/1129"}],"wp:featuredmedia":[{"embeddable":true,"href":"https:\/\/mandaris.com\/de\/wp-json\/wp\/v2\/media\/150"}],"wp:attachment":[{"href":"https:\/\/mandaris.com\/de\/wp-json\/wp\/v2\/media?parent=1600"}],"curies":[{"name":"wp","href":"https:\/\/api.w.org\/{rel}","templated":true}]}}