{"id":196,"date":"2024-09-05T13:20:29","date_gmt":"2024-09-05T13:20:29","guid":{"rendered":"https:\/\/mandaris.nextron.org\/?page_id=196"},"modified":"2024-09-12T11:39:59","modified_gmt":"2024-09-12T09:39:59","slug":"dienstleistungen","status":"publish","type":"page","link":"https:\/\/mandaris.com\/de\/dienstleistungen\/","title":{"rendered":"Dienstleistungen"},"content":{"rendered":"\n<h2 class=\"wp-block-heading\">Spezialisten mit dem Blick f\u00fcrs Ganze<\/h2>\n\n\n\n<h3 class=\"wp-block-heading\">Umfassende Leistungen f\u00fcr Unternehmen und Private<\/h3>\n\n\n\n<p>Mandaris ist eine sowohl national als auch international agierende Treuhand- und Beratungsgesellschaft, welche Unternehmen sowie Privatpersonen im In- und Ausland betreut. Unser Angebot erstreckt sich dabei von der\u00a0<a href=\"https:\/\/mandaris.com\/de\/dienstleistungen\/rechts-und-steuerberatung\/\" data-type=\"page\" data-id=\"198\">Rechts- und Steuerberatung<\/a>,\u00a0<a href=\"https:\/\/mandaris.com\/de\/dienstleistungen\/treuhand-und-rechnungswesen\/\" data-type=\"page\" data-id=\"200\">Treuhand- und Buchhaltungsdienstleistungen<\/a>\u00a0sowie der Privatkundenberatung \u00fcber\u00a0<a href=\"https:\/\/mandaris.com\/de\/dienstleistungen\/trusts-und-gesellschaften\/\" data-type=\"page\" data-id=\"202\">Trustee Services und der Verwaltung von Gesellschaften<\/a>\u00a0bis hin zu\u00a0<a href=\"https:\/\/mandaris.com\/de\/dienstleistungen\/structured-finance1\/\" data-type=\"page\" data-id=\"204\">Finanzierungs- und L\u00f6sungen<\/a>.<\/p>\n\n\n\n<h3 class=\"wp-block-heading\">Gute Gr\u00fcnde f\u00fcr gute Resultate<\/h3>\n\n\n\n<p>Wir messen der Transparenz der Fakturierung und Verwaltungst\u00e4tigkeit einen hohen Stellenwert bei. Zudem kommen effektive Strukturen, kurze Entscheidungswege und die permanente \u00dcberpr\u00fcfung unserer Effizienz der Preis-Leistungs-Qualit\u00e4t zugute. So kann sich Mandaris eine spezielle Detailliebe beim Umsetzen der individuellen Bed\u00fcrfnisse des Kunden leisten. Wie Sie auch unsere weitreichenden Dienstleistungen ausw\u00e4hlen und kombinieren: Stets bilden die gesetzlichen Rahmenbedingungen, die branchenspezifischen Regelungen sowie die regelm\u00e4ssigen Qualit\u00e4tskontrollen die Leitplanken unseres Handelns.<\/p>\n","protected":false},"excerpt":{"rendered":"<p>Spezialisten mit dem Blick f\u00fcrs Ganze Umfassende Leistungen f\u00fcr Unternehmen und Private Mandaris ist eine sowohl national als auch international agierende Treuhand- und Beratungsgesellschaft, welche Unternehmen sowie Privatpersonen im In- und Ausland betreut. Unser Angebot erstreckt sich dabei von der\u00a0Rechts- und Steuerberatung,\u00a0Treuhand- und Buchhaltungsdienstleistungen\u00a0sowie der Privatkundenberatung \u00fcber\u00a0Trustee Services und der Verwaltung von Gesellschaften\u00a0bis hin zu\u00a0Finanzierungs- [&hellip;]<\/p>\n","protected":false},"author":3,"featured_media":133,"parent":0,"menu_order":20,"comment_status":"closed","ping_status":"closed","template":"","meta":{"_acf_changed":false,"_seopress_robots_primary_cat":"","_seopress_titles_title":"","_seopress_titles_desc":"","_seopress_robots_index":"","footnotes":""},"class_list":["post-196","page","type-page","status-publish","has-post-thumbnail","hentry"],"acf":[],"_links":{"self":[{"href":"https:\/\/mandaris.com\/de\/wp-json\/wp\/v2\/pages\/196","targetHints":{"allow":["GET"]}}],"collection":[{"href":"https:\/\/mandaris.com\/de\/wp-json\/wp\/v2\/pages"}],"about":[{"href":"https:\/\/mandaris.com\/de\/wp-json\/wp\/v2\/types\/page"}],"author":[{"embeddable":true,"href":"https:\/\/mandaris.com\/de\/wp-json\/wp\/v2\/users\/3"}],"replies":[{"embeddable":true,"href":"https:\/\/mandaris.com\/de\/wp-json\/wp\/v2\/comments?post=196"}],"version-history":[{"count":7,"href":"https:\/\/mandaris.com\/de\/wp-json\/wp\/v2\/pages\/196\/revisions"}],"predecessor-version":[{"id":1789,"href":"https:\/\/mandaris.com\/de\/wp-json\/wp\/v2\/pages\/196\/revisions\/1789"}],"wp:featuredmedia":[{"embeddable":true,"href":"https:\/\/mandaris.com\/de\/wp-json\/wp\/v2\/media\/133"}],"wp:attachment":[{"href":"https:\/\/mandaris.com\/de\/wp-json\/wp\/v2\/media?parent=196"}],"curies":[{"name":"wp","href":"https:\/\/api.w.org\/{rel}","templated":true}]}}