{"id":198,"date":"2024-09-05T13:22:03","date_gmt":"2024-09-05T13:22:03","guid":{"rendered":"https:\/\/mandaris.nextron.org\/?page_id=198"},"modified":"2026-02-27T16:52:08","modified_gmt":"2026-02-27T14:52:08","slug":"rechts-und-steuerberatung","status":"publish","type":"page","link":"https:\/\/mandaris.com\/de\/dienstleistungen\/rechts-und-steuerberatung\/","title":{"rendered":"Rechts- und Steuerberatung"},"content":{"rendered":"\n<h2 class=\"wp-block-heading\">Damit Sie sich auf der sicheren Seite f\u00fchlen<\/h2>\n\n\n\n<h3 class=\"wp-block-heading\">Rechtsberatung<\/h3>\n\n\n\n<p>Unsere Rechtsanw\u00e4lte und Juristen stellen ihr grosses Spezialwissen in den verschiedensten Bereichen in Ihren Dienst. Dabei sind Fragen des Familien-, Ehe- und Erbrechts, einschliesslich Erbschafts- und Nachfolgeplanungen, Schenkungen und Willensvollstreckungen zentral. Ebenso helfen wir Ihnen bei Themen, welche das nationale und internationale Gesellschafts-, Wirtschafts- und Vertragsrecht sowie das internationale Privatrecht betreffen: wir beraten Sie bei rechtlichen Fragen, wie der Ausgestaltung von Gesellschafts- und Aktion\u00e4rbindungsvertr\u00e4gen sowie von Arbeitsvertr\u00e4gen f\u00fcr Angestellte, Management und Expatriates. Wir kooperieren mit Ihren ausl\u00e4ndischen Rechtsberatern im komplexen internationalen Wirtschaftsrecht. Wir unterst\u00fctzen Sie bei der Umwandlung von Unternehmen in eine andere Rechtsform, Fusionen und \u00dcbernahmen (inkl. Legal Due Diligence), Sanierungen, Liquidationen und Sitzverlegungen im In- und Ausland. Dar\u00fcber hinaus beraten wir Sie bei Fragen der Finanzmarktregulierung und der Compliance und vertreten Sie bei aussergerichtlichen Verfahren (Prozessvertretung nur bei Steuerverfahren).<\/p>\n\n\n\n<h5 class=\"wp-block-heading\">Ihr&nbsp;Kontakt f\u00fcr Rechtsberatung:<\/h5>\n\n\n\n<p><a href=\"mailto:info@mandaris.com\">info@mandaris.com<\/a><\/p>\n\n\n\n<h3 class=\"wp-block-heading\">Steuerberatung<\/h3>\n\n\n\n<p>Unsere Dienstleistungen umfassen die Ausarbeitung von Steuererkl\u00e4rungen, Mehrwertsteuer- und Quellensteuerabrechnungen sowie R\u00fcckerstattungsantr\u00e4gen. Unsere erfahrenen Experten beraten Sie in schweizerischen und internationalen Steuerfragen sowie bei Strukturierungen und der Planung beziehungsweise der Optimierung im Bereich der direkten und indirekten Steuern sowie der Sozialabgaben. Zu unseren Kernkompetenzen geh\u00f6rt auch die Beantwortung von Fragestellungen im Zusammenhang mit Verm\u00f6gens\u00fcbertragungen, Fusionen und \u00dcbernahmen (inkl. Tax Due Diligence), Umstrukturierungen, Ausgliederungen, Sanierungen, Erarbeiten von Mitarbeiterbeteiligungspl\u00e4nen sowie Immobilientransaktionen. Bei Bedarf unterst\u00fctzen wir Sie dar\u00fcber hinaus auch bei der Ausfertigung von Einsprachen und Rekursen und vertreten Sie vor den Steuer- und Steuerjustizbeh\u00f6rden.&nbsp;<\/p>\n\n\n\n<h5 class=\"wp-block-heading\">Ihr&nbsp;Kontakt f\u00fcr Steuerberatung:<\/h5>\n\n\n\n<p><a href=\"mailto:tax@mandaris.com\">info@mandaris.com<\/a><\/p>\n","protected":false},"excerpt":{"rendered":"<p>Damit Sie sich auf der sicheren Seite f\u00fchlen Rechtsberatung Unsere Rechtsanw\u00e4lte und Juristen stellen ihr grosses Spezialwissen in den verschiedensten Bereichen in Ihren Dienst. Dabei sind Fragen des Familien-, Ehe- und Erbrechts, einschliesslich Erbschafts- und Nachfolgeplanungen, Schenkungen und Willensvollstreckungen zentral. Ebenso helfen wir Ihnen bei Themen, welche das nationale und internationale Gesellschafts-, Wirtschafts- und Vertragsrecht [&hellip;]<\/p>\n","protected":false},"author":3,"featured_media":133,"parent":196,"menu_order":2,"comment_status":"closed","ping_status":"closed","template":"","meta":{"_acf_changed":false,"_seopress_robots_primary_cat":"","_seopress_titles_title":"","_seopress_titles_desc":"","_seopress_robots_index":"","footnotes":""},"class_list":["post-198","page","type-page","status-publish","has-post-thumbnail","hentry"],"acf":[],"_links":{"self":[{"href":"https:\/\/mandaris.com\/de\/wp-json\/wp\/v2\/pages\/198","targetHints":{"allow":["GET"]}}],"collection":[{"href":"https:\/\/mandaris.com\/de\/wp-json\/wp\/v2\/pages"}],"about":[{"href":"https:\/\/mandaris.com\/de\/wp-json\/wp\/v2\/types\/page"}],"author":[{"embeddable":true,"href":"https:\/\/mandaris.com\/de\/wp-json\/wp\/v2\/users\/3"}],"replies":[{"embeddable":true,"href":"https:\/\/mandaris.com\/de\/wp-json\/wp\/v2\/comments?post=198"}],"version-history":[{"count":3,"href":"https:\/\/mandaris.com\/de\/wp-json\/wp\/v2\/pages\/198\/revisions"}],"predecessor-version":[{"id":2900,"href":"https:\/\/mandaris.com\/de\/wp-json\/wp\/v2\/pages\/198\/revisions\/2900"}],"up":[{"embeddable":true,"href":"https:\/\/mandaris.com\/de\/wp-json\/wp\/v2\/pages\/196"}],"wp:featuredmedia":[{"embeddable":true,"href":"https:\/\/mandaris.com\/de\/wp-json\/wp\/v2\/media\/133"}],"wp:attachment":[{"href":"https:\/\/mandaris.com\/de\/wp-json\/wp\/v2\/media?parent=198"}],"curies":[{"name":"wp","href":"https:\/\/api.w.org\/{rel}","templated":true}]}}