{"id":200,"date":"2024-09-05T13:23:08","date_gmt":"2024-09-05T13:23:08","guid":{"rendered":"https:\/\/mandaris.nextron.org\/?page_id=200"},"modified":"2024-09-05T13:27:48","modified_gmt":"2024-09-05T13:27:48","slug":"treuhand-und-rechnungswesen","status":"publish","type":"page","link":"https:\/\/mandaris.com\/de\/dienstleistungen\/treuhand-und-rechnungswesen\/","title":{"rendered":"Treuhand und Rechnungswesen"},"content":{"rendered":"\n<h2 class=\"wp-block-heading\">Ihre Finanzen sind unter Kontrolle<\/h2>\n\n\n\n<p>Unsere diplomierten Betriebswirte und Buchhaltungsexperten \u00fcbernehmen die Buchf\u00fchrung gem\u00e4ss schweizerischen und internationalen Rechnungslegungsstandards (z.B. Rechnungslegung nach neuem Schweizer Rechungslegungsrecht inkl. Anw\u00e4lte, PGR Liechtenstein, Swiss GAAP FER, IFRS, IFRS f\u00fcr KMU, Trust Accounting) f\u00fcr Unternehmen und Einzelpersonen oder Familien in den unterschiedlichsten L\u00e4ndern. Wir f\u00fchren Ihre Finanz-, Anlagen- und Wertschriftenbuchhaltung, betreuen Sie bei Konsolidierungen und erledigen die Sal\u00e4radministration und \u2013buchhaltung f\u00fcr Ihre Angestellten. Unsere Software l\u00e4sst sich im Rahmen der Kundenbed\u00fcrfnisse individuell einrichten. Dar\u00fcber hinaus unterst\u00fctzen wir Sie bei Bewertungen von Unternehmen und Beteiligungen sowie bei buchhalterischen Kaufpreispr\u00fcfungen im Rahmen einer Due Diligence. Unsere Juristen und Betriebswirtschafter kl\u00e4ren Fragen im Zusammenhang mit der Unternehmens- und Wirtschaftsberatung sowie bei Nachfolgeplanungen in Ihrem Unternehmen. Zudem \u00fcbernehmen wir Verwaltungs- und Stiftungsratsmandate und die Domizilierung von Gesellschaften (inklusive B\u00fcros, Telefon- und Empfangsdienstleistungen).<\/p>\n\n\n\n<h5 class=\"wp-block-heading\">Ihr Kontakt&nbsp;f\u00fcr Treuhand und Rechnungswesen:<\/h5>\n\n\n\n<p><a href=\"mailto:accounting@mandaris.com\">accounting@mandaris.com<\/a><\/p>\n","protected":false},"excerpt":{"rendered":"<p>Ihre Finanzen sind unter Kontrolle Unsere diplomierten Betriebswirte und Buchhaltungsexperten \u00fcbernehmen die Buchf\u00fchrung gem\u00e4ss schweizerischen und internationalen Rechnungslegungsstandards (z.B. Rechnungslegung nach neuem Schweizer Rechungslegungsrecht inkl. Anw\u00e4lte, PGR Liechtenstein, Swiss GAAP FER, IFRS, IFRS f\u00fcr KMU, Trust Accounting) f\u00fcr Unternehmen und Einzelpersonen oder Familien in den unterschiedlichsten L\u00e4ndern. Wir f\u00fchren Ihre Finanz-, Anlagen- und Wertschriftenbuchhaltung, betreuen [&hellip;]<\/p>\n","protected":false},"author":3,"featured_media":147,"parent":196,"menu_order":4,"comment_status":"closed","ping_status":"closed","template":"","meta":{"_acf_changed":false,"_seopress_robots_primary_cat":"","_seopress_titles_title":"","_seopress_titles_desc":"","_seopress_robots_index":"","footnotes":""},"class_list":["post-200","page","type-page","status-publish","has-post-thumbnail","hentry"],"acf":[],"_links":{"self":[{"href":"https:\/\/mandaris.com\/de\/wp-json\/wp\/v2\/pages\/200","targetHints":{"allow":["GET"]}}],"collection":[{"href":"https:\/\/mandaris.com\/de\/wp-json\/wp\/v2\/pages"}],"about":[{"href":"https:\/\/mandaris.com\/de\/wp-json\/wp\/v2\/types\/page"}],"author":[{"embeddable":true,"href":"https:\/\/mandaris.com\/de\/wp-json\/wp\/v2\/users\/3"}],"replies":[{"embeddable":true,"href":"https:\/\/mandaris.com\/de\/wp-json\/wp\/v2\/comments?post=200"}],"version-history":[{"count":2,"href":"https:\/\/mandaris.com\/de\/wp-json\/wp\/v2\/pages\/200\/revisions"}],"predecessor-version":[{"id":208,"href":"https:\/\/mandaris.com\/de\/wp-json\/wp\/v2\/pages\/200\/revisions\/208"}],"up":[{"embeddable":true,"href":"https:\/\/mandaris.com\/de\/wp-json\/wp\/v2\/pages\/196"}],"wp:featuredmedia":[{"embeddable":true,"href":"https:\/\/mandaris.com\/de\/wp-json\/wp\/v2\/media\/147"}],"wp:attachment":[{"href":"https:\/\/mandaris.com\/de\/wp-json\/wp\/v2\/media?parent=200"}],"curies":[{"name":"wp","href":"https:\/\/api.w.org\/{rel}","templated":true}]}}