{"id":202,"date":"2024-09-05T13:24:32","date_gmt":"2024-09-05T13:24:32","guid":{"rendered":"https:\/\/mandaris.nextron.org\/?page_id=202"},"modified":"2024-09-05T13:27:08","modified_gmt":"2024-09-05T13:27:08","slug":"trusts-und-gesellschaften","status":"publish","type":"page","link":"https:\/\/mandaris.com\/de\/dienstleistungen\/trusts-und-gesellschaften\/","title":{"rendered":"Trusts und Gesellschaften"},"content":{"rendered":"\n<h2 class=\"wp-block-heading\">Wir \u00fcbernehmen Verantwortung f\u00fcr Ihr Unternehmen<\/h2>\n\n\n\n<p>Unser spezialisiertes Team f\u00fcr die umfassende Verwaltung von Gesellschaften und Trusts arbeitet eng mit unserer Rechts- und Steuerabteilung sowie unseren Privatkundenberatern zusammen und betreut die Gr\u00fcndung und Verwaltung von Gesellschaften und Trusts in der Schweiz und im Ausland. Unser Team stellt auch die laufende Verwaltung sowie die Einhaltung der gesellschaftsrechtlichen- und betriebswirtschaftlichen Rahmenbedingungen rechtlicher Strukturen sicher. Aufgrund unserer langj\u00e4hrigen Erfahrung und Kenntnis des Gesellschaftsrechts sind wir mit den Anforderungen von Unternehmen verschiedenster Gr\u00f6ssen und von unterschiedlichsten L\u00e4ndern vertraut und \u00fcbernehmen Verwaltungs- und Stiftungsratsmandate und die Domizilierung von Gesellschaften. Wir agieren auch als Sachverwalter oder Liquidatoren und tragen als Mediatoren zum Gelingen bei. Dar\u00fcber hinaus bieten wir Trustee- und Co-Trustee Dienstleistungen an und unterst\u00fctzen Sie bei allen Fragen in den Bereichen Trusts, Protectorships, Stiftungen und Private Label Funds.<\/p>\n\n\n\n<h5 class=\"wp-block-heading\">Ihr Kontakt&nbsp;f\u00fcr Trusts:<\/h5>\n\n\n\n<p><a href=\"mailto:trust@mandaris.com\">trust@mandaris.com<\/a><br>&nbsp;<\/p>\n\n\n\n<h5 class=\"wp-block-heading\">Ihr Kontakt f\u00fcr Gesellschaften:<\/h5>\n\n\n\n<p><a href=\"mailto:corporate@mandaris.com\">corporate@mandaris.com<\/a><\/p>\n","protected":false},"excerpt":{"rendered":"<p>Wir \u00fcbernehmen Verantwortung f\u00fcr Ihr Unternehmen Unser spezialisiertes Team f\u00fcr die umfassende Verwaltung von Gesellschaften und Trusts arbeitet eng mit unserer Rechts- und Steuerabteilung sowie unseren Privatkundenberatern zusammen und betreut die Gr\u00fcndung und Verwaltung von Gesellschaften und Trusts in der Schweiz und im Ausland. Unser Team stellt auch die laufende Verwaltung sowie die Einhaltung der [&hellip;]<\/p>\n","protected":false},"author":3,"featured_media":145,"parent":196,"menu_order":5,"comment_status":"closed","ping_status":"closed","template":"","meta":{"_acf_changed":false,"_seopress_robots_primary_cat":"","_seopress_titles_title":"","_seopress_titles_desc":"","_seopress_robots_index":"","footnotes":""},"class_list":["post-202","page","type-page","status-publish","has-post-thumbnail","hentry"],"acf":[],"_links":{"self":[{"href":"https:\/\/mandaris.com\/de\/wp-json\/wp\/v2\/pages\/202","targetHints":{"allow":["GET"]}}],"collection":[{"href":"https:\/\/mandaris.com\/de\/wp-json\/wp\/v2\/pages"}],"about":[{"href":"https:\/\/mandaris.com\/de\/wp-json\/wp\/v2\/types\/page"}],"author":[{"embeddable":true,"href":"https:\/\/mandaris.com\/de\/wp-json\/wp\/v2\/users\/3"}],"replies":[{"embeddable":true,"href":"https:\/\/mandaris.com\/de\/wp-json\/wp\/v2\/comments?post=202"}],"version-history":[{"count":2,"href":"https:\/\/mandaris.com\/de\/wp-json\/wp\/v2\/pages\/202\/revisions"}],"predecessor-version":[{"id":207,"href":"https:\/\/mandaris.com\/de\/wp-json\/wp\/v2\/pages\/202\/revisions\/207"}],"up":[{"embeddable":true,"href":"https:\/\/mandaris.com\/de\/wp-json\/wp\/v2\/pages\/196"}],"wp:featuredmedia":[{"embeddable":true,"href":"https:\/\/mandaris.com\/de\/wp-json\/wp\/v2\/media\/145"}],"wp:attachment":[{"href":"https:\/\/mandaris.com\/de\/wp-json\/wp\/v2\/media?parent=202"}],"curies":[{"name":"wp","href":"https:\/\/api.w.org\/{rel}","templated":true}]}}