{"id":204,"date":"2024-09-05T13:25:34","date_gmt":"2024-09-05T13:25:34","guid":{"rendered":"https:\/\/mandaris.nextron.org\/?page_id=204"},"modified":"2026-02-27T16:35:19","modified_gmt":"2026-02-27T14:35:19","slug":"structured-finance1","status":"publish","type":"page","link":"https:\/\/mandaris.com\/de\/dienstleistungen\/structured-finance1\/","title":{"rendered":"Structured Finance"},"content":{"rendered":"\n<h2 class=\"wp-block-heading\">Wachstum braucht eine solide Basis<\/h2>\n\n\n\n<p>Ideen und Investitionen tragen zum Wachstum eines Unternehmens bei. Seit mehr als dreissig Jahren f\u00f6rdern wir durch unsere Finanzierungskonzepte den Unternehmergeist in Europa und weltweit aus der Schweiz heraus. Dies beinhaltet insbesondere Dienstleistungen in den Bereichen der Beschaffung von Eigenkapital und Investitionskrediten sowie&nbsp;Escrow Services. Dar\u00fcber hinaus beraten unsere Spezialisten Sie&nbsp;bei Fragen&nbsp;zu Unternehmensstrategie, Finanzen, Immobilien und internationalem Handel.<\/p>\n\n\n\n<h3 class=\"wp-block-heading\">Securitisation Services<\/h3>\n\n\n\n<p>Die Mandaris-Gruppe ist spezialisiert auf den Bereich der Verm\u00f6gensstrukturierung, einschliesslich Verbriefungstransaktionen, welche wir \u00fcber unsere Coprolin-Plattform in Malta strukturieren. Wir geh\u00f6rten zu den ersten, die den innovativen maltesischen Rechtsrahmen im Bereich der Verbriefung nutzten, der neue plattformartige Modelle f\u00fcr Verbriefungen eingef\u00fchrt hat. So k\u00f6nnen wir jede Anlageklasse zug\u00e4nglich, marktf\u00e4hig und bankf\u00e4hig machen&nbsp;&#8211; zu Ihrem Vorteil.<br>Malta ist bekannt f\u00fcr seine stabile Wirtschaft und sein allgemein unternehmensfreundliches Umfeld. Die Steuer- und Kosteneffizienz macht Malta zum idealen Ort f\u00fcr Verbriefungstransaktionen in der Eurozone.<\/p>\n\n\n\n<h3 class=\"wp-block-heading\">Verbriefung<\/h3>\n\n\n\n<p>Unser Team in Malta realisiert Verbriefungsvorhaben durch eine Securitisation Cell Company (SCC), eine Gesellschaft, die ausschliesslich zum Zwecke des Abschlusses von Verbriefungstransaktionen gegr\u00fcndet wurde. Eine SCC gr\u00fcndet in sich eine oder mehrere Zellen f\u00fcr den Abschluss von Verbriefungstransaktionen. Obwohl eine Verbriefungszelle keine von der SCC getrennte juristische Person ist, stellt sie per Gesellschaftsrecht ein separates und vollst\u00e4ndig abgegrenztes Verm\u00f6gen der SCC dar.<\/p>\n\n\n\n<h5 class=\"wp-block-heading\">Ihr Kontakt&nbsp;f\u00fcr Structured Finance:<\/h5>\n\n\n\n<p><a href=\"mailto:info@coprolin.com\">info@coprolin.com<\/a><\/p>\n\n\n\n<p><\/p>\n","protected":false},"excerpt":{"rendered":"<p>Wachstum braucht eine solide Basis Ideen und Investitionen tragen zum Wachstum eines Unternehmens bei. Seit mehr als dreissig Jahren f\u00f6rdern wir durch unsere Finanzierungskonzepte den Unternehmergeist in Europa und weltweit aus der Schweiz heraus. Dies beinhaltet insbesondere Dienstleistungen in den Bereichen der Beschaffung von Eigenkapital und Investitionskrediten sowie&nbsp;Escrow Services. Dar\u00fcber hinaus beraten unsere Spezialisten Sie&nbsp;bei [&hellip;]<\/p>\n","protected":false},"author":3,"featured_media":150,"parent":196,"menu_order":3,"comment_status":"closed","ping_status":"closed","template":"","meta":{"_acf_changed":false,"_seopress_robots_primary_cat":"","_seopress_titles_title":"","_seopress_titles_desc":"","_seopress_robots_index":"","footnotes":""},"class_list":["post-204","page","type-page","status-publish","has-post-thumbnail","hentry"],"acf":[],"_links":{"self":[{"href":"https:\/\/mandaris.com\/de\/wp-json\/wp\/v2\/pages\/204","targetHints":{"allow":["GET"]}}],"collection":[{"href":"https:\/\/mandaris.com\/de\/wp-json\/wp\/v2\/pages"}],"about":[{"href":"https:\/\/mandaris.com\/de\/wp-json\/wp\/v2\/types\/page"}],"author":[{"embeddable":true,"href":"https:\/\/mandaris.com\/de\/wp-json\/wp\/v2\/users\/3"}],"replies":[{"embeddable":true,"href":"https:\/\/mandaris.com\/de\/wp-json\/wp\/v2\/comments?post=204"}],"version-history":[{"count":4,"href":"https:\/\/mandaris.com\/de\/wp-json\/wp\/v2\/pages\/204\/revisions"}],"predecessor-version":[{"id":2893,"href":"https:\/\/mandaris.com\/de\/wp-json\/wp\/v2\/pages\/204\/revisions\/2893"}],"up":[{"embeddable":true,"href":"https:\/\/mandaris.com\/de\/wp-json\/wp\/v2\/pages\/196"}],"wp:featuredmedia":[{"embeddable":true,"href":"https:\/\/mandaris.com\/de\/wp-json\/wp\/v2\/media\/150"}],"wp:attachment":[{"href":"https:\/\/mandaris.com\/de\/wp-json\/wp\/v2\/media?parent=204"}],"curies":[{"name":"wp","href":"https:\/\/api.w.org\/{rel}","templated":true}]}}