{"id":2441,"date":"2025-07-23T14:17:23","date_gmt":"2025-07-23T12:17:23","guid":{"rendered":"https:\/\/mandaris.com\/?page_id=2441"},"modified":"2025-10-07T16:35:17","modified_gmt":"2025-10-07T14:35:17","slug":"sarah-tufano","status":"publish","type":"page","link":"https:\/\/mandaris.com\/de\/portrait\/unsere-mitarbeitenden\/sarah-tufano\/","title":{"rendered":"Sarah Tufano"},"content":{"rendered":"\n<p><strong>Mandatsassistentin<\/strong><\/p>\n\n\n\n<p>Sprachen: Deutsch, Englisch, Franz\u00f6sisch, Italienisch<\/p>\n\n\n\n<p>Sarah Tufano hat nach ihrer Ausbildung zur Zollbeamtin bei Mandaris AG als Mandatsassistentin und sp\u00e4ter als Personalassistentin gearbeitet. Nach einer l\u00e4ngeren Familienauszeit arbeitete sie in einer renommierten Baumanagement Firma in Basel als Projektassistentin. Ebenfalls war sie auch f\u00fcr das Marketing sowie die Eventorganisation zust\u00e4ndig. Seit Juni 2025 unterst\u00fctzt sie bei Mandaris AG die Leiterin Trust in administrativen Belangen.<\/p>\n\n\n\n<p><\/p>\n","protected":false},"excerpt":{"rendered":"<p>Mandatsassistentin Sprachen: Deutsch, Englisch, Franz\u00f6sisch, Italienisch Sarah Tufano hat nach ihrer Ausbildung zur Zollbeamtin bei Mandaris AG als Mandatsassistentin und sp\u00e4ter als Personalassistentin gearbeitet. Nach einer l\u00e4ngeren Familienauszeit arbeitete sie in einer renommierten Baumanagement Firma in Basel als Projektassistentin. Ebenfalls war sie auch f\u00fcr das Marketing sowie die Eventorganisation zust\u00e4ndig. Seit Juni 2025 unterst\u00fctzt sie [&hellip;]<\/p>\n","protected":false},"author":6,"featured_media":145,"parent":1129,"menu_order":15,"comment_status":"closed","ping_status":"closed","template":"views\/page-employee.php","meta":{"_acf_changed":false,"_seopress_robots_primary_cat":"","_seopress_titles_title":"","_seopress_titles_desc":"","_seopress_robots_index":"","footnotes":""},"class_list":["post-2441","page","type-page","status-publish","has-post-thumbnail","hentry"],"acf":[],"_links":{"self":[{"href":"https:\/\/mandaris.com\/de\/wp-json\/wp\/v2\/pages\/2441","targetHints":{"allow":["GET"]}}],"collection":[{"href":"https:\/\/mandaris.com\/de\/wp-json\/wp\/v2\/pages"}],"about":[{"href":"https:\/\/mandaris.com\/de\/wp-json\/wp\/v2\/types\/page"}],"author":[{"embeddable":true,"href":"https:\/\/mandaris.com\/de\/wp-json\/wp\/v2\/users\/6"}],"replies":[{"embeddable":true,"href":"https:\/\/mandaris.com\/de\/wp-json\/wp\/v2\/comments?post=2441"}],"version-history":[{"count":21,"href":"https:\/\/mandaris.com\/de\/wp-json\/wp\/v2\/pages\/2441\/revisions"}],"predecessor-version":[{"id":2703,"href":"https:\/\/mandaris.com\/de\/wp-json\/wp\/v2\/pages\/2441\/revisions\/2703"}],"up":[{"embeddable":true,"href":"https:\/\/mandaris.com\/de\/wp-json\/wp\/v2\/pages\/1129"}],"wp:featuredmedia":[{"embeddable":true,"href":"https:\/\/mandaris.com\/de\/wp-json\/wp\/v2\/media\/145"}],"wp:attachment":[{"href":"https:\/\/mandaris.com\/de\/wp-json\/wp\/v2\/media?parent=2441"}],"curies":[{"name":"wp","href":"https:\/\/api.w.org\/{rel}","templated":true}]}}