{"id":245,"date":"2024-09-05T19:23:25","date_gmt":"2024-09-05T17:23:25","guid":{"rendered":"https:\/\/mandaris.nextron.org\/?page_id=245"},"modified":"2024-10-07T08:48:19","modified_gmt":"2024-10-07T06:48:19","slug":"jobs","status":"publish","type":"page","link":"https:\/\/mandaris.com\/de\/jobs\/","title":{"rendered":"Jobs"},"content":{"rendered":"\n<h2 class=\"wp-block-heading\">Wir behandeln unsere Mitarbeiter wie Kunden<\/h2>\n\n\n\n<p>F\u00fcr unsere Mitarbeiter haben wir Gro\u00dfes im Sinn. Je zufriedener sie sind, desto konstruktiver ist ihre Arbeit &#8211; und desto besser sind die L\u00f6sungen, die wir f\u00fcr unsere Kunden entwickeln k\u00f6nnen. Deshalb sind Teamgeist, offene Kommunikation und ein motivierendes Arbeitsumfeld f\u00fcr uns zentral. Ebenso legen wir gro\u00dfen Wert auf regelm\u00e4\u00dfige Fortbildung in Fachdisziplinen, F\u00fchrungskompetenz und Pers\u00f6nlichkeitsentwicklung.<\/p>\n\n\n\n<p><\/p>\n","protected":false},"excerpt":{"rendered":"<p>Wir behandeln unsere Mitarbeiter wie Kunden F\u00fcr unsere Mitarbeiter haben wir Gro\u00dfes im Sinn. Je zufriedener sie sind, desto konstruktiver ist ihre Arbeit &#8211; und desto besser sind die L\u00f6sungen, die wir f\u00fcr unsere Kunden entwickeln k\u00f6nnen. Deshalb sind Teamgeist, offene Kommunikation und ein motivierendes Arbeitsumfeld f\u00fcr uns zentral. Ebenso legen wir gro\u00dfen Wert auf [&hellip;]<\/p>\n","protected":false},"author":3,"featured_media":150,"parent":0,"menu_order":19,"comment_status":"closed","ping_status":"closed","template":"","meta":{"_acf_changed":false,"_seopress_robots_primary_cat":"","_seopress_titles_title":"","_seopress_titles_desc":"","_seopress_robots_index":"","footnotes":""},"class_list":["post-245","page","type-page","status-publish","has-post-thumbnail","hentry"],"acf":[],"_links":{"self":[{"href":"https:\/\/mandaris.com\/de\/wp-json\/wp\/v2\/pages\/245","targetHints":{"allow":["GET"]}}],"collection":[{"href":"https:\/\/mandaris.com\/de\/wp-json\/wp\/v2\/pages"}],"about":[{"href":"https:\/\/mandaris.com\/de\/wp-json\/wp\/v2\/types\/page"}],"author":[{"embeddable":true,"href":"https:\/\/mandaris.com\/de\/wp-json\/wp\/v2\/users\/3"}],"replies":[{"embeddable":true,"href":"https:\/\/mandaris.com\/de\/wp-json\/wp\/v2\/comments?post=245"}],"version-history":[{"count":3,"href":"https:\/\/mandaris.com\/de\/wp-json\/wp\/v2\/pages\/245\/revisions"}],"predecessor-version":[{"id":265,"href":"https:\/\/mandaris.com\/de\/wp-json\/wp\/v2\/pages\/245\/revisions\/265"}],"wp:featuredmedia":[{"embeddable":true,"href":"https:\/\/mandaris.com\/de\/wp-json\/wp\/v2\/media\/150"}],"wp:attachment":[{"href":"https:\/\/mandaris.com\/de\/wp-json\/wp\/v2\/media?parent=245"}],"curies":[{"name":"wp","href":"https:\/\/api.w.org\/{rel}","templated":true}]}}