{"id":254,"date":"2024-09-06T10:06:37","date_gmt":"2024-09-06T08:06:37","guid":{"rendered":"https:\/\/mandaris.nextron.org\/?page_id=254"},"modified":"2025-11-10T15:53:11","modified_gmt":"2025-11-10T13:53:11","slug":"offene-stellen","status":"publish","type":"page","link":"https:\/\/mandaris.com\/de\/jobs\/offene-stellen\/","title":{"rendered":"Offene Stellen"},"content":{"rendered":"\n<p><\/p>\n\n\n\n<p><strong>Wir sind auf der Suche nach Ihnen<\/strong><\/p>\n\n\n\n<p>Wir sind immer an motivierten und erfahrenen Fachleuten interessiert, die eine neue Herausforderung suchen. Das gilt auch dann, wenn gerade keine entsprechende Stelle zu besetzen ist. Wir bieten M\u00f6glichkeiten f\u00fcr talentierte und motivierte Fachleute, die ihre F\u00e4higkeiten und Fertigkeiten unter Beweis stellen und eine Karriere in einem anspruchsvollen und interessanten Umfeld aufbauen m\u00f6chten. Ihre Leistungen sind unser Erfolg. Deshalb werden wir Sie bei Ihrer Entwicklung unterst\u00fctzen. Bringen Sie Ihre Erfahrungen, Vorschl\u00e4ge und Ideen ein und profitieren Sie von einer Arbeitsatmosph\u00e4re, die von gegenseitigem Respekt und starkem Interesse am Einzelnen gepr\u00e4gt ist.<\/p>\n\n\n\n<p><\/p>\n","protected":false},"excerpt":{"rendered":"<p>Wir sind auf der Suche nach Ihnen Wir sind immer an motivierten und erfahrenen Fachleuten interessiert, die eine neue Herausforderung suchen. Das gilt auch dann, wenn gerade keine entsprechende Stelle zu besetzen ist. Wir bieten M\u00f6glichkeiten f\u00fcr talentierte und motivierte Fachleute, die ihre F\u00e4higkeiten und Fertigkeiten unter Beweis stellen und eine Karriere in einem anspruchsvollen [&hellip;]<\/p>\n","protected":false},"author":3,"featured_media":145,"parent":245,"menu_order":11,"comment_status":"closed","ping_status":"closed","template":"","meta":{"_acf_changed":false,"_seopress_robots_primary_cat":"","_seopress_titles_title":"","_seopress_titles_desc":"","_seopress_robots_index":"","footnotes":""},"class_list":["post-254","page","type-page","status-publish","has-post-thumbnail","hentry"],"acf":[],"_links":{"self":[{"href":"https:\/\/mandaris.com\/de\/wp-json\/wp\/v2\/pages\/254","targetHints":{"allow":["GET"]}}],"collection":[{"href":"https:\/\/mandaris.com\/de\/wp-json\/wp\/v2\/pages"}],"about":[{"href":"https:\/\/mandaris.com\/de\/wp-json\/wp\/v2\/types\/page"}],"author":[{"embeddable":true,"href":"https:\/\/mandaris.com\/de\/wp-json\/wp\/v2\/users\/3"}],"replies":[{"embeddable":true,"href":"https:\/\/mandaris.com\/de\/wp-json\/wp\/v2\/comments?post=254"}],"version-history":[{"count":17,"href":"https:\/\/mandaris.com\/de\/wp-json\/wp\/v2\/pages\/254\/revisions"}],"predecessor-version":[{"id":2739,"href":"https:\/\/mandaris.com\/de\/wp-json\/wp\/v2\/pages\/254\/revisions\/2739"}],"up":[{"embeddable":true,"href":"https:\/\/mandaris.com\/de\/wp-json\/wp\/v2\/pages\/245"}],"wp:featuredmedia":[{"embeddable":true,"href":"https:\/\/mandaris.com\/de\/wp-json\/wp\/v2\/media\/145"}],"wp:attachment":[{"href":"https:\/\/mandaris.com\/de\/wp-json\/wp\/v2\/media?parent=254"}],"curies":[{"name":"wp","href":"https:\/\/api.w.org\/{rel}","templated":true}]}}