{"id":257,"date":"2024-09-06T10:10:43","date_gmt":"2024-09-06T08:10:43","guid":{"rendered":"https:\/\/mandaris.nextron.org\/?page_id=257"},"modified":"2026-01-23T14:29:26","modified_gmt":"2026-01-23T12:29:26","slug":"bewerbungsinfos","status":"publish","type":"page","link":"https:\/\/mandaris.com\/de\/jobs\/bewerbungsinfos\/","title":{"rendered":"Bewerbungsinfos"},"content":{"rendered":"\n<h2 class=\"wp-block-heading\">Stellen Sie sich vor<\/h2>\n\n\n\n<p>Wir wollen Sie gerne kennenlernen und freuen uns \u00fcber Ihre Bewerbung, sei es per&nbsp;<a>E-Mail<\/a>&nbsp;oder auf dem konventionellen Weg.<\/p>\n\n\n\n<p>Damit wir Ihnen eine L\u00f6sung pr\u00e4sentieren k\u00f6nnen, die Ihren Erwartungen gerecht wird, m\u00f6chten wir erfahren, welche T\u00e4tigkeiten Sie heute interessieren.<\/p>\n\n\n\n<p>Was ist f\u00fcr die weitere Selektion von Nutzen?<\/p>\n\n\n\n<p>\u00bb Tabellarischer Lebenslauf inkl. Foto<br>\u00bb Kopien s\u00e4mtlicher Arbeitszeugnisse<br>\u00bb Diplome, Fach- und F\u00e4higkeitsausweise<\/p>\n\n\n\n<p>Haben Sie noch Fragen? Ihre Kontaktaufnahme w\u00fcrde uns freuen.<\/p>\n\n\n\n<p>Mandaris AG<br>Alexandre von Heeren<br>St. Alban-Anlage 46<br>CH-4052 Basel<br>Tel. +41 61 285 17 17<br><a href=\"mailto:jobs@mandaris.com\">jobs@mandaris.com<\/a><\/p>\n","protected":false},"excerpt":{"rendered":"<p>Stellen Sie sich vor Wir wollen Sie gerne kennenlernen und freuen uns \u00fcber Ihre Bewerbung, sei es per&nbsp;E-Mail&nbsp;oder auf dem konventionellen Weg. Damit wir Ihnen eine L\u00f6sung pr\u00e4sentieren k\u00f6nnen, die Ihren Erwartungen gerecht wird, m\u00f6chten wir erfahren, welche T\u00e4tigkeiten Sie heute interessieren. Was ist f\u00fcr die weitere Selektion von Nutzen? \u00bb Tabellarischer Lebenslauf inkl. Foto\u00bb [&hellip;]<\/p>\n","protected":false},"author":3,"featured_media":150,"parent":245,"menu_order":10,"comment_status":"closed","ping_status":"closed","template":"","meta":{"_acf_changed":false,"_seopress_robots_primary_cat":"","_seopress_titles_title":"","_seopress_titles_desc":"","_seopress_robots_index":"","footnotes":""},"class_list":["post-257","page","type-page","status-publish","has-post-thumbnail","hentry"],"acf":[],"_links":{"self":[{"href":"https:\/\/mandaris.com\/de\/wp-json\/wp\/v2\/pages\/257","targetHints":{"allow":["GET"]}}],"collection":[{"href":"https:\/\/mandaris.com\/de\/wp-json\/wp\/v2\/pages"}],"about":[{"href":"https:\/\/mandaris.com\/de\/wp-json\/wp\/v2\/types\/page"}],"author":[{"embeddable":true,"href":"https:\/\/mandaris.com\/de\/wp-json\/wp\/v2\/users\/3"}],"replies":[{"embeddable":true,"href":"https:\/\/mandaris.com\/de\/wp-json\/wp\/v2\/comments?post=257"}],"version-history":[{"count":4,"href":"https:\/\/mandaris.com\/de\/wp-json\/wp\/v2\/pages\/257\/revisions"}],"predecessor-version":[{"id":2834,"href":"https:\/\/mandaris.com\/de\/wp-json\/wp\/v2\/pages\/257\/revisions\/2834"}],"up":[{"embeddable":true,"href":"https:\/\/mandaris.com\/de\/wp-json\/wp\/v2\/pages\/245"}],"wp:featuredmedia":[{"embeddable":true,"href":"https:\/\/mandaris.com\/de\/wp-json\/wp\/v2\/media\/150"}],"wp:attachment":[{"href":"https:\/\/mandaris.com\/de\/wp-json\/wp\/v2\/media?parent=257"}],"curies":[{"name":"wp","href":"https:\/\/api.w.org\/{rel}","templated":true}]}}