{"id":2857,"date":"2026-01-27T16:29:09","date_gmt":"2026-01-27T14:29:09","guid":{"rendered":"https:\/\/mandaris.com\/?page_id=2857"},"modified":"2026-01-27T16:57:25","modified_gmt":"2026-01-27T14:57:25","slug":"oscar-helbing-n","status":"publish","type":"page","link":"https:\/\/mandaris.com\/de\/portrait\/unsere-mitarbeitenden\/oscar-helbing-n\/","title":{"rendered":"Oscar Helbing"},"content":{"rendered":"\n<p>Assistent\/ Rezeptionist<\/p>\n\n\n\n<p>Sprachen: Deutsch, Englisch, Franz\u00f6sisch<\/p>\n\n\n\n<p>Oscar Helbing betreut den Empfang in Basel und unterst\u00fctzt die Bereiche bei administrativen T\u00e4tigkeiten. Er studiert Rechtswissenschaften an der Universit\u00e4t in Basel. Vor seiner Anstellung bei Mandaris war er in einer Versicherungsgesellschaft als Werkstudent t\u00e4tig.<\/p>\n","protected":false},"excerpt":{"rendered":"<p>Assistent\/ Rezeptionist Sprachen: Deutsch, Englisch, Franz\u00f6sisch Oscar Helbing betreut den Empfang in Basel und unterst\u00fctzt die Bereiche bei administrativen T\u00e4tigkeiten. Er studiert Rechtswissenschaften an der Universit\u00e4t in Basel. Vor seiner Anstellung bei Mandaris war er in einer Versicherungsgesellschaft als Werkstudent t\u00e4tig.<\/p>\n","protected":false},"author":6,"featured_media":150,"parent":1129,"menu_order":10,"comment_status":"closed","ping_status":"closed","template":"views\/page-employee.php","meta":{"_acf_changed":false,"_seopress_robots_primary_cat":"","_seopress_titles_title":"","_seopress_titles_desc":"","_seopress_robots_index":"","footnotes":""},"class_list":["post-2857","page","type-page","status-publish","has-post-thumbnail","hentry"],"acf":[],"_links":{"self":[{"href":"https:\/\/mandaris.com\/de\/wp-json\/wp\/v2\/pages\/2857","targetHints":{"allow":["GET"]}}],"collection":[{"href":"https:\/\/mandaris.com\/de\/wp-json\/wp\/v2\/pages"}],"about":[{"href":"https:\/\/mandaris.com\/de\/wp-json\/wp\/v2\/types\/page"}],"author":[{"embeddable":true,"href":"https:\/\/mandaris.com\/de\/wp-json\/wp\/v2\/users\/6"}],"replies":[{"embeddable":true,"href":"https:\/\/mandaris.com\/de\/wp-json\/wp\/v2\/comments?post=2857"}],"version-history":[{"count":4,"href":"https:\/\/mandaris.com\/de\/wp-json\/wp\/v2\/pages\/2857\/revisions"}],"predecessor-version":[{"id":2864,"href":"https:\/\/mandaris.com\/de\/wp-json\/wp\/v2\/pages\/2857\/revisions\/2864"}],"up":[{"embeddable":true,"href":"https:\/\/mandaris.com\/de\/wp-json\/wp\/v2\/pages\/1129"}],"wp:featuredmedia":[{"embeddable":true,"href":"https:\/\/mandaris.com\/de\/wp-json\/wp\/v2\/media\/150"}],"wp:attachment":[{"href":"https:\/\/mandaris.com\/de\/wp-json\/wp\/v2\/media?parent=2857"}],"curies":[{"name":"wp","href":"https:\/\/api.w.org\/{rel}","templated":true}]}}