{"id":2958,"date":"2026-04-12T22:22:27","date_gmt":"2026-04-12T20:22:27","guid":{"rendered":"https:\/\/mandaris.com\/?page_id=2958"},"modified":"2026-04-12T23:33:06","modified_gmt":"2026-04-12T21:33:06","slug":"anastasiia-pokladii","status":"publish","type":"page","link":"https:\/\/mandaris.com\/de\/portrait\/unsere-mitarbeitenden\/anastasiia-pokladii\/","title":{"rendered":"Anastasiia Pokladii"},"content":{"rendered":"\n<p><strong>Junior Accountant<\/strong><\/p>\n\n\n\n<p>Sprachen: Deutsch, Englisch, Russisch, Ukrainisch<\/p>\n\n\n\n<p>Anastasia absolvierte ihr Aufbaustudium in Management und Buchhaltung am Nationalen Universit\u00e4t in Odessa (Ukraine). Sie verf\u00fcgt \u00fcber umfangreiche Erfahrung in Wirtschaft und Rechnungswesen im \u00f6ffentlichen Dienst. Wertvolle Berufserfahrung sammelte sie in der Schweiz in der Finanzabteilung eines grossen Restaurantunternehmens. Ihr Wissendurst und hohe Motivation f\u00fchrten sie zu Mandaris AG, wo sie gemeinsam mit dem Buchhaltungsteam in Basel die Finanzbuchhaltung der Kunden betreut.<\/p>\n\n\n\n<p><\/p>\n","protected":false},"excerpt":{"rendered":"<p>Junior Accountant Sprachen: Deutsch, Englisch, Russisch, Ukrainisch Anastasia absolvierte ihr Aufbaustudium in Management und Buchhaltung am Nationalen Universit\u00e4t in Odessa (Ukraine). Sie verf\u00fcgt \u00fcber umfangreiche Erfahrung in Wirtschaft und Rechnungswesen im \u00f6ffentlichen Dienst. Wertvolle Berufserfahrung sammelte sie in der Schweiz in der Finanzabteilung eines grossen Restaurantunternehmens. Ihr Wissendurst und hohe Motivation f\u00fchrten sie zu Mandaris [&hellip;]<\/p>\n","protected":false},"author":6,"featured_media":133,"parent":1129,"menu_order":5,"comment_status":"closed","ping_status":"closed","template":"views\/page-employee.php","meta":{"_acf_changed":false,"_seopress_robots_primary_cat":"","_seopress_titles_title":"","_seopress_titles_desc":"","_seopress_robots_index":"","footnotes":""},"class_list":["post-2958","page","type-page","status-publish","has-post-thumbnail","hentry"],"acf":[],"_links":{"self":[{"href":"https:\/\/mandaris.com\/de\/wp-json\/wp\/v2\/pages\/2958","targetHints":{"allow":["GET"]}}],"collection":[{"href":"https:\/\/mandaris.com\/de\/wp-json\/wp\/v2\/pages"}],"about":[{"href":"https:\/\/mandaris.com\/de\/wp-json\/wp\/v2\/types\/page"}],"author":[{"embeddable":true,"href":"https:\/\/mandaris.com\/de\/wp-json\/wp\/v2\/users\/6"}],"replies":[{"embeddable":true,"href":"https:\/\/mandaris.com\/de\/wp-json\/wp\/v2\/comments?post=2958"}],"version-history":[{"count":12,"href":"https:\/\/mandaris.com\/de\/wp-json\/wp\/v2\/pages\/2958\/revisions"}],"predecessor-version":[{"id":2978,"href":"https:\/\/mandaris.com\/de\/wp-json\/wp\/v2\/pages\/2958\/revisions\/2978"}],"up":[{"embeddable":true,"href":"https:\/\/mandaris.com\/de\/wp-json\/wp\/v2\/pages\/1129"}],"wp:featuredmedia":[{"embeddable":true,"href":"https:\/\/mandaris.com\/de\/wp-json\/wp\/v2\/media\/133"}],"wp:attachment":[{"href":"https:\/\/mandaris.com\/de\/wp-json\/wp\/v2\/media?parent=2958"}],"curies":[{"name":"wp","href":"https:\/\/api.w.org\/{rel}","templated":true}]}}