{"id":1409,"date":"2024-09-10T18:14:28","date_gmt":"2024-09-10T16:14:28","guid":{"rendered":"https:\/\/mandaris.nextron.org\/portrait\/unsere-mitarbeitenden\/"},"modified":"2024-10-30T12:21:01","modified_gmt":"2024-10-30T10:21:01","slug":"collaborateurs1","status":"publish","type":"page","link":"https:\/\/mandaris.com\/fr\/portrait\/collaborateurs1\/","title":{"rendered":"Collaborateurs"},"content":{"rendered":"\n<h2 class=\"wp-block-heading\">Nos collaborateurs: notre plus grand capital<\/h2>\n\n\n\n<p>Chez nous, le capital humain joue un r\u00f4le de premier plan. Qu\u2019il s&#8217;agisse de nos clients ou de nos&nbsp;collaborateurs, nous leur accordons tous nos \u00e9gards et,&nbsp;mettons tout en \u0153uvre pour que cette relation harmonieuse se p\u00e9rennise dans les meilleures conditions.<\/p>\n\n\n\n<p>Voici les collaboratrices et les collaborateurs qui vous assurent un service professionnel et de qualit\u00e9:&nbsp;<\/p>\n","protected":false},"excerpt":{"rendered":"<p>Nos collaborateurs: notre plus grand capital Chez nous, le capital humain joue un r\u00f4le de premier plan. Qu\u2019il s&#8217;agisse de nos clients ou de nos&nbsp;collaborateurs, nous leur accordons tous nos \u00e9gards et,&nbsp;mettons tout en \u0153uvre pour que cette relation harmonieuse se p\u00e9rennise dans les meilleures conditions. Voici les collaboratrices et les collaborateurs qui vous assurent [&hellip;]<\/p>\n","protected":false},"author":3,"featured_media":412,"parent":759,"menu_order":6,"comment_status":"closed","ping_status":"closed","template":"views\/page-our-employees.php","meta":{"_acf_changed":false,"_seopress_robots_primary_cat":"","_seopress_titles_title":"","_seopress_titles_desc":"","_seopress_robots_index":"","footnotes":""},"class_list":["post-1409","page","type-page","status-publish","has-post-thumbnail","hentry"],"acf":[],"_links":{"self":[{"href":"https:\/\/mandaris.com\/fr\/wp-json\/wp\/v2\/pages\/1409","targetHints":{"allow":["GET"]}}],"collection":[{"href":"https:\/\/mandaris.com\/fr\/wp-json\/wp\/v2\/pages"}],"about":[{"href":"https:\/\/mandaris.com\/fr\/wp-json\/wp\/v2\/types\/page"}],"author":[{"embeddable":true,"href":"https:\/\/mandaris.com\/fr\/wp-json\/wp\/v2\/users\/3"}],"replies":[{"embeddable":true,"href":"https:\/\/mandaris.com\/fr\/wp-json\/wp\/v2\/comments?post=1409"}],"version-history":[{"count":1,"href":"https:\/\/mandaris.com\/fr\/wp-json\/wp\/v2\/pages\/1409\/revisions"}],"predecessor-version":[{"id":1414,"href":"https:\/\/mandaris.com\/fr\/wp-json\/wp\/v2\/pages\/1409\/revisions\/1414"}],"up":[{"embeddable":true,"href":"https:\/\/mandaris.com\/fr\/wp-json\/wp\/v2\/pages\/759"}],"wp:featuredmedia":[{"embeddable":true,"href":"https:\/\/mandaris.com\/fr\/wp-json\/wp\/v2\/media\/412"}],"wp:attachment":[{"href":"https:\/\/mandaris.com\/fr\/wp-json\/wp\/v2\/media?parent=1409"}],"curies":[{"name":"wp","href":"https:\/\/api.w.org\/{rel}","templated":true}]}}