{"id":1425,"date":"2024-09-10T18:16:07","date_gmt":"2024-09-10T16:16:07","guid":{"rendered":"https:\/\/mandaris.nextron.org\/?page_id=1425"},"modified":"2024-09-11T13:51:07","modified_gmt":"2024-09-11T11:51:07","slug":"alexandre-von-heeren","status":"publish","type":"page","link":"https:\/\/mandaris.com\/fr\/portrait\/collaborateurs1\/alexandre-von-heeren\/","title":{"rendered":"Alexandre von Heeren"},"content":{"rendered":"\n<p><strong>Lic. iur., LL.M. (International Banking and Finance Law)<br>Managing Partner, Pr\u00e9sident du conseil d&#8217;administration<\/strong><\/p>\n\n\n\n<p>Langues: allemand\/fran\u00e7ais bilingue, anglais<\/p>\n\n\n\n<p>Alexandre von Heeren dirige les d\u00e9partements Client\u00e8le Priv\u00e9e et Fonds\/Titrisation. En plus de diriger ces deux domaines d\u2019activit\u00e9s, Alexandre vous conseille non seulement dans les domaines du droit fiscal international, des financements et des structures de fonds, mais aussi dans la cr\u00e9ation et la gestion de soci\u00e9t\u00e9s, Trusts et autres entit\u00e9s. Il sait aussi organiser la relocalisation des personnes et des entreprises.<br><br>Apr\u00e8s avoir travaill\u00e9 pour plusieurs grandes banques, Alexandre a rejoint Mandaris en 1998. Il&nbsp;est membre de la Society of Trust &amp; Estate Practitioners (STEP), de la &#8220;International Bar Association&#8221; et de la &#8220;International Fiscal Association&#8221; et intervient r\u00e9guli\u00e8rement lors de s\u00e9minaires.<\/p>\n\n\n\n<p>De 2012 \u00e0 2019 il a \u00e9t\u00e9 \u00e9galement pr\u00e9sident de la&nbsp;Swiss Association of Trust Companies SATC.<\/p>\n","protected":false},"excerpt":{"rendered":"<p>Lic. iur., LL.M. (International Banking and Finance Law)Managing Partner, Pr\u00e9sident du conseil d&#8217;administration Langues: allemand\/fran\u00e7ais bilingue, anglais Alexandre von Heeren dirige les d\u00e9partements Client\u00e8le Priv\u00e9e et Fonds\/Titrisation. En plus de diriger ces deux domaines d\u2019activit\u00e9s, Alexandre vous conseille non seulement dans les domaines du droit fiscal international, des financements et des structures de fonds, mais [&hellip;]<\/p>\n","protected":false},"author":3,"featured_media":409,"parent":1409,"menu_order":7,"comment_status":"closed","ping_status":"closed","template":"views\/page-employee.php","meta":{"_acf_changed":false,"_seopress_robots_primary_cat":"","_seopress_titles_title":"","_seopress_titles_desc":"","_seopress_robots_index":"","footnotes":""},"class_list":["post-1425","page","type-page","status-publish","has-post-thumbnail","hentry"],"acf":[],"_links":{"self":[{"href":"https:\/\/mandaris.com\/fr\/wp-json\/wp\/v2\/pages\/1425","targetHints":{"allow":["GET"]}}],"collection":[{"href":"https:\/\/mandaris.com\/fr\/wp-json\/wp\/v2\/pages"}],"about":[{"href":"https:\/\/mandaris.com\/fr\/wp-json\/wp\/v2\/types\/page"}],"author":[{"embeddable":true,"href":"https:\/\/mandaris.com\/fr\/wp-json\/wp\/v2\/users\/3"}],"replies":[{"embeddable":true,"href":"https:\/\/mandaris.com\/fr\/wp-json\/wp\/v2\/comments?post=1425"}],"version-history":[{"count":1,"href":"https:\/\/mandaris.com\/fr\/wp-json\/wp\/v2\/pages\/1425\/revisions"}],"predecessor-version":[{"id":1426,"href":"https:\/\/mandaris.com\/fr\/wp-json\/wp\/v2\/pages\/1425\/revisions\/1426"}],"up":[{"embeddable":true,"href":"https:\/\/mandaris.com\/fr\/wp-json\/wp\/v2\/pages\/1409"}],"wp:featuredmedia":[{"embeddable":true,"href":"https:\/\/mandaris.com\/fr\/wp-json\/wp\/v2\/media\/409"}],"wp:attachment":[{"href":"https:\/\/mandaris.com\/fr\/wp-json\/wp\/v2\/media?parent=1425"}],"curies":[{"name":"wp","href":"https:\/\/api.w.org\/{rel}","templated":true}]}}