{"id":1437,"date":"2024-09-11T15:15:49","date_gmt":"2024-09-11T13:15:49","guid":{"rendered":"https:\/\/mandaris.nextron.org\/?page_id=1437"},"modified":"2024-09-11T15:42:05","modified_gmt":"2024-09-11T13:42:05","slug":"barbara-schnell","status":"publish","type":"page","link":"https:\/\/mandaris.com\/fr\/portrait\/collaborateurs1\/barbara-schnell\/","title":{"rendered":"Barbara Schnell"},"content":{"rendered":"\n<p><strong>MLaw, TEP\/Dip (ITM)<\/strong><br>Non-Equity-Partner, Membre du conseil d&#8217;administration, Conseill\u00e8re de client\u00e8le senior<\/p>\n\n\n\n<p>Langues: anglais, allemand, fran\u00e7ais, italien<\/p>\n\n\n\n<p>Barbara Schnell dirige les services Trust et Company Administration de la Soci\u00e9t\u00e9 et vous conseille dans les questions de droit fiscal international, de financement, de la cr\u00e9ation et de la gestion de trusts, soci\u00e9t\u00e9s et autres entit\u00e9s, ainsi que dans les questions de d\u00e9localisation des personnes et des entreprises.<\/p>\n\n\n\n<p>Apr\u00e8s avoir travaill\u00e9 pour une compagnie d\u2018assurances de protection juridique ainsi qu\u2019au d\u00e9partement conformit\u00e9 d&#8217;une entreprise de courtage en ligne, Barbara Schnell a rejoint Mandaris AG en 2000.<\/p>\n\n\n\n<p>Barbara d\u00e9tient un Master en droit et titulaire du titre PTE\/Dip (ITM). Elle&nbsp;est un membre actif de la Society of Trust et Estate Practitioners (STEP).<\/p>\n","protected":false},"excerpt":{"rendered":"<p>MLaw, TEP\/Dip (ITM)Non-Equity-Partner, Membre du conseil d&#8217;administration, Conseill\u00e8re de client\u00e8le senior Langues: anglais, allemand, fran\u00e7ais, italien Barbara Schnell dirige les services Trust et Company Administration de la Soci\u00e9t\u00e9 et vous conseille dans les questions de droit fiscal international, de financement, de la cr\u00e9ation et de la gestion de trusts, soci\u00e9t\u00e9s et autres entit\u00e9s, ainsi que [&hellip;]<\/p>\n","protected":false},"author":3,"featured_media":406,"parent":1409,"menu_order":8,"comment_status":"closed","ping_status":"closed","template":"views\/page-employee.php","meta":{"_acf_changed":false,"_seopress_robots_primary_cat":"","_seopress_titles_title":"","_seopress_titles_desc":"","_seopress_robots_index":"","footnotes":""},"class_list":["post-1437","page","type-page","status-publish","has-post-thumbnail","hentry"],"acf":[],"_links":{"self":[{"href":"https:\/\/mandaris.com\/fr\/wp-json\/wp\/v2\/pages\/1437","targetHints":{"allow":["GET"]}}],"collection":[{"href":"https:\/\/mandaris.com\/fr\/wp-json\/wp\/v2\/pages"}],"about":[{"href":"https:\/\/mandaris.com\/fr\/wp-json\/wp\/v2\/types\/page"}],"author":[{"embeddable":true,"href":"https:\/\/mandaris.com\/fr\/wp-json\/wp\/v2\/users\/3"}],"replies":[{"embeddable":true,"href":"https:\/\/mandaris.com\/fr\/wp-json\/wp\/v2\/comments?post=1437"}],"version-history":[{"count":1,"href":"https:\/\/mandaris.com\/fr\/wp-json\/wp\/v2\/pages\/1437\/revisions"}],"predecessor-version":[{"id":1438,"href":"https:\/\/mandaris.com\/fr\/wp-json\/wp\/v2\/pages\/1437\/revisions\/1438"}],"up":[{"embeddable":true,"href":"https:\/\/mandaris.com\/fr\/wp-json\/wp\/v2\/pages\/1409"}],"wp:featuredmedia":[{"embeddable":true,"href":"https:\/\/mandaris.com\/fr\/wp-json\/wp\/v2\/media\/406"}],"wp:attachment":[{"href":"https:\/\/mandaris.com\/fr\/wp-json\/wp\/v2\/media?parent=1437"}],"curies":[{"name":"wp","href":"https:\/\/api.w.org\/{rel}","templated":true}]}}