{"id":1453,"date":"2024-09-11T15:57:09","date_gmt":"2024-09-11T13:57:09","guid":{"rendered":"https:\/\/mandaris.nextron.org\/?page_id=1453"},"modified":"2026-03-18T18:43:43","modified_gmt":"2026-03-18T16:43:43","slug":"sandro-ardenti","status":"publish","type":"page","link":"https:\/\/mandaris.com\/fr\/portrait\/collaborateurs1\/sandro-ardenti\/","title":{"rendered":"Sandro Ardenti"},"content":{"rendered":"\n<p><strong>Chef de la comptabilit\u00e9<\/strong><\/p>\n\n\n\n<p>Langues: Fran\u00e7ais, allemand, anglais,<\/p>\n\n\n\n<p>Sandro a r\u00e9alis\u00e9 ses \u00e9tudes sup\u00e9rieures de Comptabilit\u00e9 et de gestion au sein de l\u2019Universit\u00e9 de Haute Alsace \u00e0 Mulhouse (France). Ayant eu l\u2019opportunit\u00e9 d\u2019\u00e9tudier par le biais de l\u2019alternance, il a tout d\u2019abord \u00e9volu\u00e9 4 ann\u00e9es au sein d\u2019un cabinet d\u2019expertise comptable localis\u00e9 dans l\u2019Est de la France. Il d\u00e9cida ensuite d\u2019int\u00e9grer le service financier d\u2019une entreprise internationale sp\u00e9cialis\u00e9e dans le domaine du tourisme afin d\u2019y \u00e9largir ses comp\u00e9tences. Enfin, sa soif de nouveaut\u00e9 et de d\u00e9fis \u00e0 relever l\u2019ont conduit \u00e0 rejoindre Mandaris AG en 2024.<\/p>\n\n\n\n<p>Au sein de Mandaris SA, en collaboration avec l&#8217;\u00e9quipe de comptabilit\u00e9 \u00e0 B\u00e2le et \u00e0 Malte, il g\u00e8re la comptabilit\u00e9 financi\u00e8re des clients.<\/p>\n","protected":false},"excerpt":{"rendered":"<p>Chef de la comptabilit\u00e9 Langues: Fran\u00e7ais, allemand, anglais, Sandro a r\u00e9alis\u00e9 ses \u00e9tudes sup\u00e9rieures de Comptabilit\u00e9 et de gestion au sein de l\u2019Universit\u00e9 de Haute Alsace \u00e0 Mulhouse (France). Ayant eu l\u2019opportunit\u00e9 d\u2019\u00e9tudier par le biais de l\u2019alternance, il a tout d\u2019abord \u00e9volu\u00e9 4 ann\u00e9es au sein d\u2019un cabinet d\u2019expertise comptable localis\u00e9 dans l\u2019Est de [&hellip;]<\/p>\n","protected":false},"author":3,"featured_media":412,"parent":1409,"menu_order":13,"comment_status":"closed","ping_status":"closed","template":"views\/page-employee.php","meta":{"_acf_changed":false,"_seopress_robots_primary_cat":"","_seopress_titles_title":"","_seopress_titles_desc":"","_seopress_robots_index":"","footnotes":""},"class_list":["post-1453","page","type-page","status-publish","has-post-thumbnail","hentry"],"acf":[],"_links":{"self":[{"href":"https:\/\/mandaris.com\/fr\/wp-json\/wp\/v2\/pages\/1453","targetHints":{"allow":["GET"]}}],"collection":[{"href":"https:\/\/mandaris.com\/fr\/wp-json\/wp\/v2\/pages"}],"about":[{"href":"https:\/\/mandaris.com\/fr\/wp-json\/wp\/v2\/types\/page"}],"author":[{"embeddable":true,"href":"https:\/\/mandaris.com\/fr\/wp-json\/wp\/v2\/users\/3"}],"replies":[{"embeddable":true,"href":"https:\/\/mandaris.com\/fr\/wp-json\/wp\/v2\/comments?post=1453"}],"version-history":[{"count":7,"href":"https:\/\/mandaris.com\/fr\/wp-json\/wp\/v2\/pages\/1453\/revisions"}],"predecessor-version":[{"id":2908,"href":"https:\/\/mandaris.com\/fr\/wp-json\/wp\/v2\/pages\/1453\/revisions\/2908"}],"up":[{"embeddable":true,"href":"https:\/\/mandaris.com\/fr\/wp-json\/wp\/v2\/pages\/1409"}],"wp:featuredmedia":[{"embeddable":true,"href":"https:\/\/mandaris.com\/fr\/wp-json\/wp\/v2\/media\/412"}],"wp:attachment":[{"href":"https:\/\/mandaris.com\/fr\/wp-json\/wp\/v2\/media?parent=1453"}],"curies":[{"name":"wp","href":"https:\/\/api.w.org\/{rel}","templated":true}]}}