{"id":1577,"date":"2024-09-11T18:54:27","date_gmt":"2024-09-11T16:54:27","guid":{"rendered":"https:\/\/mandaris.nextron.org\/?page_id=1577"},"modified":"2024-11-08T17:44:01","modified_gmt":"2024-11-08T15:44:01","slug":"barbara-papapietro","status":"publish","type":"page","link":"https:\/\/mandaris.com\/fr\/portrait\/collaborateurs1\/barbara-papapietro\/","title":{"rendered":"Barbara Papapietro"},"content":{"rendered":"\n<p><strong>Assistante\/Receptioniste<\/strong><\/p>\n\n\n\n<p>Langues: allemand, anglais<\/p>\n\n\n\n<p>Barbara Papapietro dirige la r\u00e9ception chez Mandaris et est le premier point de contact pour les clients et les employ\u00e9s. De plus, elle soutient l`administration en mati\u00e8re de gestion de bureau, de marketing et de ressources humaines. Barbara a acquis de l&#8217;exp\u00e9rience dans des entreprises mondiales dans divers secteurs.<\/p>\n\n\n\n<p><\/p>\n","protected":false},"excerpt":{"rendered":"<p>Assistante\/Receptioniste Langues: allemand, anglais Barbara Papapietro dirige la r\u00e9ception chez Mandaris et est le premier point de contact pour les clients et les employ\u00e9s. De plus, elle soutient l`administration en mati\u00e8re de gestion de bureau, de marketing et de ressources humaines. Barbara a acquis de l&#8217;exp\u00e9rience dans des entreprises mondiales dans divers secteurs.<\/p>\n","protected":false},"author":3,"featured_media":403,"parent":1409,"menu_order":9,"comment_status":"closed","ping_status":"closed","template":"views\/page-employee.php","meta":{"_acf_changed":false,"_seopress_robots_primary_cat":"","_seopress_titles_title":"","_seopress_titles_desc":"","_seopress_robots_index":"","footnotes":""},"class_list":["post-1577","page","type-page","status-publish","has-post-thumbnail","hentry"],"acf":[],"_links":{"self":[{"href":"https:\/\/mandaris.com\/fr\/wp-json\/wp\/v2\/pages\/1577","targetHints":{"allow":["GET"]}}],"collection":[{"href":"https:\/\/mandaris.com\/fr\/wp-json\/wp\/v2\/pages"}],"about":[{"href":"https:\/\/mandaris.com\/fr\/wp-json\/wp\/v2\/types\/page"}],"author":[{"embeddable":true,"href":"https:\/\/mandaris.com\/fr\/wp-json\/wp\/v2\/users\/3"}],"replies":[{"embeddable":true,"href":"https:\/\/mandaris.com\/fr\/wp-json\/wp\/v2\/comments?post=1577"}],"version-history":[{"count":3,"href":"https:\/\/mandaris.com\/fr\/wp-json\/wp\/v2\/pages\/1577\/revisions"}],"predecessor-version":[{"id":1970,"href":"https:\/\/mandaris.com\/fr\/wp-json\/wp\/v2\/pages\/1577\/revisions\/1970"}],"up":[{"embeddable":true,"href":"https:\/\/mandaris.com\/fr\/wp-json\/wp\/v2\/pages\/1409"}],"wp:featuredmedia":[{"embeddable":true,"href":"https:\/\/mandaris.com\/fr\/wp-json\/wp\/v2\/media\/403"}],"wp:attachment":[{"href":"https:\/\/mandaris.com\/fr\/wp-json\/wp\/v2\/media?parent=1577"}],"curies":[{"name":"wp","href":"https:\/\/api.w.org\/{rel}","templated":true}]}}