{"id":1597,"date":"2024-09-11T19:14:00","date_gmt":"2024-09-11T17:14:00","guid":{"rendered":"https:\/\/mandaris.nextron.org\/?page_id=1597"},"modified":"2026-02-27T16:22:18","modified_gmt":"2026-02-27T14:22:18","slug":"david-waibel","status":"publish","type":"page","link":"https:\/\/mandaris.com\/fr\/portrait\/collaborateurs1\/david-waibel\/","title":{"rendered":"David Waibel"},"content":{"rendered":"\n<p><strong>Expert fiscal dipl\u00f4m\u00e9, Bachelor en \u00e9conomie d&#8217;entreprise HES<\/strong><\/p>\n\n\n\n<p>Langues: allemand, anglais<\/p>\n\n\n\n<p>David Waibel est conseiller fiscal pour toutes questions fiscales nationales et internationales, pour les particuliers, les entreprises,&nbsp; les questions TVA et le droit proc\u00e9dural fiscal.<\/p>\n\n\n\n<p>David Waibel est membre d&#8217;EXPERTsuisse (l&#8217;association suisse des experts en audit, fiscalit\u00e9 et fiduciaire) et de l\u2019association suisse des experts fiscaux dipl\u00f4m\u00e9s (ASEFiD).<\/p>\n\n\n\n<p><\/p>\n","protected":false},"excerpt":{"rendered":"<p>Expert fiscal dipl\u00f4m\u00e9, Bachelor en \u00e9conomie d&#8217;entreprise HES Langues: allemand, anglais David Waibel est conseiller fiscal pour toutes questions fiscales nationales et internationales, pour les particuliers, les entreprises,&nbsp; les questions TVA et le droit proc\u00e9dural fiscal. David Waibel est membre d&#8217;EXPERTsuisse (l&#8217;association suisse des experts en audit, fiscalit\u00e9 et fiduciaire) et de l\u2019association suisse des [&hellip;]<\/p>\n","protected":false},"author":3,"featured_media":409,"parent":1409,"menu_order":10,"comment_status":"closed","ping_status":"closed","template":"views\/page-employee.php","meta":{"_acf_changed":false,"_seopress_robots_primary_cat":"","_seopress_titles_title":"","_seopress_titles_desc":"","_seopress_robots_index":"","footnotes":""},"class_list":["post-1597","page","type-page","status-publish","has-post-thumbnail","hentry"],"acf":[],"_links":{"self":[{"href":"https:\/\/mandaris.com\/fr\/wp-json\/wp\/v2\/pages\/1597","targetHints":{"allow":["GET"]}}],"collection":[{"href":"https:\/\/mandaris.com\/fr\/wp-json\/wp\/v2\/pages"}],"about":[{"href":"https:\/\/mandaris.com\/fr\/wp-json\/wp\/v2\/types\/page"}],"author":[{"embeddable":true,"href":"https:\/\/mandaris.com\/fr\/wp-json\/wp\/v2\/users\/3"}],"replies":[{"embeddable":true,"href":"https:\/\/mandaris.com\/fr\/wp-json\/wp\/v2\/comments?post=1597"}],"version-history":[{"count":3,"href":"https:\/\/mandaris.com\/fr\/wp-json\/wp\/v2\/pages\/1597\/revisions"}],"predecessor-version":[{"id":2887,"href":"https:\/\/mandaris.com\/fr\/wp-json\/wp\/v2\/pages\/1597\/revisions\/2887"}],"up":[{"embeddable":true,"href":"https:\/\/mandaris.com\/fr\/wp-json\/wp\/v2\/pages\/1409"}],"wp:featuredmedia":[{"embeddable":true,"href":"https:\/\/mandaris.com\/fr\/wp-json\/wp\/v2\/media\/409"}],"wp:attachment":[{"href":"https:\/\/mandaris.com\/fr\/wp-json\/wp\/v2\/media?parent=1597"}],"curies":[{"name":"wp","href":"https:\/\/api.w.org\/{rel}","templated":true}]}}