{"id":1608,"date":"2024-09-11T19:29:05","date_gmt":"2024-09-11T17:29:05","guid":{"rendered":"https:\/\/mandaris.nextron.org\/?page_id=1608"},"modified":"2026-02-27T16:24:04","modified_gmt":"2026-02-27T14:24:04","slug":"paul-waibel","status":"publish","type":"page","link":"https:\/\/mandaris.com\/fr\/portrait\/collaborateurs1\/paul-waibel\/","title":{"rendered":"Paul Waibel"},"content":{"rendered":"\n<p><strong>Expert fiscal dipl\u00f4m\u00e9, \u00e9conomiste d&#8217;entreprise HES<\/strong><\/p>\n\n\n\n<p>Langues: allemand, anglais<\/p>\n\n\n\n<p>Paul Waibel est conseiller fiscal et conseille les clients &#8211; des entreprises et des particuliers &#8211; quant aux questions du droit fiscal national et international. Il a de nombreuses ann\u00e9es d&#8217;exp\u00e9rience professionnelle dans le secteur du conseil en fiducie et en fiscalit\u00e9.<\/p>\n\n\n\n<p>Paul Waibel est membre d&#8217;EXPERTsuisse (l&#8217;association suisse des experts en audit, fiscalit\u00e9 et fiduciaire) et de l\u2019association suisse des experts fiscaux dipl\u00f4m\u00e9s et de l\u2019association \u00e9conomistes d&#8217;entreprise ESCEA\/HES de B\u00e2le.<\/p>\n\n\n\n<p><\/p>\n","protected":false},"excerpt":{"rendered":"<p>Expert fiscal dipl\u00f4m\u00e9, \u00e9conomiste d&#8217;entreprise HES Langues: allemand, anglais Paul Waibel est conseiller fiscal et conseille les clients &#8211; des entreprises et des particuliers &#8211; quant aux questions du droit fiscal national et international. Il a de nombreuses ann\u00e9es d&#8217;exp\u00e9rience professionnelle dans le secteur du conseil en fiducie et en fiscalit\u00e9. Paul Waibel est membre [&hellip;]<\/p>\n","protected":false},"author":3,"featured_media":412,"parent":1409,"menu_order":13,"comment_status":"closed","ping_status":"closed","template":"views\/page-employee.php","meta":{"_acf_changed":false,"_seopress_robots_primary_cat":"","_seopress_titles_title":"","_seopress_titles_desc":"","_seopress_robots_index":"","footnotes":""},"class_list":["post-1608","page","type-page","status-publish","has-post-thumbnail","hentry"],"acf":[],"_links":{"self":[{"href":"https:\/\/mandaris.com\/fr\/wp-json\/wp\/v2\/pages\/1608","targetHints":{"allow":["GET"]}}],"collection":[{"href":"https:\/\/mandaris.com\/fr\/wp-json\/wp\/v2\/pages"}],"about":[{"href":"https:\/\/mandaris.com\/fr\/wp-json\/wp\/v2\/types\/page"}],"author":[{"embeddable":true,"href":"https:\/\/mandaris.com\/fr\/wp-json\/wp\/v2\/users\/3"}],"replies":[{"embeddable":true,"href":"https:\/\/mandaris.com\/fr\/wp-json\/wp\/v2\/comments?post=1608"}],"version-history":[{"count":3,"href":"https:\/\/mandaris.com\/fr\/wp-json\/wp\/v2\/pages\/1608\/revisions"}],"predecessor-version":[{"id":2890,"href":"https:\/\/mandaris.com\/fr\/wp-json\/wp\/v2\/pages\/1608\/revisions\/2890"}],"up":[{"embeddable":true,"href":"https:\/\/mandaris.com\/fr\/wp-json\/wp\/v2\/pages\/1409"}],"wp:featuredmedia":[{"embeddable":true,"href":"https:\/\/mandaris.com\/fr\/wp-json\/wp\/v2\/media\/412"}],"wp:attachment":[{"href":"https:\/\/mandaris.com\/fr\/wp-json\/wp\/v2\/media?parent=1608"}],"curies":[{"name":"wp","href":"https:\/\/api.w.org\/{rel}","templated":true}]}}