{"id":1619,"date":"2024-09-11T19:36:27","date_gmt":"2024-09-11T17:36:27","guid":{"rendered":"https:\/\/mandaris.nextron.org\/?page_id=1619"},"modified":"2024-09-12T19:18:01","modified_gmt":"2024-09-12T17:18:01","slug":"dominik-wasmer","status":"publish","type":"page","link":"https:\/\/mandaris.com\/fr\/portrait\/collaborateurs1\/dominik-wasmer\/","title":{"rendered":"Dominik Wasmer"},"content":{"rendered":"\n<p><strong>Sous -directeur&nbsp;du Mandaris SA<\/strong><br><strong>MLaw, TEP, DAS Compliance Management (HSLU)<\/strong><br><strong>Responsable Juridique &amp; Conformit\u00e9<\/strong><\/p>\n\n\n\n<p>Langues: allemand, anglais, fran\u00e7ais<\/p>\n\n\n\n<p>Dominik Wasmer travaille chez Mandaris SA comme legal Associate et assistant de gestion. Il a achev\u00e9 le master en droit \u00e0 l\u2019Universit\u00e9 de B\u00e2le et puis a effectu\u00e9 plusieurs stages dans diff\u00e9rents domaines juridiques.&nbsp;Dominik Wasmer&nbsp;a travaill\u00e9&nbsp;au tribunal civil, ainsi que dans un cabinet d\u2019avocats et au service juridique du conseil de gouvernement de B\u00e2le-Campagne.<\/p>\n\n\n\n<p><\/p>\n","protected":false},"excerpt":{"rendered":"<p>Sous -directeur&nbsp;du Mandaris SAMLaw, TEP, DAS Compliance Management (HSLU)Responsable Juridique &amp; Conformit\u00e9 Langues: allemand, anglais, fran\u00e7ais Dominik Wasmer travaille chez Mandaris SA comme legal Associate et assistant de gestion. Il a achev\u00e9 le master en droit \u00e0 l\u2019Universit\u00e9 de B\u00e2le et puis a effectu\u00e9 plusieurs stages dans diff\u00e9rents domaines juridiques.&nbsp;Dominik Wasmer&nbsp;a travaill\u00e9&nbsp;au tribunal civil, ainsi [&hellip;]<\/p>\n","protected":false},"author":3,"featured_media":403,"parent":1409,"menu_order":11,"comment_status":"closed","ping_status":"closed","template":"views\/page-employee.php","meta":{"_acf_changed":false,"_seopress_robots_primary_cat":"","_seopress_titles_title":"","_seopress_titles_desc":"","_seopress_robots_index":"","footnotes":""},"class_list":["post-1619","page","type-page","status-publish","has-post-thumbnail","hentry"],"acf":[],"_links":{"self":[{"href":"https:\/\/mandaris.com\/fr\/wp-json\/wp\/v2\/pages\/1619","targetHints":{"allow":["GET"]}}],"collection":[{"href":"https:\/\/mandaris.com\/fr\/wp-json\/wp\/v2\/pages"}],"about":[{"href":"https:\/\/mandaris.com\/fr\/wp-json\/wp\/v2\/types\/page"}],"author":[{"embeddable":true,"href":"https:\/\/mandaris.com\/fr\/wp-json\/wp\/v2\/users\/3"}],"replies":[{"embeddable":true,"href":"https:\/\/mandaris.com\/fr\/wp-json\/wp\/v2\/comments?post=1619"}],"version-history":[{"count":3,"href":"https:\/\/mandaris.com\/fr\/wp-json\/wp\/v2\/pages\/1619\/revisions"}],"predecessor-version":[{"id":1884,"href":"https:\/\/mandaris.com\/fr\/wp-json\/wp\/v2\/pages\/1619\/revisions\/1884"}],"up":[{"embeddable":true,"href":"https:\/\/mandaris.com\/fr\/wp-json\/wp\/v2\/pages\/1409"}],"wp:featuredmedia":[{"embeddable":true,"href":"https:\/\/mandaris.com\/fr\/wp-json\/wp\/v2\/media\/403"}],"wp:attachment":[{"href":"https:\/\/mandaris.com\/fr\/wp-json\/wp\/v2\/media?parent=1619"}],"curies":[{"name":"wp","href":"https:\/\/api.w.org\/{rel}","templated":true}]}}