{"id":2209,"date":"2025-04-15T17:27:12","date_gmt":"2025-04-15T15:27:12","guid":{"rendered":"https:\/\/mandaris.com\/?page_id=2209"},"modified":"2025-04-15T17:33:37","modified_gmt":"2025-04-15T15:33:37","slug":"sarah-neirinck-2","status":"publish","type":"page","link":"https:\/\/mandaris.com\/fr\/portrait\/collaborateurs1\/sarah-neirinck-2\/","title":{"rendered":"Sarah Neirinck"},"content":{"rendered":"\n<p><strong>Assistante ex\u00e9cutive et en charge des mandats<\/strong><\/p>\n\n\n\n<p><strong>Bachelor en gestion d&#8217;\u00e9v\u00e9nements<\/strong><\/p>\n\n\n\n<p>Langues:&nbsp;allemand, anglais, fran\u00e7ais, n\u00e9erlandais, arabe<\/p>\n\n\n\n<p>Sarah Neirinck travaille en tant qu&#8217;assistante de direction et de mandat. Elle est charg\u00e9e de fournir un soutien complet au PDG et \u00e0 l&#8217;\u00e9quipe. Sarah est n\u00e9e et a grandi en Belgique et a obtenu un dipl\u00f4me d&#8217;organisatrice d&#8217;\u00e9v\u00e9nements. De plus, elle vient d&#8217;un milieu bancaire et financier traditionnel et a travaill\u00e9 pour l&#8217;une des plus grandes banques au cours des derni\u00e8res ann\u00e9es, servant diff\u00e9rents segments de clients dans plusieurs langues et pays avant de rejoindre Mandaris AG.<\/p>\n\n\n\n<p><\/p>\n","protected":false},"excerpt":{"rendered":"<p>Assistante ex\u00e9cutive et en charge des mandats Bachelor en gestion d&#8217;\u00e9v\u00e9nements Langues:&nbsp;allemand, anglais, fran\u00e7ais, n\u00e9erlandais, arabe Sarah Neirinck travaille en tant qu&#8217;assistante de direction et de mandat. Elle est charg\u00e9e de fournir un soutien complet au PDG et \u00e0 l&#8217;\u00e9quipe. Sarah est n\u00e9e et a grandi en Belgique et a obtenu un dipl\u00f4me d&#8217;organisatrice d&#8217;\u00e9v\u00e9nements. [&hellip;]<\/p>\n","protected":false},"author":6,"featured_media":406,"parent":1409,"menu_order":16,"comment_status":"closed","ping_status":"closed","template":"views\/page-employee.php","meta":{"_acf_changed":false,"_seopress_robots_primary_cat":"","_seopress_titles_title":"","_seopress_titles_desc":"","_seopress_robots_index":"","footnotes":""},"class_list":["post-2209","page","type-page","status-publish","has-post-thumbnail","hentry"],"acf":[],"_links":{"self":[{"href":"https:\/\/mandaris.com\/fr\/wp-json\/wp\/v2\/pages\/2209","targetHints":{"allow":["GET"]}}],"collection":[{"href":"https:\/\/mandaris.com\/fr\/wp-json\/wp\/v2\/pages"}],"about":[{"href":"https:\/\/mandaris.com\/fr\/wp-json\/wp\/v2\/types\/page"}],"author":[{"embeddable":true,"href":"https:\/\/mandaris.com\/fr\/wp-json\/wp\/v2\/users\/6"}],"replies":[{"embeddable":true,"href":"https:\/\/mandaris.com\/fr\/wp-json\/wp\/v2\/comments?post=2209"}],"version-history":[{"count":2,"href":"https:\/\/mandaris.com\/fr\/wp-json\/wp\/v2\/pages\/2209\/revisions"}],"predecessor-version":[{"id":2220,"href":"https:\/\/mandaris.com\/fr\/wp-json\/wp\/v2\/pages\/2209\/revisions\/2220"}],"up":[{"embeddable":true,"href":"https:\/\/mandaris.com\/fr\/wp-json\/wp\/v2\/pages\/1409"}],"wp:featuredmedia":[{"embeddable":true,"href":"https:\/\/mandaris.com\/fr\/wp-json\/wp\/v2\/media\/406"}],"wp:attachment":[{"href":"https:\/\/mandaris.com\/fr\/wp-json\/wp\/v2\/media?parent=2209"}],"curies":[{"name":"wp","href":"https:\/\/api.w.org\/{rel}","templated":true}]}}