{"id":2361,"date":"2025-05-08T15:17:25","date_gmt":"2025-05-08T13:17:25","guid":{"rendered":"https:\/\/mandaris.com\/?page_id=2361"},"modified":"2026-01-27T17:07:38","modified_gmt":"2026-01-27T15:07:38","slug":"oscar-helbing","status":"publish","type":"page","link":"https:\/\/mandaris.com\/fr\/portrait\/collaborateurs1\/oscar-helbing\/","title":{"rendered":"Oscar Helbing"},"content":{"rendered":"\n<p><strong>Assistante\/R\u00e9ceptionniste<\/strong><\/p>\n\n\n\n<p>Langues : allemand, anglais, fran\u00e7ais<\/p>\n\n\n\n<p>Oscar Helbing est en charge de l\u2019accueil dans notre bureau de B\u00e2le et apporte son soutien \u00e0 l\u2019\u00e9quipe de gestion administrative chez Mandaris. Il est \u00e9tudiant en droit \u00e0 l&#8217;universit\u00e9 de B\u00e2le. Avant de rejoindre Mandaris, il a travaill\u00e9 pour une soci\u00e9t\u00e9 d&#8217;assurance en tant que stagiaire.<strong><\/strong><\/p>\n","protected":false},"excerpt":{"rendered":"<p>Assistante\/R\u00e9ceptionniste Langues : allemand, anglais, fran\u00e7ais Oscar Helbing est en charge de l\u2019accueil dans notre bureau de B\u00e2le et apporte son soutien \u00e0 l\u2019\u00e9quipe de gestion administrative chez Mandaris. Il est \u00e9tudiant en droit \u00e0 l&#8217;universit\u00e9 de B\u00e2le. Avant de rejoindre Mandaris, il a travaill\u00e9 pour une soci\u00e9t\u00e9 d&#8217;assurance en tant que stagiaire.<\/p>\n","protected":false},"author":6,"featured_media":412,"parent":1409,"menu_order":12,"comment_status":"closed","ping_status":"closed","template":"views\/page-employee.php","meta":{"_acf_changed":false,"_seopress_robots_primary_cat":"","_seopress_titles_title":"","_seopress_titles_desc":"","_seopress_robots_index":"","footnotes":""},"class_list":["post-2361","page","type-page","status-publish","has-post-thumbnail","hentry"],"acf":[],"_links":{"self":[{"href":"https:\/\/mandaris.com\/fr\/wp-json\/wp\/v2\/pages\/2361","targetHints":{"allow":["GET"]}}],"collection":[{"href":"https:\/\/mandaris.com\/fr\/wp-json\/wp\/v2\/pages"}],"about":[{"href":"https:\/\/mandaris.com\/fr\/wp-json\/wp\/v2\/types\/page"}],"author":[{"embeddable":true,"href":"https:\/\/mandaris.com\/fr\/wp-json\/wp\/v2\/users\/6"}],"replies":[{"embeddable":true,"href":"https:\/\/mandaris.com\/fr\/wp-json\/wp\/v2\/comments?post=2361"}],"version-history":[{"count":6,"href":"https:\/\/mandaris.com\/fr\/wp-json\/wp\/v2\/pages\/2361\/revisions"}],"predecessor-version":[{"id":2869,"href":"https:\/\/mandaris.com\/fr\/wp-json\/wp\/v2\/pages\/2361\/revisions\/2869"}],"up":[{"embeddable":true,"href":"https:\/\/mandaris.com\/fr\/wp-json\/wp\/v2\/pages\/1409"}],"wp:featuredmedia":[{"embeddable":true,"href":"https:\/\/mandaris.com\/fr\/wp-json\/wp\/v2\/media\/412"}],"wp:attachment":[{"href":"https:\/\/mandaris.com\/fr\/wp-json\/wp\/v2\/media?parent=2361"}],"curies":[{"name":"wp","href":"https:\/\/api.w.org\/{rel}","templated":true}]}}