{"id":2606,"date":"2025-07-24T17:19:27","date_gmt":"2025-07-24T15:19:27","guid":{"rendered":"https:\/\/mandaris.com\/?page_id=2606"},"modified":"2025-07-25T16:42:36","modified_gmt":"2025-07-25T14:42:36","slug":"rafael-sucre","status":"publish","type":"page","link":"https:\/\/mandaris.com\/fr\/portrait\/collaborateurs1\/rafael-sucre\/","title":{"rendered":"Rafael Sucre"},"content":{"rendered":"\n<p><strong>Trainee<\/strong><\/p>\n\n\n\n<p>Langues : allemand, anglais, espagnol<\/p>\n\n\n\n<p>Rafael Sucre suit une formation scolaire de quatre ans \u00e0 l\u2019\u00e9cole de commerce (WMS). Apr\u00e8s avoir termin\u00e9 avec succ\u00e8s les trois premi\u00e8res ann\u00e9es, il effectue sa derni\u00e8re ann\u00e9e de formation en tant que stagiaire chez Mandaris AG. Dans le cadre de son stage sur le site de B\u00e2le, il d\u00e9couvre diff\u00e9rents d\u00e9partements et domaines d\u2019activit\u00e9.<\/p>\n\n\n\n<p><\/p>\n","protected":false},"excerpt":{"rendered":"<p>Trainee Langues : allemand, anglais, espagnol Rafael Sucre suit une formation scolaire de quatre ans \u00e0 l\u2019\u00e9cole de commerce (WMS). Apr\u00e8s avoir termin\u00e9 avec succ\u00e8s les trois premi\u00e8res ann\u00e9es, il effectue sa derni\u00e8re ann\u00e9e de formation en tant que stagiaire chez Mandaris AG. Dans le cadre de son stage sur le site de B\u00e2le, il [&hellip;]<\/p>\n","protected":false},"author":6,"featured_media":412,"parent":1409,"menu_order":14,"comment_status":"closed","ping_status":"closed","template":"views\/page-employee.php","meta":{"_acf_changed":false,"_seopress_robots_primary_cat":"","_seopress_titles_title":"","_seopress_titles_desc":"","_seopress_robots_index":"","footnotes":""},"class_list":["post-2606","page","type-page","status-publish","has-post-thumbnail","hentry"],"acf":[],"_links":{"self":[{"href":"https:\/\/mandaris.com\/fr\/wp-json\/wp\/v2\/pages\/2606","targetHints":{"allow":["GET"]}}],"collection":[{"href":"https:\/\/mandaris.com\/fr\/wp-json\/wp\/v2\/pages"}],"about":[{"href":"https:\/\/mandaris.com\/fr\/wp-json\/wp\/v2\/types\/page"}],"author":[{"embeddable":true,"href":"https:\/\/mandaris.com\/fr\/wp-json\/wp\/v2\/users\/6"}],"replies":[{"embeddable":true,"href":"https:\/\/mandaris.com\/fr\/wp-json\/wp\/v2\/comments?post=2606"}],"version-history":[{"count":4,"href":"https:\/\/mandaris.com\/fr\/wp-json\/wp\/v2\/pages\/2606\/revisions"}],"predecessor-version":[{"id":2659,"href":"https:\/\/mandaris.com\/fr\/wp-json\/wp\/v2\/pages\/2606\/revisions\/2659"}],"up":[{"embeddable":true,"href":"https:\/\/mandaris.com\/fr\/wp-json\/wp\/v2\/pages\/1409"}],"wp:featuredmedia":[{"embeddable":true,"href":"https:\/\/mandaris.com\/fr\/wp-json\/wp\/v2\/media\/412"}],"wp:attachment":[{"href":"https:\/\/mandaris.com\/fr\/wp-json\/wp\/v2\/media?parent=2606"}],"curies":[{"name":"wp","href":"https:\/\/api.w.org\/{rel}","templated":true}]}}