{"id":2631,"date":"2025-07-25T13:37:06","date_gmt":"2025-07-25T11:37:06","guid":{"rendered":"https:\/\/mandaris.com\/?page_id=2631"},"modified":"2025-07-25T14:00:00","modified_gmt":"2025-07-25T12:00:00","slug":"sarah-tufano","status":"publish","type":"page","link":"https:\/\/mandaris.com\/fr\/portrait\/collaborateurs1\/sarah-tufano\/","title":{"rendered":"Sarah Tufano"},"content":{"rendered":"\n<p><strong>Assistante de mandats<\/strong><\/p>\n\n\n\n<p>Langues: allemand, anglais, fran\u00e7ais, italien<\/p>\n\n\n\n<p>Apr\u00e8s sa formation de fonctionnaire des douanes, Sarah Tufano a travaill\u00e9 chez Mandaris AG en tant qu&#8217;assistante de mandats, puis en tant qu&#8217;assistante du personnel. Apr\u00e8s un long cong\u00e9 familial, elle a travaill\u00e9 comme assistante de projet dans une entreprise de gestion de construction renomm\u00e9e \u00e0 B\u00e2le. Elle \u00e9tait \u00e9galement responsable du marketing et de l&#8217;organisation d&#8217;\u00e9v\u00e9nements. Depuis juin 2025, elle assiste la responsable Trust de Mandaris AG pour les questions administratives.<\/p>\n\n\n\n<p><\/p>\n","protected":false},"excerpt":{"rendered":"<p>Assistante de mandats Langues: allemand, anglais, fran\u00e7ais, italien Apr\u00e8s sa formation de fonctionnaire des douanes, Sarah Tufano a travaill\u00e9 chez Mandaris AG en tant qu&#8217;assistante de mandats, puis en tant qu&#8217;assistante du personnel. Apr\u00e8s un long cong\u00e9 familial, elle a travaill\u00e9 comme assistante de projet dans une entreprise de gestion de construction renomm\u00e9e \u00e0 B\u00e2le. [&hellip;]<\/p>\n","protected":false},"author":6,"featured_media":406,"parent":1409,"menu_order":17,"comment_status":"closed","ping_status":"closed","template":"views\/page-employee.php","meta":{"_acf_changed":false,"_seopress_robots_primary_cat":"","_seopress_titles_title":"","_seopress_titles_desc":"","_seopress_robots_index":"","footnotes":""},"class_list":["post-2631","page","type-page","status-publish","has-post-thumbnail","hentry"],"acf":[],"_links":{"self":[{"href":"https:\/\/mandaris.com\/fr\/wp-json\/wp\/v2\/pages\/2631","targetHints":{"allow":["GET"]}}],"collection":[{"href":"https:\/\/mandaris.com\/fr\/wp-json\/wp\/v2\/pages"}],"about":[{"href":"https:\/\/mandaris.com\/fr\/wp-json\/wp\/v2\/types\/page"}],"author":[{"embeddable":true,"href":"https:\/\/mandaris.com\/fr\/wp-json\/wp\/v2\/users\/6"}],"replies":[{"embeddable":true,"href":"https:\/\/mandaris.com\/fr\/wp-json\/wp\/v2\/comments?post=2631"}],"version-history":[{"count":5,"href":"https:\/\/mandaris.com\/fr\/wp-json\/wp\/v2\/pages\/2631\/revisions"}],"predecessor-version":[{"id":2646,"href":"https:\/\/mandaris.com\/fr\/wp-json\/wp\/v2\/pages\/2631\/revisions\/2646"}],"up":[{"embeddable":true,"href":"https:\/\/mandaris.com\/fr\/wp-json\/wp\/v2\/pages\/1409"}],"wp:featuredmedia":[{"embeddable":true,"href":"https:\/\/mandaris.com\/fr\/wp-json\/wp\/v2\/media\/406"}],"wp:attachment":[{"href":"https:\/\/mandaris.com\/fr\/wp-json\/wp\/v2\/media?parent=2631"}],"curies":[{"name":"wp","href":"https:\/\/api.w.org\/{rel}","templated":true}]}}