{"id":2988,"date":"2026-04-12T22:22:27","date_gmt":"2026-04-12T20:22:27","guid":{"rendered":"https:\/\/mandaris.com\/?page_id=2988"},"modified":"2026-04-14T17:12:13","modified_gmt":"2026-04-14T15:12:13","slug":"anastasiia-pokladi","status":"publish","type":"page","link":"https:\/\/mandaris.com\/fr\/portrait\/collaborateurs1\/anastasiia-pokladi\/","title":{"rendered":"Anastasiia Pokladi"},"content":{"rendered":"\n<p>Comptable junior<br>Langues : allemand, anglais, russe, ukrainien<\/p>\n\n\n\n<p>Anastasiia a effectu\u00e9 des \u00e9tudes approfondies en management et en comptabilit\u00e9 \u00e0 l\u2019Universit\u00e9 nationale d\u2019Odessa (Ukraine). Elle dispose d\u2019une solide exp\u00e9rience en \u00e9conomie et en comptabilit\u00e9 dans le secteur public. Elle a acquis une exp\u00e9rience professionnelle pr\u00e9cieuse en Suisse au sein du d\u00e9partement financier d\u2019une grande entreprise de restauration. Sa soif de connaissances et sa grande motivation l\u2019ont conduite chez Mandaris AG, o\u00f9 elle travaille avec l\u2019\u00e9quipe comptable \u00e0 B\u00e2le pour assurer la gestion de la comptabilit\u00e9 financi\u00e8re des clients.<\/p>\n","protected":false},"excerpt":{"rendered":"<p>Comptable juniorLangues : allemand, anglais, russe, ukrainien Anastasiia a effectu\u00e9 des \u00e9tudes approfondies en management et en comptabilit\u00e9 \u00e0 l\u2019Universit\u00e9 nationale d\u2019Odessa (Ukraine). Elle dispose d\u2019une solide exp\u00e9rience en \u00e9conomie et en comptabilit\u00e9 dans le secteur public. Elle a acquis une exp\u00e9rience professionnelle pr\u00e9cieuse en Suisse au sein du d\u00e9partement financier d\u2019une grande entreprise de [&hellip;]<\/p>\n","protected":false},"author":6,"featured_media":403,"parent":1409,"menu_order":8,"comment_status":"closed","ping_status":"closed","template":"views\/page-employee.php","meta":{"_acf_changed":false,"_seopress_robots_primary_cat":"","_seopress_titles_title":"","_seopress_titles_desc":"","_seopress_robots_index":"","footnotes":""},"class_list":["post-2988","page","type-page","status-publish","has-post-thumbnail","hentry"],"acf":[],"_links":{"self":[{"href":"https:\/\/mandaris.com\/fr\/wp-json\/wp\/v2\/pages\/2988","targetHints":{"allow":["GET"]}}],"collection":[{"href":"https:\/\/mandaris.com\/fr\/wp-json\/wp\/v2\/pages"}],"about":[{"href":"https:\/\/mandaris.com\/fr\/wp-json\/wp\/v2\/types\/page"}],"author":[{"embeddable":true,"href":"https:\/\/mandaris.com\/fr\/wp-json\/wp\/v2\/users\/6"}],"replies":[{"embeddable":true,"href":"https:\/\/mandaris.com\/fr\/wp-json\/wp\/v2\/comments?post=2988"}],"version-history":[{"count":1,"href":"https:\/\/mandaris.com\/fr\/wp-json\/wp\/v2\/pages\/2988\/revisions"}],"predecessor-version":[{"id":2989,"href":"https:\/\/mandaris.com\/fr\/wp-json\/wp\/v2\/pages\/2988\/revisions\/2989"}],"up":[{"embeddable":true,"href":"https:\/\/mandaris.com\/fr\/wp-json\/wp\/v2\/pages\/1409"}],"wp:featuredmedia":[{"embeddable":true,"href":"https:\/\/mandaris.com\/fr\/wp-json\/wp\/v2\/media\/403"}],"wp:attachment":[{"href":"https:\/\/mandaris.com\/fr\/wp-json\/wp\/v2\/media?parent=2988"}],"curies":[{"name":"wp","href":"https:\/\/api.w.org\/{rel}","templated":true}]}}