{"id":543,"date":"2024-09-06T14:35:56","date_gmt":"2024-09-06T12:35:56","guid":{"rendered":"https:\/\/mandaris.nextron.org\/newsletter\/"},"modified":"2025-12-17T16:58:50","modified_gmt":"2025-12-17T14:58:50","slug":"lettre-dinformation","status":"publish","type":"page","link":"https:\/\/mandaris.com\/fr\/publications\/lettre-dinformation\/","title":{"rendered":"Lettre d&#8217;Information"},"content":{"rendered":"\n<p>Tenez-vous au courant avec Mandaris. Ne manquez pas les nouvelles et profitez de la comp\u00e9tence et du savoir-faire de nos collaborateurs.&nbsp;<a href=\"https:\/\/mandaris.us12.list-manage.com\/subscribe?u=4c35b662d0f1d91d28d0b64dd&amp;id=af67e67896\"><strong>Abonnez-vous d\u00e8s&nbsp;maintenant \u00e0 notre \u00ab&nbsp;newsletter&nbsp;\u00bb.<\/strong><\/a><\/p>\n\n\n\n<p><\/p>\n\n\n\n<h3 class=\"wp-block-heading\"><span style=\"text-decoration: underline;\">November 2025<\/span><br>The Swiss Anti-Money Laundering AcT (AMLA) in conflict with the Swiss Data Protection Act (FADP)?<\/h3>\n\n\n\n<p><a href=\"https:\/\/mandaris.com\/wp-content\/uploads\/2025\/12\/20251127-Newsletter-Data-Protection-and-AML-Rules-E.pdf\" data-type=\"link\" data-id=\"\/wp-content\/uploads\/2024\/09\/20220906_Newsletter-Anti-Shell-Directive.pdf\">Pour en savoir plus, cliquez ici.<\/a><\/p>\n\n\n\n<h3 class=\"wp-block-heading\"><span style=\"text-decoration: underline;\">Septembre&nbsp;2022<\/span><br>EU strike against \u201cshell entities\u201d<\/h3>\n\n\n\n<p><a href=\"\/wp-content\/uploads\/2024\/09\/20220906_Newsletter-Anti-Shell-Directive.pdf\" data-type=\"link\" data-id=\"\/wp-content\/uploads\/2024\/09\/20220906_Newsletter-Anti-Shell-Directive.pdf\">Pour en savoir plus, cliquez ici.<\/a><\/p>\n\n\n\n<h3 class=\"wp-block-heading\"><span style=\"text-decoration: underline;\">Decembre&nbsp;2020<\/span><br>Amending Protocol To The Double Tax Agreement Between Malta And Switzerland<\/h3>\n\n\n\n<p><a href=\"\/wp-content\/uploads\/2024\/09\/20201221_-Double-Tax-Agreement-MT-CH.pdf\" target=\"_blank\" rel=\"noreferrer noopener\">Pour en savoir plus, cliquez ici.<\/a><\/p>\n\n\n\n<h3 class=\"wp-block-heading\"><span style=\"text-decoration: underline;\">Octobre 2020<\/span><br>Mandaris Setting Sails<\/h3>\n\n\n\n<p><a href=\"\/wp-content\/uploads\/2024\/09\/20201001_-Mandaris-Setting-Sails.pdf\" target=\"_blank\" rel=\"noreferrer noopener\">Pour en savoir plus, cliquez ici.<\/a><\/p>\n\n\n\n<h3 class=\"wp-block-heading\"><span style=\"text-decoration: underline;\">Septembre 2020<\/span><br>Adoption of The Revision of The Swiss Company Law<\/h3>\n\n\n\n<p><a href=\"https:\/\/mandaris.com\/wp-content\/uploads\/2024\/09\/Adoption-of-the-revision-of-the-swiss-company-law-0041.pdf\" target=\"_blank\" rel=\"noreferrer noopener\">Pour en savoir plus, cliquez ici.<\/a><\/p>\n\n\n\n<h3 class=\"wp-block-heading\"><span style=\"text-decoration: underline;\">Avril 2020<\/span><br>New Type of Cell Companies Offers Asset Structuring Opportunities For The Shipping &amp; Aviation Business<\/h3>\n\n\n\n<p><a href=\"\/wp-content\/uploads\/2024\/09\/20200622_-Companies-Act-Shipping-Aviation-Cell-Companies.pdf\" target=\"_blank\" rel=\"noreferrer noopener\">Pour en savoir plus, cliquez ici.<\/a><\/p>\n\n\n\n<h3 class=\"wp-block-heading\"><span style=\"text-decoration: underline;\">Mars 2020<\/span><br>Business Continuity Planning &#8211; What Families Can Learn From Businesses<\/h3>\n\n\n\n<p><a href=\"\/wp-content\/uploads\/2024\/09\/20200325_Business-Continuity-Planning.pdf\" target=\"_blank\" rel=\"noreferrer noopener\">Pour en savoir plus, cliquez ici.<\/a><a href=\"https:\/\/mandaris.com\/fr\/assets\/File\/Publikationen\/May%202017\/March%202020\/20200325_Business%20Continuity%20Planning.pdf\" target=\"_blank\" rel=\"noreferrer noopener\">.<\/a><\/p>\n\n\n\n<h3 class=\"wp-block-heading\"><span style=\"text-decoration: underline;\">Septembre 2019<\/span><br>The Basel AML Index<\/h3>\n\n\n\n<p><a href=\"\/wp-content\/uploads\/2024\/09\/20190920_The-Basel-AML-Index.pdf\" target=\"_blank\" rel=\"noreferrer noopener\">Pour en savoir plus, cliquez ici.<\/a><\/p>\n\n\n\n<h3 class=\"wp-block-heading\">The Maltese National Risk Assessment &amp; the Moneyval Report<\/h3>\n\n\n\n<p><a href=\"\/wp-content\/uploads\/2024\/09\/20190923_The-Maltese-National-Risk-Assessment-and-MoneyVal-Report.pdf\" target=\"_blank\" rel=\"noreferrer noopener\">Pour en savoir plus, cliquez ici.<\/a><\/p>\n\n\n\n<h3 class=\"wp-block-heading\"><span style=\"text-decoration: underline;\">Juin 2019<\/span><br>The Companies Act (Audit exemption) Regulations, 2019<\/h3>\n\n\n\n<p><a href=\"\/wp-content\/uploads\/2024\/09\/Companies-Act-Audit-Exemption-Regulations.pdf\" target=\"_blank\" rel=\"noreferrer noopener\">Pour en savoir plus, cliquez ici.<\/a><\/p>\n\n\n\n<h3 class=\"wp-block-heading\"><span style=\"text-decoration: underline;\">Mai 2019<\/span><br>Update in Malta Tax Legislation &#8211; Anti-Avoidance Tax<\/h3>\n\n\n\n<p><a href=\"\/wp-content\/uploads\/2024\/09\/20190522_Update-in-Tax-Legislation.pdf\" target=\"_blank\" rel=\"noreferrer noopener\">Pour en savoir plus, cliquez ici.<\/a><\/p>\n\n\n\n<h3 class=\"wp-block-heading\"><span style=\"text-decoration: underline;\">D\u00e9cembre 2018<\/span><br>Why Trusts need proper financial Accounts<\/h3>\n\n\n\n<p><a href=\"\/wp-content\/uploads\/2024\/09\/20181219_Trust-Accounting.pdf\" target=\"_blank\" rel=\"noreferrer noopener\">Pour en savoir plus, cliquez ici.<\/a><\/p>\n\n\n\n<h3 class=\"wp-block-heading\"><span style=\"text-decoration: underline;\">Novembre 2018<\/span><br>Continuation of foreign organisations in Malta &#8211; Foundation focus<\/h3>\n\n\n\n<p><a href=\"\/wp-content\/uploads\/2024\/09\/20181113_Continuation-of-foreign-organisations-in-Malta-Foundation-Focus.pdf\" target=\"_blank\" rel=\"noreferrer noopener\">Pour en savoir plus, cliquez ici.<\/a><\/p>\n\n\n\n<h3 class=\"wp-block-heading\"><span style=\"text-decoration: underline;\">Juillet 2018<\/span><br>The Malta private Trust &#8211; Explanation of its Characteristics and Uses<\/h3>\n\n\n\n<p><a href=\"\/wp-content\/uploads\/2024\/09\/20180702_Malta-Private-Trusts.pdf\" target=\"_blank\" rel=\"noreferrer noopener\">Pour en savoir plus, cliquez ici.<\/a><\/p>\n\n\n\n<h3 class=\"wp-block-heading\"><span style=\"text-decoration: underline;\">Mai 2018<\/span><br>Brazil and Switzerland sign double tax treaty (DTT)<\/h3>\n\n\n\n<p><a href=\"\/wp-content\/uploads\/2024\/09\/20180507_Double-Tax-Treaty-Switzerland-Brazil.pdf\" data-type=\"link\" data-id=\"\/wp-content\/uploads\/2024\/09\/20180507_Double-Tax-Treaty-Switzerland-Brazil.pdf\" target=\"_blank\" rel=\"noreferrer noopener\">Pour en savoir plus, cliquez ici.<\/a><\/p>\n\n\n\n<h3 class=\"wp-block-heading\"><span style=\"text-decoration: underline;\">Avril 2018<\/span><br>The effects of FMIA for Swiss Companies<\/h3>\n\n\n\n<p><a href=\"\/wp-content\/uploads\/2024\/09\/Newsletter-FinfraG_Englisch.pdf\" target=\"_blank\" rel=\"noreferrer noopener\">Pour en savoir plus, cliquez ici.<\/a>.<\/p>\n\n\n\n<h3 class=\"wp-block-heading\">Subordination &#8211; What has to be considered<\/h3>\n\n\n\n<p><a href=\"\/wp-content\/uploads\/2024\/09\/Newsletter-Subordination.pdf\" target=\"_blank\" rel=\"noreferrer noopener\">Pour en savoir plus, cliquez ici.<\/a><\/p>\n\n\n\n<h3 class=\"wp-block-heading\"><span style=\"text-decoration: underline;\">Novembre 2017<\/span><br>Legal Entity Identifier (LEI) &#8211; Solving the mystery of the new regime<\/h3>\n\n\n\n<p><a href=\"\/wp-content\/uploads\/2024\/09\/20171108_Legal-Entity-Identifier.pdf\" target=\"_blank\" rel=\"noreferrer noopener\">Pour en savoir plus, cliquez ici.<\/a><\/p>\n\n\n\n<h3 class=\"wp-block-heading\"><span style=\"text-decoration: underline;\">Septembre 2017<\/span><br>The General Data Protection Regulation (GDPR)<\/h3>\n\n\n\n<p><a href=\"\/wp-content\/uploads\/2024\/09\/20170914_The-General-Data-Protection-Regulation-GDPR.pdf\" target=\"_blank\" rel=\"noreferrer noopener\">Pour en savoir plus, cliquez ici.<\/a><\/p>\n\n\n\n<h3 class=\"wp-block-heading\"><span style=\"text-decoration: underline;\">Juillet 2017<\/span><br>Security trustee-an active protector of investor rights<\/h3>\n\n\n\n<p><a href=\"\/wp-content\/uploads\/2024\/09\/20181010_Security-Trustee.pdf\" target=\"_blank\" rel=\"noreferrer noopener\">Pour en savoir plus, cliquez ici.<\/a><\/p>\n\n\n\n<h3 class=\"wp-block-heading\"><span style=\"text-decoration: underline;\">Mai 2017<\/span><br>A new attempt for a Swiss substantive trust law.<\/h3>\n\n\n\n<p><a href=\"\/wp-content\/uploads\/2024\/09\/20170517_A-new-attempt-for-a-Swiss-substantive-trust-law.pdf\" target=\"_blank\" rel=\"noreferrer noopener\">Pour en savoir plus, cliquez ici.<\/a><\/p>\n\n\n\n<h3 class=\"wp-block-heading\"><span style=\"text-decoration: underline;\">Mars 2017<\/span><br>Compliance challenges of asset holding structures<\/h3>\n\n\n\n<p><a href=\"\/wp-content\/uploads\/2024\/09\/20170207_Newsletter-March-2017-Compliance.pdf\" target=\"_blank\" rel=\"noreferrer noopener\">Pour en savoir plus, cliquez ici.<\/a><\/p>\n\n\n\n<h3 class=\"wp-block-heading\"><span style=\"text-decoration: underline;\">Octobre 2016<\/span><br>Mandaris broadens its offering in Malta<\/h3>\n\n\n\n<p><a href=\"https:\/\/mandaris.com\/wp-content\/uploads\/2024\/09\/NewsletterOctober2016_MALTA-1.pdf\" target=\"_blank\" rel=\"noreferrer noopener\">Pour en savoir plus, cliquez ici.<\/a><\/p>\n\n\n\n<h3 class=\"wp-block-heading\"><span style=\"text-decoration: underline;\">Septembre 2016<\/span><br>10 good reasons to start a trust in a world of transparency<\/h3>\n\n\n\n<p><a href=\"\/wp-content\/uploads\/2024\/09\/NewsletterSeptember2016_10-GOOD-REASONS.pdf\" target=\"_blank\" rel=\"noreferrer noopener\">Pour en savoir plus, cliquez ici.<\/a><\/p>\n\n\n\n<h3 class=\"wp-block-heading\"><span style=\"text-decoration: underline;\">Ao\u00fbt 2016<\/span><br>Argentina: New Voluntary Disclosure Regime<\/h3>\n\n\n\n<p><a href=\"\/wp-content\/uploads\/2024\/09\/Newsletter-August-2016-Bill-for-the-voluntary-disclosure-of-assets-in-Argentina.pdf\" target=\"_blank\" rel=\"noreferrer noopener\">Pour en savoir plus, cliquez ici.<\/a><\/p>\n\n\n\n<h3 class=\"wp-block-heading\"><span style=\"text-decoration: underline;\">Juillet 2016<\/span><br>Swiss Corporate Tax Reform III &#8211; The Swiss Parliament approves the tax reform in the corporate sector<\/h3>\n\n\n\n<p><a href=\"\/wp-content\/uploads\/2024\/09\/Newsletter-July-2016-Swiss-Corporate-tax-reform-III1.pdf\" target=\"_blank\" rel=\"noreferrer noopener\">Pour en savoir plus, cliquez ici.<\/a><\/p>\n\n\n\n<h3 class=\"wp-block-heading\"><span style=\"text-decoration: underline;\">Avril 2016<\/span><br>Companies domiciled in Switzerland &#8211; federal authorities remember to tighten legal requirements &#8211; does this also affect your company?<\/h3>\n\n\n\n<p><a href=\"\/wp-content\/uploads\/2024\/09\/2016401_Newsletter-April-2016-Companies-domiciled-in-Switzerland-E.pdf\" target=\"_blank\" rel=\"noreferrer noopener\">Pour en savoir plus, cliquez ici.<\/a><\/p>\n\n\n\n<h3 class=\"wp-block-heading\"><span style=\"text-decoration: underline;\">D\u00e9cembre 2015<\/span><br>New law on financial reporting for lawyers<\/h3>\n\n\n\n<p><a href=\"\/wp-content\/uploads\/2024\/09\/20160905_Newsletter-Dezember-2015-New-law-on-financial-reporting-for-lawyers-E.pdf\" target=\"_blank\" rel=\"noreferrer noopener\">Pour en savoir plus, cliquez ici.<\/a><\/p>\n\n\n\n<h3 class=\"wp-block-heading\">Financial reporting and taxes in \u201cLiechtenstein structures\u201d<\/h3>\n\n\n\n<p><a href=\"\/wp-content\/uploads\/2024\/09\/20160905_NewsletterDezember2015FinancialreportingandtaxesinLiechtensteinstructuresE.pdf\" target=\"_blank\" rel=\"noreferrer noopener\">Pour en savoir plus, cliquez ici.<\/a><\/p>\n\n\n\n<h3 class=\"wp-block-heading\">Trust Accounting<\/h3>\n\n\n\n<p><a href=\"\/wp-content\/uploads\/2024\/09\/20160905_Newsletter-Dezember-2015-Trust-Accounting-E.pdf\" target=\"_blank\" rel=\"noreferrer noopener\">Pour en savoir plus, cliquez ici.<\/a><\/p>\n\n\n\n<p><\/p>\n\n\n\n<p><\/p>\n\n\n\n<p><\/p>\n\n\n\n<p><\/p>\n","protected":false},"excerpt":{"rendered":"<p>Tenez-vous au courant avec Mandaris. Ne manquez pas les nouvelles et profitez de la comp\u00e9tence et du savoir-faire de nos collaborateurs.&nbsp;Abonnez-vous d\u00e8s&nbsp;maintenant \u00e0 notre \u00ab&nbsp;newsletter&nbsp;\u00bb. November 2025The Swiss Anti-Money Laundering AcT (AMLA) in conflict with the Swiss Data Protection Act (FADP)? Pour en savoir plus, cliquez ici. Septembre&nbsp;2022EU strike against \u201cshell entities\u201d Pour en savoir [&hellip;]<\/p>\n","protected":false},"author":3,"featured_media":412,"parent":546,"menu_order":21,"comment_status":"closed","ping_status":"closed","template":"","meta":{"_acf_changed":false,"_seopress_robots_primary_cat":"","_seopress_titles_title":"","_seopress_titles_desc":"","_seopress_robots_index":"","footnotes":""},"class_list":["post-543","page","type-page","status-publish","has-post-thumbnail","hentry"],"acf":[],"_links":{"self":[{"href":"https:\/\/mandaris.com\/fr\/wp-json\/wp\/v2\/pages\/543","targetHints":{"allow":["GET"]}}],"collection":[{"href":"https:\/\/mandaris.com\/fr\/wp-json\/wp\/v2\/pages"}],"about":[{"href":"https:\/\/mandaris.com\/fr\/wp-json\/wp\/v2\/types\/page"}],"author":[{"embeddable":true,"href":"https:\/\/mandaris.com\/fr\/wp-json\/wp\/v2\/users\/3"}],"replies":[{"embeddable":true,"href":"https:\/\/mandaris.com\/fr\/wp-json\/wp\/v2\/comments?post=543"}],"version-history":[{"count":38,"href":"https:\/\/mandaris.com\/fr\/wp-json\/wp\/v2\/pages\/543\/revisions"}],"predecessor-version":[{"id":2831,"href":"https:\/\/mandaris.com\/fr\/wp-json\/wp\/v2\/pages\/543\/revisions\/2831"}],"up":[{"embeddable":true,"href":"https:\/\/mandaris.com\/fr\/wp-json\/wp\/v2\/pages\/546"}],"wp:featuredmedia":[{"embeddable":true,"href":"https:\/\/mandaris.com\/fr\/wp-json\/wp\/v2\/media\/412"}],"wp:attachment":[{"href":"https:\/\/mandaris.com\/fr\/wp-json\/wp\/v2\/media?parent=543"}],"curies":[{"name":"wp","href":"https:\/\/api.w.org\/{rel}","templated":true}]}}