{"id":555,"date":"2024-09-06T10:10:43","date_gmt":"2024-09-06T08:10:43","guid":{"rendered":"https:\/\/mandaris.nextron.org\/bewerbungsinfos\/"},"modified":"2026-01-23T15:25:43","modified_gmt":"2026-01-23T13:25:43","slug":"informations-pour-votre-candidature","status":"publish","type":"page","link":"https:\/\/mandaris.com\/fr\/emplois\/informations-pour-votre-candidature\/","title":{"rendered":"Informations pour votre candidature"},"content":{"rendered":"\n<h2 class=\"wp-block-heading\">Pr\u00e9sentez-vous<\/h2>\n\n\n\n<p>Nous aimerions vous conna\u00eetre et serions ravis de recevoir votre candidature, que ce soit par e-mail ou par courrier postal.<br>Pour que nous puissions vous faire une proposition r\u00e9pondant \u00e0 vos attentes, nous vous prions de bien vouloir nous communiquer les activit\u00e9s qui vous int\u00e9ressent.<\/p>\n\n\n\n<p>De quels documents avez-vous besoin pour la suite de la s\u00e9lection?<\/p>\n\n\n\n<p>\u00bb&nbsp;CV synoptique (tableau)<br>\u00bb&nbsp;Copies de vos certificats de travail<br>\u00bb&nbsp;Certificats de dipl\u00f4mes, de sp\u00e9cialisations et d\u2019aptitudes<\/p>\n\n\n\n<p>Vous avez d\u2019autres questions? N\u2019h\u00e9sitez pas \u00e0 nous contacter.<\/p>\n\n\n\n<p>Mandaris SA\u00a0<br>Alexandre von Heeren<br>St. Alban-Anlage 46<br>CH-4052 Basel<br>Tel. +41 61 285 17 17<br><a href=\"mailto:jobs@mandaris.com\">jobs@mandaris.com<\/a><\/p>\n","protected":false},"excerpt":{"rendered":"<p>Pr\u00e9sentez-vous Nous aimerions vous conna\u00eetre et serions ravis de recevoir votre candidature, que ce soit par e-mail ou par courrier postal.Pour que nous puissions vous faire une proposition r\u00e9pondant \u00e0 vos attentes, nous vous prions de bien vouloir nous communiquer les activit\u00e9s qui vous int\u00e9ressent. De quels documents avez-vous besoin pour la suite de la [&hellip;]<\/p>\n","protected":false},"author":3,"featured_media":412,"parent":561,"menu_order":3,"comment_status":"closed","ping_status":"closed","template":"","meta":{"_acf_changed":false,"_seopress_robots_primary_cat":"","_seopress_titles_title":"","_seopress_titles_desc":"","_seopress_robots_index":"","footnotes":""},"class_list":["post-555","page","type-page","status-publish","has-post-thumbnail","hentry"],"acf":[],"_links":{"self":[{"href":"https:\/\/mandaris.com\/fr\/wp-json\/wp\/v2\/pages\/555","targetHints":{"allow":["GET"]}}],"collection":[{"href":"https:\/\/mandaris.com\/fr\/wp-json\/wp\/v2\/pages"}],"about":[{"href":"https:\/\/mandaris.com\/fr\/wp-json\/wp\/v2\/types\/page"}],"author":[{"embeddable":true,"href":"https:\/\/mandaris.com\/fr\/wp-json\/wp\/v2\/users\/3"}],"replies":[{"embeddable":true,"href":"https:\/\/mandaris.com\/fr\/wp-json\/wp\/v2\/comments?post=555"}],"version-history":[{"count":4,"href":"https:\/\/mandaris.com\/fr\/wp-json\/wp\/v2\/pages\/555\/revisions"}],"predecessor-version":[{"id":2837,"href":"https:\/\/mandaris.com\/fr\/wp-json\/wp\/v2\/pages\/555\/revisions\/2837"}],"up":[{"embeddable":true,"href":"https:\/\/mandaris.com\/fr\/wp-json\/wp\/v2\/pages\/561"}],"wp:featuredmedia":[{"embeddable":true,"href":"https:\/\/mandaris.com\/fr\/wp-json\/wp\/v2\/media\/412"}],"wp:attachment":[{"href":"https:\/\/mandaris.com\/fr\/wp-json\/wp\/v2\/media?parent=555"}],"curies":[{"name":"wp","href":"https:\/\/api.w.org\/{rel}","templated":true}]}}