{"id":558,"date":"2024-09-06T10:06:37","date_gmt":"2024-09-06T08:06:37","guid":{"rendered":"https:\/\/mandaris.nextron.org\/offene-stellen\/"},"modified":"2024-09-10T17:15:49","modified_gmt":"2024-09-10T15:15:49","slug":"offres-demploi","status":"publish","type":"page","link":"https:\/\/mandaris.com\/fr\/emplois\/offres-demploi\/","title":{"rendered":"Offres d&#8217;emploi"},"content":{"rendered":"\n<h2 class=\"wp-block-heading\">Nous vous cherchons<\/h2>\n\n\n\n<p>Nous recherchons constamment des professionnels motiv\u00e9s et exp\u00e9riment\u00e9s, soucieux de relever un nouveau d\u00e9fi, ceci m\u00eame en l\u2019absence de poste vacant. Aux personnes talentueuses et motiv\u00e9es, nous offrons sans cesse la possibilit\u00e9 de faire preuve de leurs qualit\u00e9s professionnelles et de faire carri\u00e8re dans un environnement exigeant et int\u00e9ressant. Vos performances sont \u00e0 l\u2019origine de notre succ\u00e8s. C\u2019est pourquoi, nous mettons tout en \u0153uvre pour vous encadrer et vous soutenir dans votre \u00e9panouissement et votre succ\u00e8s professionnels. Faites-nous part de vos exp\u00e9riences, propositions et id\u00e9es et profitez de notre atmosph\u00e8re de travail empreinte de personnalit\u00e9 et de respect mutuel.<\/p>\n\n\n\n<p><a href=\"https:\/\/mandaris.com\/de\/jobs\/offene-stellen\/\">Pour voir nos offres d&#8217;emploi visitez le site allemand s&#8217;il vous pla\u00eet.<\/a><\/p>\n","protected":false},"excerpt":{"rendered":"<p>Nous vous cherchons Nous recherchons constamment des professionnels motiv\u00e9s et exp\u00e9riment\u00e9s, soucieux de relever un nouveau d\u00e9fi, ceci m\u00eame en l\u2019absence de poste vacant. Aux personnes talentueuses et motiv\u00e9es, nous offrons sans cesse la possibilit\u00e9 de faire preuve de leurs qualit\u00e9s professionnelles et de faire carri\u00e8re dans un environnement exigeant et int\u00e9ressant. Vos performances sont [&hellip;]<\/p>\n","protected":false},"author":3,"featured_media":406,"parent":561,"menu_order":11,"comment_status":"closed","ping_status":"closed","template":"","meta":{"_acf_changed":false,"_seopress_robots_primary_cat":"","_seopress_titles_title":"","_seopress_titles_desc":"","_seopress_robots_index":"","footnotes":""},"class_list":["post-558","page","type-page","status-publish","has-post-thumbnail","hentry"],"acf":[],"_links":{"self":[{"href":"https:\/\/mandaris.com\/fr\/wp-json\/wp\/v2\/pages\/558","targetHints":{"allow":["GET"]}}],"collection":[{"href":"https:\/\/mandaris.com\/fr\/wp-json\/wp\/v2\/pages"}],"about":[{"href":"https:\/\/mandaris.com\/fr\/wp-json\/wp\/v2\/types\/page"}],"author":[{"embeddable":true,"href":"https:\/\/mandaris.com\/fr\/wp-json\/wp\/v2\/users\/3"}],"replies":[{"embeddable":true,"href":"https:\/\/mandaris.com\/fr\/wp-json\/wp\/v2\/comments?post=558"}],"version-history":[{"count":2,"href":"https:\/\/mandaris.com\/fr\/wp-json\/wp\/v2\/pages\/558\/revisions"}],"predecessor-version":[{"id":1014,"href":"https:\/\/mandaris.com\/fr\/wp-json\/wp\/v2\/pages\/558\/revisions\/1014"}],"up":[{"embeddable":true,"href":"https:\/\/mandaris.com\/fr\/wp-json\/wp\/v2\/pages\/561"}],"wp:featuredmedia":[{"embeddable":true,"href":"https:\/\/mandaris.com\/fr\/wp-json\/wp\/v2\/media\/406"}],"wp:attachment":[{"href":"https:\/\/mandaris.com\/fr\/wp-json\/wp\/v2\/media?parent=558"}],"curies":[{"name":"wp","href":"https:\/\/api.w.org\/{rel}","templated":true}]}}