{"id":561,"date":"2024-09-05T19:23:25","date_gmt":"2024-09-05T17:23:25","guid":{"rendered":"https:\/\/mandaris.nextron.org\/jobs\/"},"modified":"2024-09-10T16:45:03","modified_gmt":"2024-09-10T14:45:03","slug":"emplois","status":"publish","type":"page","link":"https:\/\/mandaris.com\/fr\/emplois\/","title":{"rendered":"Emplois"},"content":{"rendered":"\n<h2 class=\"wp-block-heading\">Nous traitons nos collaborateurs comme des clients<\/h2>\n\n\n\n<p>Pour nos collaborateurs aussi, nous nous sommes fix\u00e9s des objectifs ambitieux. En effet, plus ils sont satisfaits, plus la collaboration sera fructueuse et plus les solutions d\u00e9velopp\u00e9es pour nos clients seront constructives. Pour nous, des conditions de travail motivantes sont aussi essentielles qu\u2019une bonne communication et un r\u00e9el esprit d\u2019\u00e9quipe. Nous accordons une grande importance aux formations continues r\u00e9guli\u00e8res et aux perfectionnements, tant dans les domaines sp\u00e9cialis\u00e9s que ceux du management, et du d\u00e9veloppement personnel.<\/p>\n\n\n\n<p><\/p>\n","protected":false},"excerpt":{"rendered":"<p>Nous traitons nos collaborateurs comme des clients Pour nos collaborateurs aussi, nous nous sommes fix\u00e9s des objectifs ambitieux. En effet, plus ils sont satisfaits, plus la collaboration sera fructueuse et plus les solutions d\u00e9velopp\u00e9es pour nos clients seront constructives. Pour nous, des conditions de travail motivantes sont aussi essentielles qu\u2019une bonne communication et un r\u00e9el [&hellip;]<\/p>\n","protected":false},"author":3,"featured_media":409,"parent":0,"menu_order":1,"comment_status":"closed","ping_status":"closed","template":"","meta":{"_acf_changed":false,"_seopress_robots_primary_cat":"","_seopress_titles_title":"","_seopress_titles_desc":"","_seopress_robots_index":"","footnotes":""},"class_list":["post-561","page","type-page","status-publish","has-post-thumbnail","hentry"],"acf":[],"_links":{"self":[{"href":"https:\/\/mandaris.com\/fr\/wp-json\/wp\/v2\/pages\/561","targetHints":{"allow":["GET"]}}],"collection":[{"href":"https:\/\/mandaris.com\/fr\/wp-json\/wp\/v2\/pages"}],"about":[{"href":"https:\/\/mandaris.com\/fr\/wp-json\/wp\/v2\/types\/page"}],"author":[{"embeddable":true,"href":"https:\/\/mandaris.com\/fr\/wp-json\/wp\/v2\/users\/3"}],"replies":[{"embeddable":true,"href":"https:\/\/mandaris.com\/fr\/wp-json\/wp\/v2\/comments?post=561"}],"version-history":[{"count":3,"href":"https:\/\/mandaris.com\/fr\/wp-json\/wp\/v2\/pages\/561\/revisions"}],"predecessor-version":[{"id":998,"href":"https:\/\/mandaris.com\/fr\/wp-json\/wp\/v2\/pages\/561\/revisions\/998"}],"wp:featuredmedia":[{"embeddable":true,"href":"https:\/\/mandaris.com\/fr\/wp-json\/wp\/v2\/media\/409"}],"wp:attachment":[{"href":"https:\/\/mandaris.com\/fr\/wp-json\/wp\/v2\/media?parent=561"}],"curies":[{"name":"wp","href":"https:\/\/api.w.org\/{rel}","templated":true}]}}