{"id":564,"date":"2024-09-05T19:14:10","date_gmt":"2024-09-05T17:14:10","guid":{"rendered":"https:\/\/mandaris.nextron.org\/links\/"},"modified":"2024-09-11T12:31:40","modified_gmt":"2024-09-11T10:31:40","slug":"links","status":"publish","type":"page","link":"https:\/\/mandaris.com\/fr\/links\/","title":{"rendered":"Links"},"content":{"rendered":"\n<p><a href=\"https:\/\/www.sif.admin.ch\/sif\/fr\/home.html\" target=\"_blank\" rel=\"noreferrer noopener\">Secr\u00e9tariat d&#8217;Etat aux questions financi\u00e8res internationales SFI<\/a><\/p>\n\n\n\n<p><a href=\"https:\/\/www.sif.admin.ch\/sif\/fr\/home\/multilateral\/steuer_informationsaust\/automatischer-informationsaustausch\/automatischer-informationsaustausch1.html\" target=\"_blank\" rel=\"noreferrer noopener\">Liste des Etats partenaires EAR de la Suisse<\/a><\/p>\n\n\n\n<p><a href=\"https:\/\/www.sif.admin.ch\/sif\/fr\/home\/multilateral\/steuer_informationsaust\/automatischer-informationsaustausch\/automatischer-informationsaustausch1\/so-funktioniert-der-automatische-informationsaustausch0.html\" target=\"_blank\" rel=\"noreferrer noopener\">Fonctionnement de l&#8217;\u00e9change automatique de renseignements<\/a><\/p>\n\n\n\n<p><a href=\"https:\/\/www.sif.admin.ch\/sif\/fr\/home\/multilateral\/steuer_informationsaust\/automatischer-informationsaustausch\/automatischer-informationsaustausch1\/gesetzliche-grundlagen.html\" target=\"_blank\" rel=\"noreferrer noopener\">Bases l\u00e9gales<\/a><\/p>\n\n\n\n<p><a href=\"https:\/\/www.sif.admin.ch\/sif\/fr\/home\/multilateral\/steuer_informationsaust\/automatischer-informationsaustausch\/automatischer-informationsaustausch1\/publikationen.html\" target=\"_blank\" rel=\"noreferrer noopener\">Questions et r\u00e9ponses concernant l&#8217;EAR<\/a><\/p>\n\n\n\n<p><a href=\"https:\/\/www.estv.admin.ch\/estv\/fr\/home\/internationales-steuerrecht\/fachinformationen\/aia\/publikationen\/wegleitung.html\" target=\"_blank\" rel=\"noreferrer noopener\">Directives<\/a><\/p>\n","protected":false},"excerpt":{"rendered":"<p>Secr\u00e9tariat d&#8217;Etat aux questions financi\u00e8res internationales SFI Liste des Etats partenaires EAR de la Suisse Fonctionnement de l&#8217;\u00e9change automatique de renseignements Bases l\u00e9gales Questions et r\u00e9ponses concernant l&#8217;EAR Directives<\/p>\n","protected":false},"author":3,"featured_media":409,"parent":0,"menu_order":17,"comment_status":"closed","ping_status":"closed","template":"","meta":{"_acf_changed":false,"_seopress_robots_primary_cat":"","_seopress_titles_title":"","_seopress_titles_desc":"","_seopress_robots_index":"","footnotes":""},"class_list":["post-564","page","type-page","status-publish","has-post-thumbnail","hentry"],"acf":[],"_links":{"self":[{"href":"https:\/\/mandaris.com\/fr\/wp-json\/wp\/v2\/pages\/564","targetHints":{"allow":["GET"]}}],"collection":[{"href":"https:\/\/mandaris.com\/fr\/wp-json\/wp\/v2\/pages"}],"about":[{"href":"https:\/\/mandaris.com\/fr\/wp-json\/wp\/v2\/types\/page"}],"author":[{"embeddable":true,"href":"https:\/\/mandaris.com\/fr\/wp-json\/wp\/v2\/users\/3"}],"replies":[{"embeddable":true,"href":"https:\/\/mandaris.com\/fr\/wp-json\/wp\/v2\/comments?post=564"}],"version-history":[{"count":2,"href":"https:\/\/mandaris.com\/fr\/wp-json\/wp\/v2\/pages\/564\/revisions"}],"predecessor-version":[{"id":1334,"href":"https:\/\/mandaris.com\/fr\/wp-json\/wp\/v2\/pages\/564\/revisions\/1334"}],"wp:featuredmedia":[{"embeddable":true,"href":"https:\/\/mandaris.com\/fr\/wp-json\/wp\/v2\/media\/409"}],"wp:attachment":[{"href":"https:\/\/mandaris.com\/fr\/wp-json\/wp\/v2\/media?parent=564"}],"curies":[{"name":"wp","href":"https:\/\/api.w.org\/{rel}","templated":true}]}}