{"id":567,"date":"2024-09-05T13:25:34","date_gmt":"2024-09-05T11:25:34","guid":{"rendered":"https:\/\/mandaris.nextron.org\/structured-finance\/"},"modified":"2026-02-27T16:39:10","modified_gmt":"2026-02-27T14:39:10","slug":"financements-structures","status":"publish","type":"page","link":"https:\/\/mandaris.com\/fr\/services\/financements-structures\/","title":{"rendered":"Financements Structur\u00e9s"},"content":{"rendered":"\n<h2 class=\"wp-block-heading\">La croissance exige une base solide<\/h2>\n\n\n\n<p>Les id\u00e9es et les investissements contribuent \u00e0 la croissance d\u2019une entreprise. Depuis plus de trente ans, nous promouvons, \u00e0 travers nos concepts de financement, l\u2019esprit d\u2019entreprise en Europe et dans le monde \u00e0 partir de la Suisse. Ceci comprend notamment les prestations de service dans les domaines de l\u2019obtention de capitaux propres et de cr\u00e9dits d\u2019investissements et les services \u00abescrow\u00bb. En outre, nos sp\u00e9cialistes vous conseillent sur les questions tournant autour de la strat\u00e9gie d\u2019entreprise, des finances, de l&#8217;&nbsp;immobilier et dans le domaine du commerce international.<\/p>\n\n\n\n<h3 class=\"wp-block-heading\">Securitisation Services<\/h3>\n\n\n\n<p>Le groupe Mandaris est sp\u00e9cialis\u00e9 dans la structuration d&#8217;actifs, y compris les op\u00e9rations de titrisation, que nous structurons via notre plate-forme Coprolin \u00e0 Malte. Nous avons \u00e9t\u00e9 parmi les premiers \u00e0 tirer parti du cadre juridique maltais novateur en mati\u00e8re de titrisation, qui a introduit de nouveaux mod\u00e8les de plateformes de titrisation. Cela nous permet de rendre toutes les classes d&#8217;actifs accessibles, n\u00e9gociables et bancables &#8211; \u00e0 votre avantage.<br>&nbsp;Malte est connue pour sa stabilit\u00e9 \u00e9conomique et son environnement g\u00e9n\u00e9ralement favorable aux entreprises. Sa fiscalit\u00e9 et son rapport co\u00fbt-efficacit\u00e9 font de Malte le lieu id\u00e9al pour les op\u00e9rations de titrisation dans la zone euro.<\/p>\n\n\n\n<h3 class=\"wp-block-heading\">Titrisation<\/h3>\n\n\n\n<p>Notre \u00e9quipe \u00e0 Malte met en \u0153uvre des projets de titrisation par l&#8217;interm\u00e9diaire d&#8217;une cellule de titrisation (SCC), une soci\u00e9t\u00e9 cr\u00e9\u00e9e uniquement dans le but de conclure des op\u00e9rations de titrisation. Un CSC cr\u00e9e une ou plusieurs cellules en son sein aux fins de conclure des op\u00e9rations de titrisation. Bien qu&#8217;une cellule de titrisation ne soit pas une entit\u00e9 juridique distincte de la SCC, elle constitue un actif distinct et enti\u00e8rement s\u00e9par\u00e9 de la SCC en vertu du droit des soci\u00e9t\u00e9s.<\/p>\n\n\n\n<h5 class=\"wp-block-heading\">Votre contact&nbsp;pour les&nbsp;financements structur\u00e9s:<\/h5>\n\n\n\n<p><a href=\"mailto:info@coprolin.com\">info@coprolin.com<\/a><\/p>\n","protected":false},"excerpt":{"rendered":"<p>La croissance exige une base solide Les id\u00e9es et les investissements contribuent \u00e0 la croissance d\u2019une entreprise. Depuis plus de trente ans, nous promouvons, \u00e0 travers nos concepts de financement, l\u2019esprit d\u2019entreprise en Europe et dans le monde \u00e0 partir de la Suisse. Ceci comprend notamment les prestations de service dans les domaines de l\u2019obtention [&hellip;]<\/p>\n","protected":false},"author":3,"featured_media":412,"parent":579,"menu_order":3,"comment_status":"closed","ping_status":"closed","template":"","meta":{"_acf_changed":false,"_seopress_robots_primary_cat":"","_seopress_titles_title":"","_seopress_titles_desc":"","_seopress_robots_index":"","footnotes":""},"class_list":["post-567","page","type-page","status-publish","has-post-thumbnail","hentry"],"acf":[],"_links":{"self":[{"href":"https:\/\/mandaris.com\/fr\/wp-json\/wp\/v2\/pages\/567","targetHints":{"allow":["GET"]}}],"collection":[{"href":"https:\/\/mandaris.com\/fr\/wp-json\/wp\/v2\/pages"}],"about":[{"href":"https:\/\/mandaris.com\/fr\/wp-json\/wp\/v2\/types\/page"}],"author":[{"embeddable":true,"href":"https:\/\/mandaris.com\/fr\/wp-json\/wp\/v2\/users\/3"}],"replies":[{"embeddable":true,"href":"https:\/\/mandaris.com\/fr\/wp-json\/wp\/v2\/comments?post=567"}],"version-history":[{"count":4,"href":"https:\/\/mandaris.com\/fr\/wp-json\/wp\/v2\/pages\/567\/revisions"}],"predecessor-version":[{"id":2896,"href":"https:\/\/mandaris.com\/fr\/wp-json\/wp\/v2\/pages\/567\/revisions\/2896"}],"up":[{"embeddable":true,"href":"https:\/\/mandaris.com\/fr\/wp-json\/wp\/v2\/pages\/579"}],"wp:featuredmedia":[{"embeddable":true,"href":"https:\/\/mandaris.com\/fr\/wp-json\/wp\/v2\/media\/412"}],"wp:attachment":[{"href":"https:\/\/mandaris.com\/fr\/wp-json\/wp\/v2\/media?parent=567"}],"curies":[{"name":"wp","href":"https:\/\/api.w.org\/{rel}","templated":true}]}}