{"id":570,"date":"2024-09-05T13:24:32","date_gmt":"2024-09-05T11:24:32","guid":{"rendered":"https:\/\/mandaris.nextron.org\/trusts-und-gesellschaften\/"},"modified":"2024-09-10T11:37:01","modified_gmt":"2024-09-10T09:37:01","slug":"trusts-et-societes","status":"publish","type":"page","link":"https:\/\/mandaris.com\/fr\/services\/trusts-et-societes\/","title":{"rendered":"Trusts et Soci\u00e9t\u00e9s"},"content":{"rendered":"\n<h2 class=\"wp-block-heading\">Nous assumons la responsabilit\u00e9 de votre entreprise<\/h2>\n\n\n\n<p>Notre \u00e9quipe sp\u00e9cialis\u00e9e dans la gestion compl\u00e8te de soci\u00e9t\u00e9s et de trusts travaille en \u00e9troite collaboration avec notre d\u00e9partement fiscal et juridique ainsi qu&#8217;avec&nbsp;nos experts comptables&nbsp;et vous accompagne lors de la cr\u00e9ation de trusts et de soci\u00e9t\u00e9s en Suisse et \u00e0 l\u2019\u00e9tranger. Notre \u00e9quipe assure \u00e9galement la gestion courante et le respect des conditions relevant du droit des soci\u00e9t\u00e9s, du droit fiscal et de la gestion des entreprises. Du fait de nos longues ann\u00e9es d\u2019exp\u00e9rience et de notre connaissance du droit des soci\u00e9t\u00e9s, nous sommes familiaris\u00e9s avec les exigences d\u2019entreprises de tailles ou de provenance les plus divers.&nbsp;Nous assumons des mandats de membres du conseil d\u2019administration et de fondation et de domiciliation de soci\u00e9t\u00e9s. Nous agissons \u00e9galement en tant qu\u2019administrateurs de biens ou de liquidateurs et contribuons aux r\u00e9ussites en tant que m\u00e9diateurs. Nous proposons en outre des prestations de service de trustee et de co-trustee et vous soutenons dans toutes les questions juridiques relevant des domaines des trusts, des \u00abprotectorships\u00bb et des fondations.<\/p>\n\n\n\n<h5 class=\"wp-block-heading\">Votre contact&nbsp;pour trusts:<\/h5>\n\n\n\n<p><a href=\"mailto:trust@mandaris.com\">trust@mandaris.com<\/a><\/p>\n\n\n\n<h5 class=\"wp-block-heading\">Votre contact pour soci\u00e9t\u00e9s:<\/h5>\n\n\n\n<p><a href=\"mailto:corporate@mandaris.com\">corporate@mandaris.com<\/a><\/p>\n","protected":false},"excerpt":{"rendered":"<p>Nous assumons la responsabilit\u00e9 de votre entreprise Notre \u00e9quipe sp\u00e9cialis\u00e9e dans la gestion compl\u00e8te de soci\u00e9t\u00e9s et de trusts travaille en \u00e9troite collaboration avec notre d\u00e9partement fiscal et juridique ainsi qu&#8217;avec&nbsp;nos experts comptables&nbsp;et vous accompagne lors de la cr\u00e9ation de trusts et de soci\u00e9t\u00e9s en Suisse et \u00e0 l\u2019\u00e9tranger. Notre \u00e9quipe assure \u00e9galement la gestion [&hellip;]<\/p>\n","protected":false},"author":3,"featured_media":406,"parent":579,"menu_order":42,"comment_status":"closed","ping_status":"closed","template":"","meta":{"_acf_changed":false,"_seopress_robots_primary_cat":"","_seopress_titles_title":"","_seopress_titles_desc":"","_seopress_robots_index":"","footnotes":""},"class_list":["post-570","page","type-page","status-publish","has-post-thumbnail","hentry"],"acf":[],"_links":{"self":[{"href":"https:\/\/mandaris.com\/fr\/wp-json\/wp\/v2\/pages\/570","targetHints":{"allow":["GET"]}}],"collection":[{"href":"https:\/\/mandaris.com\/fr\/wp-json\/wp\/v2\/pages"}],"about":[{"href":"https:\/\/mandaris.com\/fr\/wp-json\/wp\/v2\/types\/page"}],"author":[{"embeddable":true,"href":"https:\/\/mandaris.com\/fr\/wp-json\/wp\/v2\/users\/3"}],"replies":[{"embeddable":true,"href":"https:\/\/mandaris.com\/fr\/wp-json\/wp\/v2\/comments?post=570"}],"version-history":[{"count":3,"href":"https:\/\/mandaris.com\/fr\/wp-json\/wp\/v2\/pages\/570\/revisions"}],"predecessor-version":[{"id":860,"href":"https:\/\/mandaris.com\/fr\/wp-json\/wp\/v2\/pages\/570\/revisions\/860"}],"up":[{"embeddable":true,"href":"https:\/\/mandaris.com\/fr\/wp-json\/wp\/v2\/pages\/579"}],"wp:featuredmedia":[{"embeddable":true,"href":"https:\/\/mandaris.com\/fr\/wp-json\/wp\/v2\/media\/406"}],"wp:attachment":[{"href":"https:\/\/mandaris.com\/fr\/wp-json\/wp\/v2\/media?parent=570"}],"curies":[{"name":"wp","href":"https:\/\/api.w.org\/{rel}","templated":true}]}}