{"id":573,"date":"2024-09-05T13:23:08","date_gmt":"2024-09-05T11:23:08","guid":{"rendered":"https:\/\/mandaris.nextron.org\/treuhand-und-rechnungswesen\/"},"modified":"2024-09-10T11:35:05","modified_gmt":"2024-09-10T09:35:05","slug":"service-fiduciaire-et-comptabilite","status":"publish","type":"page","link":"https:\/\/mandaris.com\/fr\/services\/service-fiduciaire-et-comptabilite\/","title":{"rendered":"Service Fiduciaire et Comptabilit\u00e9"},"content":{"rendered":"\n<h2 class=\"wp-block-heading\">Un parfait contr\u00f4le de vos finances<\/h2>\n\n\n\n<p>Nos dipl\u00f4m\u00e9s en gestion et nos experts en comptabilit\u00e9 prennent en charge la comptabilit\u00e9 selon les normes comptables suisses et internationales (par ex. la comptabilit\u00e9 selon le nouveau droit comptable suisse incluant les avocats, le PGR Liechtenstein, Swiss GAAP FER, IFRS, IFRS pour PME, Trust Accounting) relatives aux entreprises et aux personnes physiques ou aux familles dans les pays les plus divers. Nous tenons votre comptabilit\u00e9 financi\u00e8re, celle de vos immobilisations et celle de vos titres n\u00e9gociables. Nous vous accompagnons au moment de la consolidation et r\u00e9alisons la gestion et la comptabilisation des salaires de vos employ\u00e9s. Nous pouvons adapter notre logiciel selon les besoins individuels des clients. Nous vous soutenons dans l\u2019\u00e9valuation d\u2019entreprises et leurs&nbsp;participations ainsi que dans l&#8217;estimation de prix d\u2019achat dans le cadre d\u2019une Due Diligence. Nos juristes et dipl\u00f4m\u00e9s en gestion clarifient les questions en rapport avec le conseil d\u2019entreprise et traitent des questions \u00e9conomiques ou financi\u00e8res&nbsp;ainsi que celles relatives \u00e0 la&nbsp;planification de successions dans votre entreprise. Par ailleurs, nous prenons en charge les mandats d\u2019administrateurs et de membres des conseils de fondation ainsi que la domiciliation des soci\u00e9t\u00e9s (incluant les bureaux, les prestations de communication t\u00e9l\u00e9phonique et d\u2019accueil).<\/p>\n\n\n\n<h5 class=\"wp-block-heading\">Votre contact pour&nbsp;le service fiduciaire&nbsp;et comptabilit\u00e9:<\/h5>\n\n\n\n<p><a href=\"mailto:accounting@mandaris.com\">accounting@mandaris.com<\/a><\/p>\n","protected":false},"excerpt":{"rendered":"<p>Un parfait contr\u00f4le de vos finances Nos dipl\u00f4m\u00e9s en gestion et nos experts en comptabilit\u00e9 prennent en charge la comptabilit\u00e9 selon les normes comptables suisses et internationales (par ex. la comptabilit\u00e9 selon le nouveau droit comptable suisse incluant les avocats, le PGR Liechtenstein, Swiss GAAP FER, IFRS, IFRS pour PME, Trust Accounting) relatives aux entreprises [&hellip;]<\/p>\n","protected":false},"author":3,"featured_media":409,"parent":579,"menu_order":41,"comment_status":"closed","ping_status":"closed","template":"","meta":{"_acf_changed":false,"_seopress_robots_primary_cat":"","_seopress_titles_title":"","_seopress_titles_desc":"","_seopress_robots_index":"","footnotes":""},"class_list":["post-573","page","type-page","status-publish","has-post-thumbnail","hentry"],"acf":[],"_links":{"self":[{"href":"https:\/\/mandaris.com\/fr\/wp-json\/wp\/v2\/pages\/573","targetHints":{"allow":["GET"]}}],"collection":[{"href":"https:\/\/mandaris.com\/fr\/wp-json\/wp\/v2\/pages"}],"about":[{"href":"https:\/\/mandaris.com\/fr\/wp-json\/wp\/v2\/types\/page"}],"author":[{"embeddable":true,"href":"https:\/\/mandaris.com\/fr\/wp-json\/wp\/v2\/users\/3"}],"replies":[{"embeddable":true,"href":"https:\/\/mandaris.com\/fr\/wp-json\/wp\/v2\/comments?post=573"}],"version-history":[{"count":3,"href":"https:\/\/mandaris.com\/fr\/wp-json\/wp\/v2\/pages\/573\/revisions"}],"predecessor-version":[{"id":858,"href":"https:\/\/mandaris.com\/fr\/wp-json\/wp\/v2\/pages\/573\/revisions\/858"}],"up":[{"embeddable":true,"href":"https:\/\/mandaris.com\/fr\/wp-json\/wp\/v2\/pages\/579"}],"wp:featuredmedia":[{"embeddable":true,"href":"https:\/\/mandaris.com\/fr\/wp-json\/wp\/v2\/media\/409"}],"wp:attachment":[{"href":"https:\/\/mandaris.com\/fr\/wp-json\/wp\/v2\/media?parent=573"}],"curies":[{"name":"wp","href":"https:\/\/api.w.org\/{rel}","templated":true}]}}