{"id":576,"date":"2024-09-05T13:22:03","date_gmt":"2024-09-05T11:22:03","guid":{"rendered":"https:\/\/mandaris.nextron.org\/rechts-und-steuerberatung\/"},"modified":"2026-02-27T17:11:42","modified_gmt":"2026-02-27T15:11:42","slug":"conseil-fiscal-et-juridique","status":"publish","type":"page","link":"https:\/\/mandaris.com\/fr\/services\/conseil-fiscal-et-juridique\/","title":{"rendered":"Conseil Fiscal et Juridique"},"content":{"rendered":"\n<h2 class=\"wp-block-heading\">Pour que vous vous sentiez en toute s\u00e9curit\u00e9<\/h2>\n\n\n\n<h3 class=\"wp-block-heading\">Conseil Juridique<\/h3>\n\n\n\n<p>Nos avocats et juristes mettent leurs connaissances av\u00e9r\u00e9es dans les domaines les plus divers \u00e0 votre service. Nous sommes sp\u00e9cialis\u00e9s dans&nbsp;les questions de droit familial, de droit matrimonial et de droit successoral, tout comme la planification des h\u00e9ritages et des successions, les donations et les ex\u00e9cutions testamentaires. Nous vous accompagnons \u00e9galement au niveau du r\u00e9gime juridique national et international des soci\u00e9t\u00e9s, du droit contractuel ainsi que du droit priv\u00e9 international. Ceci inclut les questions juridiques en mati\u00e8re de stipulation de contrats de soci\u00e9t\u00e9, de contrats liant les actionnaires ainsi que de contrats de travail pour les employ\u00e9s, les membres de la direction et les expatri\u00e9s. Nous coop\u00e9rons avec vos conseillers juridiques \u00e9trangers dans le domaine complexe du droit \u00e9conomique international. Nous vous conseillons dans la transformation de la forme sociale d\u2018entreprises, les fusions et les&nbsp;reprises de soci\u00e9t\u00e9s (due diligence juridique inclue), les redressements financiers, les liquidations et les transferts de si\u00e8ges en Suisse et \u00e0 l\u2019\u00e9tranger. Nous vous conseillons en outre dans les questions de r\u00e9glementation et de conformit\u00e9 du march\u00e9 financier, et vous repr\u00e9sentons dans les proc\u00e9dures extra-judiciaires (repr\u00e9sentation dans le cadre de proc\u00e8s uniquement dans le cas de proc\u00e9dures fiscales).<\/p>\n\n\n\n<h5 class=\"wp-block-heading\">Votre contact pour conseil juridique:<\/h5>\n\n\n\n<p><a href=\"mailto:info@mandaris.com\">info@mandaris.com<\/a><\/p>\n\n\n\n<h3 class=\"wp-block-heading\">Conseil Fiscal<\/h3>\n\n\n\n<p>Nos prestations comprennent la pr\u00e9paration de d\u00e9clarations fiscales, de d\u00e9clarations de taxes sur la valeur ajout\u00e9e et calculs d\u2019imp\u00f4ts \u00e0 la source ainsi que de demandes de remboursement. Nos experts chevronn\u00e9s vous conseillent dans les questions fiscales suisses et internationales et vous assistent dans&nbsp;la planification et l\u2019optimisation dans le domaine des imp\u00f4ts directs et indirects ou des charges sociales. Nos comp\u00e9tences cl\u00e9s incluent \u00e9galement les r\u00e9ponses aux questions li\u00e9es aux transferts de patrimoine, aux fusions et aux acquisitions (due diligence fiscale inclue), aux restructurations, aux externalisations,&nbsp;aux redressements financiers, \u00e0&nbsp;l\u2019\u00e9laboration de plans d&#8217;interessement ainsi que dans les transactions immobili\u00e8res. En cas de besoin, nous vous soutenons aussi dans la pr\u00e9paration d\u2019oppositions et de recours et nous vous repr\u00e9sentons devant les administrations fiscales et de justice fiscale.<\/p>\n\n\n\n<h5 class=\"wp-block-heading\">Votre contact&nbsp;pour conseil fiscal:<\/h5>\n\n\n\n<p><a href=\"mailto:tax@mandaris.com\">info@mandaris.com<\/a><\/p>\n","protected":false},"excerpt":{"rendered":"<p>Pour que vous vous sentiez en toute s\u00e9curit\u00e9 Conseil Juridique Nos avocats et juristes mettent leurs connaissances av\u00e9r\u00e9es dans les domaines les plus divers \u00e0 votre service. Nous sommes sp\u00e9cialis\u00e9s dans&nbsp;les questions de droit familial, de droit matrimonial et de droit successoral, tout comme la planification des h\u00e9ritages et des successions, les donations et les [&hellip;]<\/p>\n","protected":false},"author":3,"featured_media":403,"parent":579,"menu_order":2,"comment_status":"closed","ping_status":"closed","template":"","meta":{"_acf_changed":false,"_seopress_robots_primary_cat":"","_seopress_titles_title":"","_seopress_titles_desc":"","_seopress_robots_index":"","footnotes":""},"class_list":["post-576","page","type-page","status-publish","has-post-thumbnail","hentry"],"acf":[],"_links":{"self":[{"href":"https:\/\/mandaris.com\/fr\/wp-json\/wp\/v2\/pages\/576","targetHints":{"allow":["GET"]}}],"collection":[{"href":"https:\/\/mandaris.com\/fr\/wp-json\/wp\/v2\/pages"}],"about":[{"href":"https:\/\/mandaris.com\/fr\/wp-json\/wp\/v2\/types\/page"}],"author":[{"embeddable":true,"href":"https:\/\/mandaris.com\/fr\/wp-json\/wp\/v2\/users\/3"}],"replies":[{"embeddable":true,"href":"https:\/\/mandaris.com\/fr\/wp-json\/wp\/v2\/comments?post=576"}],"version-history":[{"count":4,"href":"https:\/\/mandaris.com\/fr\/wp-json\/wp\/v2\/pages\/576\/revisions"}],"predecessor-version":[{"id":2903,"href":"https:\/\/mandaris.com\/fr\/wp-json\/wp\/v2\/pages\/576\/revisions\/2903"}],"up":[{"embeddable":true,"href":"https:\/\/mandaris.com\/fr\/wp-json\/wp\/v2\/pages\/579"}],"wp:featuredmedia":[{"embeddable":true,"href":"https:\/\/mandaris.com\/fr\/wp-json\/wp\/v2\/media\/403"}],"wp:attachment":[{"href":"https:\/\/mandaris.com\/fr\/wp-json\/wp\/v2\/media?parent=576"}],"curies":[{"name":"wp","href":"https:\/\/api.w.org\/{rel}","templated":true}]}}