{"id":579,"date":"2024-09-05T13:20:29","date_gmt":"2024-09-05T11:20:29","guid":{"rendered":"https:\/\/mandaris.nextron.org\/dienstleistungen\/"},"modified":"2024-09-12T11:46:15","modified_gmt":"2024-09-12T09:46:15","slug":"services","status":"publish","type":"page","link":"https:\/\/mandaris.com\/fr\/services\/","title":{"rendered":"Services"},"content":{"rendered":"\n<h2 class=\"wp-block-heading\">Des sp\u00e9cialistes soucieux d\u2019une vue d\u2019ensemble<\/h2>\n\n\n\n<h3 class=\"wp-block-heading\">Prestations compl\u00e8tes pour les entreprises et les particuliers<\/h3>\n\n\n\n<p>Mandaris est une soci\u00e9t\u00e9 fiduciaire et de conseil nationale et internationale qui accompagne des entreprises et des personnes priv\u00e9es en Suisse et \u00e0 l\u2019\u00e9tranger. Notre offre s\u2019\u00e9tend, dans ce cadre, du\u00a0<a href=\"https:\/\/mandaris.com\/fr\/services\/conseil-fiscal-et-juridique\/\" data-type=\"page\" data-id=\"576\">conseil juridique et fiscal<\/a>,\u00a0aux prestations de\u00a0<a href=\"https:\/\/mandaris.com\/fr\/services\/service-fiduciaire-et-comptabilite\/\" data-type=\"page\" data-id=\"573\">service fiduciaire et de comptabilit\u00e9<\/a>, au conseil de clients priv\u00e9s en passant par les\u00a0<a href=\"https:\/\/mandaris.com\/fr\/services\/trusts-et-societes\/\" data-type=\"page\" data-id=\"570\">services fiduciaires et de gestion de soci\u00e9t\u00e9s<\/a>\u00a0jusqu\u2019aux solutions de financement.<\/p>\n\n\n\n<h3 class=\"wp-block-heading\">De bonnes raisons d\u2019obtenir de bons r\u00e9sultats<\/h3>\n\n\n\n<p>Nous accordons une tr\u00e8s grande importance \u00e0 la transparence de la facturation et \u00e0 l\u2019activit\u00e9 d\u2019administration. En outre, des structures effectives, des voies de d\u00e9cision courtes et la v\u00e9rification permanente de notre efficacit\u00e9 profite au rapport qualit\u00e9-prix. C\u2019est ainsi que Mandaris peut&nbsp;r\u00e9pondre aux besoins individuels du client avec&nbsp;une attention toute&nbsp;particuli\u00e8re, et lui proposer un large \u00e9ventail de prestations&nbsp;de services qui respectent la l\u00e9gislation&nbsp;et&nbsp;les r\u00e8gles sp\u00e9cifiques aux&nbsp;branches d&#8217;activit\u00e9s. &nbsp;<\/p>\n","protected":false},"excerpt":{"rendered":"<p>Des sp\u00e9cialistes soucieux d\u2019une vue d\u2019ensemble Prestations compl\u00e8tes pour les entreprises et les particuliers Mandaris est une soci\u00e9t\u00e9 fiduciaire et de conseil nationale et internationale qui accompagne des entreprises et des personnes priv\u00e9es en Suisse et \u00e0 l\u2019\u00e9tranger. Notre offre s\u2019\u00e9tend, dans ce cadre, du\u00a0conseil juridique et fiscal,\u00a0aux prestations de\u00a0service fiduciaire et de comptabilit\u00e9, au [&hellip;]<\/p>\n","protected":false},"author":3,"featured_media":403,"parent":0,"menu_order":38,"comment_status":"closed","ping_status":"closed","template":"","meta":{"_acf_changed":false,"_seopress_robots_primary_cat":"","_seopress_titles_title":"","_seopress_titles_desc":"","_seopress_robots_index":"","footnotes":""},"class_list":["post-579","page","type-page","status-publish","has-post-thumbnail","hentry"],"acf":[],"_links":{"self":[{"href":"https:\/\/mandaris.com\/fr\/wp-json\/wp\/v2\/pages\/579","targetHints":{"allow":["GET"]}}],"collection":[{"href":"https:\/\/mandaris.com\/fr\/wp-json\/wp\/v2\/pages"}],"about":[{"href":"https:\/\/mandaris.com\/fr\/wp-json\/wp\/v2\/types\/page"}],"author":[{"embeddable":true,"href":"https:\/\/mandaris.com\/fr\/wp-json\/wp\/v2\/users\/3"}],"replies":[{"embeddable":true,"href":"https:\/\/mandaris.com\/fr\/wp-json\/wp\/v2\/comments?post=579"}],"version-history":[{"count":6,"href":"https:\/\/mandaris.com\/fr\/wp-json\/wp\/v2\/pages\/579\/revisions"}],"predecessor-version":[{"id":1794,"href":"https:\/\/mandaris.com\/fr\/wp-json\/wp\/v2\/pages\/579\/revisions\/1794"}],"wp:featuredmedia":[{"embeddable":true,"href":"https:\/\/mandaris.com\/fr\/wp-json\/wp\/v2\/media\/403"}],"wp:attachment":[{"href":"https:\/\/mandaris.com\/fr\/wp-json\/wp\/v2\/media?parent=579"}],"curies":[{"name":"wp","href":"https:\/\/api.w.org\/{rel}","templated":true}]}}