{"id":588,"date":"2024-09-05T11:48:04","date_gmt":"2024-09-05T09:48:04","guid":{"rendered":"https:\/\/mandaris.nextron.org\/zurich\/"},"modified":"2024-09-11T12:58:49","modified_gmt":"2024-09-11T10:58:49","slug":"zuerich","status":"publish","type":"page","link":"https:\/\/mandaris.com\/fr\/contact\/zuerich\/","title":{"rendered":"Z\u00fcrich"},"content":{"rendered":"\n<p><strong>Mandaris SA<\/strong><br>Selnaustrasse 3<br>CH-8001 Z\u00fcrich<br>T\u00e9l. +41 43 344 33 55<br><a href=\"mailto:info@mandaris.com\">info@mandaris.com<\/a><\/p>\n\n\n\n<p><a href=\"\/wp-content\/uploads\/2024\/09\/Anfahrtsplan-zur-Mandaris-Zuerich-FR.pdf\" target=\"_blank\" rel=\"noreferrer noopener\">Plan d&#8217;acc\u00e8s<\/a><\/p>\n\n\n\n<iframe loading=\"lazy\" allowfullscreen=\"\" aria-hidden=\"false\" frameborder=\"0\" height=\"350\" src=\"https:\/\/www.google.com\/maps\/embed?pb=!1m18!1m12!1m3!1d2702.16269621752!2d8.531017651654387!3d47.369742979067496!2m3!1f0!2f0!3f0!3m2!1i1024!2i768!4f13.1!3m3!1m2!1s0x47900a03b32f8c57%3A0x80be3b817a4a4bd3!2sSelnaustrasse%203%2C%208001%20Z%C3%BCrich!5e0!3m2!1sen!2sch!4v1593598143238!5m2!1sen!2sch\" style=\"border:0;\" tabindex=\"0\" width=\"100%\"><\/iframe>\n\n\n\n<p><\/p>\n","protected":false},"excerpt":{"rendered":"<p>Mandaris SASelnaustrasse 3CH-8001 Z\u00fcrichT\u00e9l. +41 43 344 33 55info@mandaris.com Plan d&#8217;acc\u00e8s<\/p>\n","protected":false},"author":3,"featured_media":403,"parent":594,"menu_order":31,"comment_status":"closed","ping_status":"closed","template":"","meta":{"_acf_changed":false,"_seopress_robots_primary_cat":"","_seopress_titles_title":"","_seopress_titles_desc":"","_seopress_robots_index":"","footnotes":""},"class_list":["post-588","page","type-page","status-publish","has-post-thumbnail","hentry"],"acf":[],"_links":{"self":[{"href":"https:\/\/mandaris.com\/fr\/wp-json\/wp\/v2\/pages\/588","targetHints":{"allow":["GET"]}}],"collection":[{"href":"https:\/\/mandaris.com\/fr\/wp-json\/wp\/v2\/pages"}],"about":[{"href":"https:\/\/mandaris.com\/fr\/wp-json\/wp\/v2\/types\/page"}],"author":[{"embeddable":true,"href":"https:\/\/mandaris.com\/fr\/wp-json\/wp\/v2\/users\/3"}],"replies":[{"embeddable":true,"href":"https:\/\/mandaris.com\/fr\/wp-json\/wp\/v2\/comments?post=588"}],"version-history":[{"count":3,"href":"https:\/\/mandaris.com\/fr\/wp-json\/wp\/v2\/pages\/588\/revisions"}],"predecessor-version":[{"id":1363,"href":"https:\/\/mandaris.com\/fr\/wp-json\/wp\/v2\/pages\/588\/revisions\/1363"}],"up":[{"embeddable":true,"href":"https:\/\/mandaris.com\/fr\/wp-json\/wp\/v2\/pages\/594"}],"wp:featuredmedia":[{"embeddable":true,"href":"https:\/\/mandaris.com\/fr\/wp-json\/wp\/v2\/media\/403"}],"wp:attachment":[{"href":"https:\/\/mandaris.com\/fr\/wp-json\/wp\/v2\/media?parent=588"}],"curies":[{"name":"wp","href":"https:\/\/api.w.org\/{rel}","templated":true}]}}