{"id":591,"date":"2024-09-05T11:44:17","date_gmt":"2024-09-05T09:44:17","guid":{"rendered":"https:\/\/mandaris.nextron.org\/bazel\/"},"modified":"2024-09-11T12:55:51","modified_gmt":"2024-09-11T10:55:51","slug":"bale","status":"publish","type":"page","link":"https:\/\/mandaris.com\/fr\/contact\/bale\/","title":{"rendered":"B\u00e2le"},"content":{"rendered":"\n<p><strong>Mandaris SA<\/strong><br>St. Alban-Anlage 46<br>CH-4052 B\u00e2le<br>T\u00e9l. +41 61 285 17 17<br><a href=\"mailto:info@mandaris.com\">info@mandaris.com<\/a><\/p>\n\n\n\n<p><a href=\"\/wp-content\/uploads\/2024\/09\/Anfahrtsplan-zur-Mandaris-FR.pdf\" target=\"_blank\" rel=\"noreferrer noopener\">Plan d&#8217;acc\u00e8s<\/a><\/p>\n\n\n\n<iframe src=\"https:\/\/www.google.com\/maps\/embed?pb=!1m18!1m12!1m3!1d2692.80056341537!2d7.598271576811061!3d47.55221019173128!2m3!1f0!2f0!3f0!3m2!1i1024!2i768!4f13.1!3m3!1m2!1s0x4791b9ac9b031b13%3A0x58888a7019dd4076!2sMandaris%20Ltd.!5e0!3m2!1sen!2sua!4v1725539165346!5m2!1sen!2sua\" width=\"576\" height=\"350\" style=\"border:0;\" allowfullscreen=\"\" loading=\"lazy\" referrerpolicy=\"no-referrer-when-downgrade\"><\/iframe>\n\n\n\n<p><\/p>\n","protected":false},"excerpt":{"rendered":"<p>Mandaris SASt. Alban-Anlage 46CH-4052 B\u00e2leT\u00e9l. +41 61 285 17 17info@mandaris.com Plan d&#8217;acc\u00e8s<\/p>\n","protected":false},"author":3,"featured_media":403,"parent":594,"menu_order":28,"comment_status":"closed","ping_status":"closed","template":"","meta":{"_acf_changed":false,"_seopress_robots_primary_cat":"","_seopress_titles_title":"","_seopress_titles_desc":"","_seopress_robots_index":"","footnotes":""},"class_list":["post-591","page","type-page","status-publish","has-post-thumbnail","hentry"],"acf":[],"_links":{"self":[{"href":"https:\/\/mandaris.com\/fr\/wp-json\/wp\/v2\/pages\/591","targetHints":{"allow":["GET"]}}],"collection":[{"href":"https:\/\/mandaris.com\/fr\/wp-json\/wp\/v2\/pages"}],"about":[{"href":"https:\/\/mandaris.com\/fr\/wp-json\/wp\/v2\/types\/page"}],"author":[{"embeddable":true,"href":"https:\/\/mandaris.com\/fr\/wp-json\/wp\/v2\/users\/3"}],"replies":[{"embeddable":true,"href":"https:\/\/mandaris.com\/fr\/wp-json\/wp\/v2\/comments?post=591"}],"version-history":[{"count":3,"href":"https:\/\/mandaris.com\/fr\/wp-json\/wp\/v2\/pages\/591\/revisions"}],"predecessor-version":[{"id":1383,"href":"https:\/\/mandaris.com\/fr\/wp-json\/wp\/v2\/pages\/591\/revisions\/1383"}],"up":[{"embeddable":true,"href":"https:\/\/mandaris.com\/fr\/wp-json\/wp\/v2\/pages\/594"}],"wp:featuredmedia":[{"embeddable":true,"href":"https:\/\/mandaris.com\/fr\/wp-json\/wp\/v2\/media\/403"}],"wp:attachment":[{"href":"https:\/\/mandaris.com\/fr\/wp-json\/wp\/v2\/media?parent=591"}],"curies":[{"name":"wp","href":"https:\/\/api.w.org\/{rel}","templated":true}]}}