{"id":701,"date":"2024-09-05T08:07:31","date_gmt":"2024-09-05T06:07:31","guid":{"rendered":"https:\/\/mandaris.nextron.org\/mandaris-leitsatz\/"},"modified":"2024-09-10T16:16:28","modified_gmt":"2024-09-10T14:16:28","slug":"principe-directeur-de-mandaris","status":"publish","type":"page","link":"https:\/\/mandaris.com\/fr\/portrait\/principe-directeur-de-mandaris\/","title":{"rendered":"Principe directeur de Mandaris"},"content":{"rendered":"\n<p>Qualit\u00e9, comp\u00e9tence, efficacit\u00e9 et amabilit\u00e9 envers le client<\/p>\n\n\n\n<ul class=\"wp-block-list\">\n<li>Les d\u00e9lais et les dates sont respect\u00e9s: &#8220;Do it once, do it right \u2013 no excuses.&#8221;<\/li>\n\n\n\n<li>Les clients, tout autant que les coll\u00e8gues de travail, sont en droit d\u2019attendre de la r\u00e9activit\u00e9: &#8220;Le monde appartient \u00e0 ceux qui se levent t\u00f4t.&#8221;<\/li>\n\n\n\n<li>Nous sommes toujours joignables.<\/li>\n\n\n\n<li>Nous am\u00e9liorons en continu la qualit\u00e9 de nos prestations et travaillons sur nos points faibles: &#8220;Losers think about why something cannot be done. Winners think about how to get something\u00a0done.&#8221;<\/li>\n<\/ul>\n\n\n\n<p>L\u2019int\u00e9r\u00eat du client passe avant tout et nous travaillons sans rel\u00e2che \u00e0 le satisfaire.<\/p>\n\n\n\n<p>Int\u00e9grit\u00e9, loyaut\u00e9 et respect mutuel.<\/p>\n","protected":false},"excerpt":{"rendered":"<p>Qualit\u00e9, comp\u00e9tence, efficacit\u00e9 et amabilit\u00e9 envers le client L\u2019int\u00e9r\u00eat du client passe avant tout et nous travaillons sans rel\u00e2che \u00e0 le satisfaire. Int\u00e9grit\u00e9, loyaut\u00e9 et respect mutuel.<\/p>\n","protected":false},"author":3,"featured_media":412,"parent":759,"menu_order":18,"comment_status":"closed","ping_status":"closed","template":"","meta":{"_acf_changed":false,"_seopress_robots_primary_cat":"","_seopress_titles_title":"","_seopress_titles_desc":"","_seopress_robots_index":"","footnotes":""},"class_list":["post-701","page","type-page","status-publish","has-post-thumbnail","hentry"],"acf":[],"_links":{"self":[{"href":"https:\/\/mandaris.com\/fr\/wp-json\/wp\/v2\/pages\/701","targetHints":{"allow":["GET"]}}],"collection":[{"href":"https:\/\/mandaris.com\/fr\/wp-json\/wp\/v2\/pages"}],"about":[{"href":"https:\/\/mandaris.com\/fr\/wp-json\/wp\/v2\/types\/page"}],"author":[{"embeddable":true,"href":"https:\/\/mandaris.com\/fr\/wp-json\/wp\/v2\/users\/3"}],"replies":[{"embeddable":true,"href":"https:\/\/mandaris.com\/fr\/wp-json\/wp\/v2\/comments?post=701"}],"version-history":[{"count":2,"href":"https:\/\/mandaris.com\/fr\/wp-json\/wp\/v2\/pages\/701\/revisions"}],"predecessor-version":[{"id":967,"href":"https:\/\/mandaris.com\/fr\/wp-json\/wp\/v2\/pages\/701\/revisions\/967"}],"up":[{"embeddable":true,"href":"https:\/\/mandaris.com\/fr\/wp-json\/wp\/v2\/pages\/759"}],"wp:featuredmedia":[{"embeddable":true,"href":"https:\/\/mandaris.com\/fr\/wp-json\/wp\/v2\/media\/412"}],"wp:attachment":[{"href":"https:\/\/mandaris.com\/fr\/wp-json\/wp\/v2\/media?parent=701"}],"curies":[{"name":"wp","href":"https:\/\/api.w.org\/{rel}","templated":true}]}}