{"id":753,"date":"2024-09-05T08:04:42","date_gmt":"2024-09-05T06:04:42","guid":{"rendered":"https:\/\/mandaris.nextron.org\/fakten\/"},"modified":"2024-09-10T16:28:05","modified_gmt":"2024-09-10T14:28:05","slug":"resultats","status":"publish","type":"page","link":"https:\/\/mandaris.com\/fr\/portrait\/resultats\/","title":{"rendered":"Resultats"},"content":{"rendered":"\n<h3 class=\"wp-block-heading\">Nos r\u00e9sultats parlent d\u2019eux-m\u00eames<\/h3>\n\n\n\n<p>Mandaris \u2013 anciennement Experta \u2013 est l\u2019une des plus anciennes soci\u00e9t\u00e9s fiduciaires et de conseil suisses op\u00e9rant \u00e0 l\u2019\u00e9chelle internationale. En franchissant le pas de l\u2019ind\u00e9pendance, elle s\u2019est arm\u00e9e au mieux pour l\u2019avenir. Les membres du Comit\u00e9 de Direction ont repris la soci\u00e9t\u00e9 anonyme dans le cadre d\u2019un management buyout et l\u2019ont repositionn\u00e9e en mai 2010. Fond\u00e9e en 1933 \u00e0 Z\u00fcrich, notre entreprise cr\u00e9e aujourd\u2019hui, sur les trois sites de B\u00e2le, Zurich et Zug, des plus-values innovantes pour des clients exigeants venus de Suisse ou de l\u2019\u00e9tranger.<\/p>\n\n\n\n<h3 class=\"wp-block-heading\">Traditionnellement tourn\u00e9e vers l\u2019avenir<\/h3>\n\n\n\n<p>Depuis sa fondation en 1933, notre soci\u00e9t\u00e9 purement fiduciaire s\u2019est transform\u00e9e en une entreprise de conseil \u00e0 part enti\u00e8re orient\u00e9e \u00e0 l\u2019international. Nous avons toujours veill\u00e9 \u00e0 d\u00e9celer les \u00e9volutions et les opportunit\u00e9s \u2013 ce qui nous a&nbsp;permis de nouvelles coop\u00e9rations, de nouveaux champs d\u2019activit\u00e9s et de nouveaux march\u00e9s. Nous avons, par ailleurs, repens\u00e9 fondamentalement la strat\u00e9gie et la structure de notre entreprise pour l\u2019adapter aux conditions changeantes du march\u00e9 \u2013 un d\u00e9fi que nous relevons en permanence. Aujourd\u2019hui, Mandaris est positionn\u00e9e au mieux pour s\u2019affirmer dans un environnement commercial qui \u00e9volue constamment. Cela, afin de pouvoir accompagner nos clients avec fiabilit\u00e9 et souplesse vers un avenir plein d\u2019enjeux, \u00e0 l\u2019aide d\u2019une culture d\u2019entreprise bien m\u00fbrie et de principes commerciaux \u00e9prouv\u00e9s.<\/p>\n","protected":false},"excerpt":{"rendered":"<p>Nos r\u00e9sultats parlent d\u2019eux-m\u00eames Mandaris \u2013 anciennement Experta \u2013 est l\u2019une des plus anciennes soci\u00e9t\u00e9s fiduciaires et de conseil suisses op\u00e9rant \u00e0 l\u2019\u00e9chelle internationale. En franchissant le pas de l\u2019ind\u00e9pendance, elle s\u2019est arm\u00e9e au mieux pour l\u2019avenir. Les membres du Comit\u00e9 de Direction ont repris la soci\u00e9t\u00e9 anonyme dans le cadre d\u2019un management buyout et [&hellip;]<\/p>\n","protected":false},"author":3,"featured_media":409,"parent":759,"menu_order":19,"comment_status":"closed","ping_status":"closed","template":"","meta":{"_acf_changed":false,"_seopress_robots_primary_cat":"","_seopress_titles_title":"","_seopress_titles_desc":"","_seopress_robots_index":"","footnotes":""},"class_list":["post-753","page","type-page","status-publish","has-post-thumbnail","hentry"],"acf":[],"_links":{"self":[{"href":"https:\/\/mandaris.com\/fr\/wp-json\/wp\/v2\/pages\/753","targetHints":{"allow":["GET"]}}],"collection":[{"href":"https:\/\/mandaris.com\/fr\/wp-json\/wp\/v2\/pages"}],"about":[{"href":"https:\/\/mandaris.com\/fr\/wp-json\/wp\/v2\/types\/page"}],"author":[{"embeddable":true,"href":"https:\/\/mandaris.com\/fr\/wp-json\/wp\/v2\/users\/3"}],"replies":[{"embeddable":true,"href":"https:\/\/mandaris.com\/fr\/wp-json\/wp\/v2\/comments?post=753"}],"version-history":[{"count":3,"href":"https:\/\/mandaris.com\/fr\/wp-json\/wp\/v2\/pages\/753\/revisions"}],"predecessor-version":[{"id":975,"href":"https:\/\/mandaris.com\/fr\/wp-json\/wp\/v2\/pages\/753\/revisions\/975"}],"up":[{"embeddable":true,"href":"https:\/\/mandaris.com\/fr\/wp-json\/wp\/v2\/pages\/759"}],"wp:featuredmedia":[{"embeddable":true,"href":"https:\/\/mandaris.com\/fr\/wp-json\/wp\/v2\/media\/409"}],"wp:attachment":[{"href":"https:\/\/mandaris.com\/fr\/wp-json\/wp\/v2\/media?parent=753"}],"curies":[{"name":"wp","href":"https:\/\/api.w.org\/{rel}","templated":true}]}}