{"id":756,"date":"2024-09-05T07:47:08","date_gmt":"2024-09-05T05:47:08","guid":{"rendered":"https:\/\/mandaris.nextron.org\/von-mensch-zu-mensch\/"},"modified":"2024-09-10T16:01:37","modified_gmt":"2024-09-10T14:01:37","slug":"strategie","status":"publish","type":"page","link":"https:\/\/mandaris.com\/fr\/portrait\/strategie\/","title":{"rendered":"Strat\u00e9gie"},"content":{"rendered":"\n<h2 class=\"wp-block-heading\">Vous \u00eates unique<\/h2>\n\n\n\n<p>Depuis la fondation de notre entreprise, en 1933, nos clients nous renouvellent r\u00e9guli\u00e8rement leur confiance. Nous pla\u00e7ons vos exigences au centre de nos pr\u00e9occupations et privil\u00e9gions le dialogue. C\u2019est la seule mani\u00e8re d\u2019apprendre \u00e0 vous conna\u00eetre,&nbsp;de vous comprendre et surtout de vous appr\u00e9cier \u00e0 votre juste valeur. De notre collaboration active r\u00e9sultera l\u2019\u00e9laboration de solutions innovantes de haute qualit\u00e9, taill\u00e9es sur mesure et profitables durablement aux particuliers, aux entrepreneurs et aux entreprises, tant en Suisse qu\u2019\u00e0 l\u2019\u00e9tranger.<\/p>\n\n\n\n<p>Nous vous garantissons un partenariat global, qui m\u00e9rite votre confiance. Chez nous, vous pouvez toujours compter sur une \u00e9quipe de sp\u00e9cialistes compos\u00e9e selon vos besoins, et ce dans les domaines sp\u00e9cialis\u00e9s les plus divers. Chez nous, l\u2019esprit d\u2019\u00e9quipe est bien r\u00e9el. Nous aspirons \u00e0 une communication ouverte, ainsi qu\u2019\u00e0 une collaboration \u00e9quitable avec nos partenaires commerciaux, les autorit\u00e9s et les m\u00e9dias.<\/p>\n\n\n\n<p>Pour mener \u00e0 bien nos activit\u00e9s quotidiennes, nous nous appuyons sur des contr\u00f4les de qualit\u00e9 r\u00e9guliers et respectons pleinement la l\u00e9gislation et&nbsp; les r\u00e9glementations sp\u00e9cifiques aux diff\u00e9rentes branches d&#8217;activit\u00e9.<\/p>\n\n\n\n<p><\/p>\n","protected":false},"excerpt":{"rendered":"<p>Vous \u00eates unique Depuis la fondation de notre entreprise, en 1933, nos clients nous renouvellent r\u00e9guli\u00e8rement leur confiance. Nous pla\u00e7ons vos exigences au centre de nos pr\u00e9occupations et privil\u00e9gions le dialogue. C\u2019est la seule mani\u00e8re d\u2019apprendre \u00e0 vous conna\u00eetre,&nbsp;de vous comprendre et surtout de vous appr\u00e9cier \u00e0 votre juste valeur. De notre collaboration active r\u00e9sultera [&hellip;]<\/p>\n","protected":false},"author":3,"featured_media":406,"parent":759,"menu_order":20,"comment_status":"closed","ping_status":"closed","template":"","meta":{"_acf_changed":false,"_seopress_robots_primary_cat":"","_seopress_titles_title":"","_seopress_titles_desc":"","_seopress_robots_index":"","footnotes":""},"class_list":["post-756","page","type-page","status-publish","has-post-thumbnail","hentry"],"acf":[],"_links":{"self":[{"href":"https:\/\/mandaris.com\/fr\/wp-json\/wp\/v2\/pages\/756","targetHints":{"allow":["GET"]}}],"collection":[{"href":"https:\/\/mandaris.com\/fr\/wp-json\/wp\/v2\/pages"}],"about":[{"href":"https:\/\/mandaris.com\/fr\/wp-json\/wp\/v2\/types\/page"}],"author":[{"embeddable":true,"href":"https:\/\/mandaris.com\/fr\/wp-json\/wp\/v2\/users\/3"}],"replies":[{"embeddable":true,"href":"https:\/\/mandaris.com\/fr\/wp-json\/wp\/v2\/comments?post=756"}],"version-history":[{"count":1,"href":"https:\/\/mandaris.com\/fr\/wp-json\/wp\/v2\/pages\/756\/revisions"}],"predecessor-version":[{"id":952,"href":"https:\/\/mandaris.com\/fr\/wp-json\/wp\/v2\/pages\/756\/revisions\/952"}],"up":[{"embeddable":true,"href":"https:\/\/mandaris.com\/fr\/wp-json\/wp\/v2\/pages\/759"}],"wp:featuredmedia":[{"embeddable":true,"href":"https:\/\/mandaris.com\/fr\/wp-json\/wp\/v2\/media\/406"}],"wp:attachment":[{"href":"https:\/\/mandaris.com\/fr\/wp-json\/wp\/v2\/media?parent=756"}],"curies":[{"name":"wp","href":"https:\/\/api.w.org\/{rel}","templated":true}]}}